{"id":887,"date":"2023-04-14T16:27:00","date_gmt":"2023-04-14T20:27:00","guid":{"rendered":"https:\/\/cibsint.ufms.br\/?page_id=887"},"modified":"2024-04-03T17:47:53","modified_gmt":"2024-04-03T21:47:53","slug":"equipamentos-multiusuarios","status":"publish","type":"page","link":"https:\/\/cibsint.ufms.br\/en\/servicos\/equipamentos-multiusuarios\/","title":{"rendered":"Equipamentos Multiusu\u00e1rios"},"content":{"rendered":"<p><img fetchpriority=\"high\" decoding=\"async\" class=\"aligncenter wp-image-397 size-full\" src=\"https:\/\/cibsint.ufms.br\/files\/2022\/06\/UFMS-1024x682-1.jpg\" alt=\"\" width=\"1024\" height=\"682\" srcset=\"https:\/\/cibsint.ufms.br\/files\/2022\/06\/UFMS-1024x682-1.jpg 1024w, https:\/\/cibsint.ufms.br\/files\/2022\/06\/UFMS-1024x682-1-300x200.jpg 300w, https:\/\/cibsint.ufms.br\/files\/2022\/06\/UFMS-1024x682-1-768x512.jpg 768w, https:\/\/cibsint.ufms.br\/files\/2022\/06\/UFMS-1024x682-1-480x320.jpg 480w, https:\/\/cibsint.ufms.br\/files\/2022\/06\/UFMS-1024x682-1-350x233.jpg 350w\" sizes=\"(max-width: 1024px) 100vw, 1024px\" \/><\/p>\n<p style=\"text-align: justify\">O <strong>CIBSint<\/strong> \u00e9 um centro de pesquisa composto por v\u00e1rias unidades laboratoriais, equipadas com os mais modernos equipamentos para a realiza\u00e7\u00e3o de pesquisas nas \u00e1reas de atua\u00e7\u00e3o dos seus pesquisadores. \u00c9 fundamental ressaltar que esse centro de pesquisa, em conjunto com a institui\u00e7\u00e3o, adota uma pol\u00edtica de colabora\u00e7\u00e3o interinstitucional, com o objetivo de otimizar as condi\u00e7\u00f5es de trabalho e fomentar o desenvolvimento da pesquisa. Assim, os pesquisadores prontamente compartilham a sua infraestrutura f\u00edsica, permitindo um ambiente colaborativo e prop\u00edcio para a gera\u00e7\u00e3o de novos conhecimentos.<\/p>\n<hr \/>\n<h3 class=\"entry-title\">Normas de Funcionamento<\/h3>\n<p>Or\u00e7amentos e solicita\u00e7\u00f5es de uso de euqipamentos do CIBSINT ser\u00e3o processados atrav\u00e9s do <strong>servi\u00e7o de solicita\u00e7\u00e3o de utiliza\u00e7\u00e3o <\/strong>da Plataforma Nacional de Infraestrutura de Pesquisa MCTI (PNIPE-MCTI). Toda a comunica\u00e7\u00e3o entre o usu\u00e1rio e a equipe t\u00e9cnica de um determinado equipamento come\u00e7ar\u00e1 a partir desta plataforma.<\/p>\n<p>O Formul\u00e1rio de<strong> solicita\u00e7\u00e3o de uso<\/strong> est\u00e1 dispon\u00edvel na <strong><a href=\"https:\/\/pnipe.mcti.gov.br\/laboratory\/5210\" target=\"_blank\" rel=\"noopener\">Plataforma Nacional de Infraestrutura de Pesquisa MCTI (PNIPE-MCTI)<\/a>.<\/strong><\/p>\n<p style=\"text-align: justify\">As amostras enviadas ser\u00e3o devidamente registradas com um n\u00famero atribu\u00eddo pelo Formul\u00e1rio de Servi\u00e7o e analisadas por ordem de recebimento. A progress\u00e3o das an\u00e1lises ser\u00e1 comunicada pela equipe t\u00e9cnica atrav\u00e9s do e-mail associado ao Formul\u00e1rio de Servi\u00e7o, incluindo tamb\u00e9m uma estimativa para a conclus\u00e3o do servi\u00e7o.<\/p>\n<hr \/>\n<p><span style=\"text-align: justify\">Os equipamentos multiusu\u00e1rios do CIBSint s\u00e3o geridos por um\u00a0<\/span><a style=\"text-align: justify\" href=\"https:\/\/cibsint.ufms.br\/sobre-o-cibsint\/comite_executivo\/coordenacao-de-equipamentos-multiusarios\/\">Comit\u00ea Gestor. Clique aqui para ler o regimento do CIBSINT MULTIUSU\u00c1RIO<\/a><\/p>\n<hr \/>\n<h4>Contato<\/h4>\n<p>E-mail:\u00a0<em>cibsint.cnm@gmail.com<\/em><\/p>\n","protected":false},"excerpt":{"rendered":"<p>O CIBSint \u00e9 um centro de pesquisa composto por v\u00e1rias unidades laboratoriais, equipadas com os mais modernos equipamentos para a realiza\u00e7\u00e3o de pesquisas nas \u00e1reas de atua\u00e7\u00e3o dos seus pesquisadores. \u00c9 fundamental ressaltar que esse centro de pesquisa, em conjunto com a institui\u00e7\u00e3o, adota uma pol\u00edtica de colabora\u00e7\u00e3o interinstitucional, com o objetivo de otimizar as [&hellip;]<\/p>\n","protected":false},"author":126,"featured_media":0,"parent":796,"menu_order":0,"comment_status":"closed","ping_status":"closed","template":"page-templates\/full-width.php","meta":{"_acf_changed":false,"ngg_post_thumbnail":0,"footnotes":""},"coauthors":[],"class_list":["post-887","page","type-page","status-publish","hentry"],"acf":[],"_links":{"self":[{"href":"https:\/\/cibsint.ufms.br\/en\/wp-json\/wp\/v2\/pages\/887","targetHints":{"allow":["GET"]}}],"collection":[{"href":"https:\/\/cibsint.ufms.br\/en\/wp-json\/wp\/v2\/pages"}],"about":[{"href":"https:\/\/cibsint.ufms.br\/en\/wp-json\/wp\/v2\/types\/page"}],"author":[{"embeddable":true,"href":"https:\/\/cibsint.ufms.br\/en\/wp-json\/wp\/v2\/users\/126"}],"replies":[{"embeddable":true,"href":"https:\/\/cibsint.ufms.br\/en\/wp-json\/wp\/v2\/comments?post=887"}],"version-history":[{"count":15,"href":"https:\/\/cibsint.ufms.br\/en\/wp-json\/wp\/v2\/pages\/887\/revisions"}],"predecessor-version":[{"id":1063,"href":"https:\/\/cibsint.ufms.br\/en\/wp-json\/wp\/v2\/pages\/887\/revisions\/1063"}],"up":[{"embeddable":true,"href":"https:\/\/cibsint.ufms.br\/en\/wp-json\/wp\/v2\/pages\/796"}],"wp:attachment":[{"href":"https:\/\/cibsint.ufms.br\/en\/wp-json\/wp\/v2\/media?parent=887"}],"wp:term":[{"taxonomy":"author","embeddable":true,"href":"https:\/\/cibsint.ufms.br\/en\/wp-json\/wp\/v2\/coauthors?post=887"}],"curies":[{"name":"wp","href":"https:\/\/api.w.org\/{rel}","templated":true}]}}