{"id":876,"date":"2023-04-14T16:14:53","date_gmt":"2023-04-14T20:14:53","guid":{"rendered":"https:\/\/cibsint.ufms.br\/?page_id=876"},"modified":"2024-04-03T17:47:15","modified_gmt":"2024-04-03T21:47:15","slug":"prestacao-de-servicos","status":"publish","type":"page","link":"https:\/\/cibsint.ufms.br\/en\/servicos\/prestacao-de-servicos\/","title":{"rendered":"Presta\u00e7\u00e3o de Servi\u00e7os"},"content":{"rendered":"<p><img fetchpriority=\"high\" decoding=\"async\" class=\"aligncenter wp-image-708\" src=\"https:\/\/cibsint.ufms.br\/files\/2023\/02\/glass-tube-scaled.jpg\" alt=\"\" width=\"1024\" height=\"683\" srcset=\"https:\/\/cibsint.ufms.br\/files\/2023\/02\/glass-tube-scaled.jpg 2560w, https:\/\/cibsint.ufms.br\/files\/2023\/02\/glass-tube-300x200.jpg 300w, https:\/\/cibsint.ufms.br\/files\/2023\/02\/glass-tube-1024x683.jpg 1024w, https:\/\/cibsint.ufms.br\/files\/2023\/02\/glass-tube-768x512.jpg 768w, https:\/\/cibsint.ufms.br\/files\/2023\/02\/glass-tube-1536x1024.jpg 1536w, https:\/\/cibsint.ufms.br\/files\/2023\/02\/glass-tube-2048x1365.jpg 2048w, https:\/\/cibsint.ufms.br\/files\/2023\/02\/glass-tube-480x320.jpg 480w, https:\/\/cibsint.ufms.br\/files\/2023\/02\/glass-tube-350x233.jpg 350w\" sizes=\"(max-width: 1024px) 100vw, 1024px\" \/><\/p>\n<hr \/>\n<h2><strong><span style=\"font-size: 16px\">O CIBSint pode prestar os seguintes servi\u00e7os:<\/span><\/strong><\/h2>\n<ul>\n<li>An\u00e1lise em cromatografia gasosa e espectrometria de massas &#8211; CG\/MS<\/li>\n<li>Polarimetria<\/li>\n<li><span style=\"font-weight: 400\">Desenvolvimento de m\u00e9todos anal\u00edticos para doseamento de f\u00e1rmacos empregando cromatografia l\u00edquida de alta efici\u00eancia (CLAE)\u00a0<\/span><\/li>\n<li><span style=\"font-weight: 400\">Dosagem de prote\u00ednas totais<\/span><\/li>\n<li><span style=\"font-weight: 400\">Dosagem de inibidores de prote\u00ednas<\/span><\/li>\n<li><span style=\"font-weight: 400\">Cromatografia por an\u00e1lise de pureza<\/span><\/li>\n<li><span style=\"font-weight: 400\">Eletroforese unidimensional<\/span><\/li>\n<li><span style=\"font-weight: 400\">An\u00e1lise de amostra por uHPLC e SDS-PAGE<\/span><\/li>\n<li><span style=\"font-weight: 400\">An\u00e1lise de NH terminal de prote\u00ednas e pept\u00eddeos<\/span><\/li>\n<li><span style=\"font-weight: 400\">Liofiliza\u00e7\u00e3o de material<\/span><\/li>\n<li><span style=\"font-weight: 400\">Di\u00e1lise de amostras para retirada de sais<\/span><\/li>\n<li><span style=\"font-weight: 400\">PCR e PCR real time<\/span><\/li>\n<li><span style=\"font-weight: 400\">Purifica\u00e7\u00e3o de prote\u00ednas (gel de filtra\u00e7\u00e3o, troca i\u00f4nica, HPLC)<\/span><\/li>\n<li><span style=\"font-weight: 400\">S\u00edntese de pept\u00eddeos<\/span><\/li>\n<li><span style=\"font-weight: 400\">Dicro\u00edsmo circular<\/span><\/li>\n<li><span style=\"font-weight: 400\">Ensaios de citotoxicidade celular<\/span><\/li>\n<li><span style=\"font-weight: 400\">Docking molecular e modelagem molecular<\/span><\/li>\n<li><span style=\"font-weight: 400\">Espectrometria de massas de baixa resolu\u00e7\u00e3o inser\u00e7\u00e3o direta (Full Scan)<\/span><\/li>\n<li><span style=\"font-weight: 400\">Espectrometria de massas de baixa resolu\u00e7\u00e3o com separa\u00e7\u00e3o via cromat\u00f3grafo a g\u00e1s<\/span><\/li>\n<li><span style=\"font-weight: 400\">Quantifica\u00e7\u00e3o de subst\u00e2ncia CG-EM<\/span><\/li>\n<li><span style=\"font-weight: 400\">Quantifica\u00e7\u00e3o de subst\u00e2ncia LC-DAD<\/span><\/li>\n<li><span style=\"font-weight: 400\">Perfil cromatogr\u00e1fico de amostras CG-EM<\/span><\/li>\n<li><span style=\"font-weight: 400\">Perfil cromatogr\u00e1fico de amostras LC-DAD<\/span><\/li>\n<li><span style=\"font-weight: 400\">An\u00e1lise quantitativa de substancias por CG-EM<\/span><\/li>\n<li><span style=\"font-weight: 400\">An\u00e1lise quantitativa de substancias por LC-DAD<\/span><\/li>\n<li><span style=\"font-weight: 400\">Desenvolvimento de m\u00e9todos anal\u00edticos para separa\u00e7\u00e3o de enanti\u00f4meros empregando LC-DAD<\/span><\/li>\n<li><span style=\"font-weight: 400\">Desenvolvimento de m\u00e9todos anal\u00edticos para separa\u00e7\u00e3o de enanti\u00f4meros empregando CG-EM<\/span><\/li>\n<li><span style=\"font-weight: 400\">Desenvolvimento de m\u00e9todos anal\u00edticos para separa\u00e7\u00e3o e isolamento de compostos org\u00e2nicos empregando LC-DAD preparativa<\/span><\/li>\n<li><span style=\"font-weight: 400\">Processos Qu\u00edmicos e S\u00edntese <\/span><i><span style=\"font-weight: 400\">On-demand<\/span><\/i><\/li>\n<li>Rea\u00e7\u00f5es microondas, ultrassom e fluxo cont\u00ednuo<\/li>\n<li><span style=\"font-weight: 400\">Biorreator automatizado 10 L &#8211; Desenvolvimento de diversos produtos obtidos atrav\u00e9s de fermenta\u00e7\u00e3o<\/span><\/li>\n<li>Estudos de aumento de escala em reatores de alta tecnologia<\/li>\n<li><span style=\"font-weight: 400\">FTIR ATR<\/span><\/li>\n<li><span style=\"font-weight: 400\">FTIR Transmiss\u00e3o Pastilha KBr<\/span><\/li>\n<li><span style=\"font-weight: 400\">Fluoresc\u00eancia (Espectros de Emiss\u00e3o ou Excita\u00e7\u00e3o)<\/span><\/li>\n<li><span style=\"font-weight: 400\">Fluoresc\u00eancia (Tempo de Vida)<\/span><\/li>\n<li><span style=\"font-weight: 400\">Fluoresc\u00eancia (Mapas 3D &#8211; Excita\u00e7\u00e3o\/Emiss\u00e3o)<\/span><\/li>\n<li><span style=\"font-weight: 400\">LIBS<\/span><\/li>\n<li><span style=\"font-weight: 400\">Absor\u00e7\u00e3o UV-Vis<\/span><\/li>\n<li><span style=\"font-weight: 400\">Raman<\/span><\/li>\n<li><span style=\"font-weight: 400\">Espectr\u00f4metro de Absor\u00e7\u00e3o at\u00f4mica (AAS)<\/span><\/li>\n<li><span style=\"font-weight: 400\">Microscopia eletr\u00f4nica MEV<\/span><\/li>\n<li><span style=\"font-weight: 400\">Microscopia de For\u00e7a At\u00f4mica<\/span><\/li>\n<\/ul>\n<hr \/>\n<h3 class=\"entry-title\">Normas de Funcionamento<\/h3>\n<p>O acesso aos servi\u00e7os ser\u00e1 assegurado a todos os interessados.<\/p>\n<p>Or\u00e7amentos e solicita\u00e7\u00f5es de servi\u00e7os do CIBSINT ser\u00e3o processados atrav\u00e9s do <strong>servi\u00e7o de solicita\u00e7\u00e3o de utiliza\u00e7\u00e3o\u00a0<\/strong>da Plataforma Nacional de Infraestrutura de Pesquisa MCTI (PNIPE-MCTI). Toda a comunica\u00e7\u00e3o entre o usu\u00e1rio e a equipe t\u00e9cnica de um determinado equipamento ser\u00e1 feita atrav\u00e9s desta plataforma.<\/p>\n<p>O Formul\u00e1rio de<strong> solicita\u00e7\u00e3o <\/strong>de<strong>\u00a0servi\u00e7os<\/strong>\u00a0est\u00e1 dispon\u00edvel na\u00a0<strong><a href=\"https:\/\/pnipe.mcti.gov.br\/laboratory\/5210\" target=\"_blank\" rel=\"noopener\">Plataforma Nacional de Infraestrutura de Pesquisa MCTI (PNIPE-MCTI)<\/a>.<\/strong><\/p>\n<p>As amostras enviadas ser\u00e3o devidamente registradas com um n\u00famero atribu\u00eddo pelo Formul\u00e1rio de Servi\u00e7o e analisadas por ordem de recebimento. A progress\u00e3o das an\u00e1lises ser\u00e1 comunicada pela equipe t\u00e9cnica atrav\u00e9s do e-mail associado ao Formul\u00e1rio de Servi\u00e7o, incluindo tamb\u00e9m uma estimativa para a conclus\u00e3o do servi\u00e7o.<\/p>\n<hr \/>\n<p>Os equipamentos multiusu\u00e1rios do CIBSint s\u00e3o geridos por um\u00a0<a href=\"https:\/\/cibsint.ufms.br\/sobre-o-cibsint\/comite_executivo\/coordenacao-de-equipamentos-multiusarios\/\">Comit\u00ea Gestor. Clique aqui para ler o regimento do CIBSINT MULTIUSU\u00c1RIO<\/a><\/p>\n<hr \/>\n<h3>Contato<\/h3>\n<p><strong>Contato:<\/strong> c<em>ibsint.cnm@gmail.com<\/em><\/p>\n","protected":false},"excerpt":{"rendered":"<p>O CIBSint pode prestar os seguintes servi\u00e7os: An\u00e1lise em cromatografia gasosa e espectrometria de massas &#8211; CG\/MS Polarimetria Desenvolvimento de m\u00e9todos anal\u00edticos para doseamento de f\u00e1rmacos empregando cromatografia l\u00edquida de alta efici\u00eancia (CLAE)\u00a0 Dosagem de prote\u00ednas totais Dosagem de inibidores de prote\u00ednas Cromatografia por an\u00e1lise de pureza Eletroforese unidimensional An\u00e1lise de amostra por uHPLC e [&hellip;]<\/p>\n","protected":false},"author":126,"featured_media":0,"parent":796,"menu_order":0,"comment_status":"closed","ping_status":"closed","template":"page-templates\/full-width.php","meta":{"_acf_changed":false,"ngg_post_thumbnail":0,"footnotes":""},"coauthors":[],"class_list":["post-876","page","type-page","status-publish","hentry"],"acf":[],"_links":{"self":[{"href":"https:\/\/cibsint.ufms.br\/en\/wp-json\/wp\/v2\/pages\/876","targetHints":{"allow":["GET"]}}],"collection":[{"href":"https:\/\/cibsint.ufms.br\/en\/wp-json\/wp\/v2\/pages"}],"about":[{"href":"https:\/\/cibsint.ufms.br\/en\/wp-json\/wp\/v2\/types\/page"}],"author":[{"embeddable":true,"href":"https:\/\/cibsint.ufms.br\/en\/wp-json\/wp\/v2\/users\/126"}],"replies":[{"embeddable":true,"href":"https:\/\/cibsint.ufms.br\/en\/wp-json\/wp\/v2\/comments?post=876"}],"version-history":[{"count":13,"href":"https:\/\/cibsint.ufms.br\/en\/wp-json\/wp\/v2\/pages\/876\/revisions"}],"predecessor-version":[{"id":1062,"href":"https:\/\/cibsint.ufms.br\/en\/wp-json\/wp\/v2\/pages\/876\/revisions\/1062"}],"up":[{"embeddable":true,"href":"https:\/\/cibsint.ufms.br\/en\/wp-json\/wp\/v2\/pages\/796"}],"wp:attachment":[{"href":"https:\/\/cibsint.ufms.br\/en\/wp-json\/wp\/v2\/media?parent=876"}],"wp:term":[{"taxonomy":"author","embeddable":true,"href":"https:\/\/cibsint.ufms.br\/en\/wp-json\/wp\/v2\/coauthors?post=876"}],"curies":[{"name":"wp","href":"https:\/\/api.w.org\/{rel}","templated":true}]}}