{"id":820,"date":"2023-03-24T10:57:03","date_gmt":"2023-03-24T14:57:03","guid":{"rendered":"https:\/\/cibsint.ufms.br\/?page_id=820"},"modified":"2024-04-29T10:33:10","modified_gmt":"2024-04-29T14:33:10","slug":"coordenacao-de-equipamentos-multiusarios","status":"publish","type":"page","link":"https:\/\/cibsint.ufms.br\/en\/sobre-o-cibsint\/comite_executivo\/coordenacao-de-equipamentos-multiusarios\/","title":{"rendered":"Coordena\u00e7\u00e3o de Equipamentos Multius\u00e1rios"},"content":{"rendered":"<h3><u>COMIT\u00ca GESTOR<\/u><\/h3>\n<h4>Integrantes<\/h4>\n<ul>\n<li>Prof. Dr. Adilson Beatriz (Presidente)<\/li>\n<li>Profa. Dra. Maria Ligia Rodrigues Macedo (Vice-Presidente)<\/li>\n<li>Prof. Dr. D\u00eanis Pires de Lima<\/li>\n<li>Prof. Dr. Edson Anjos dos Anjos<\/li>\n<li>Profa.\u00a0 Dra. Ana Camila Micheletti<\/li>\n<\/ul>\n<p style=\"text-align: justify\">O Comit\u00ea Gestor de Equipamentos Multiusu\u00e1rios de Pesquisa da CIBSint-UFMS \u00e9 uma inst\u00e2ncia consultiva que visa a dar assessoramento \u00e0s atividades de gest\u00e3o de equipamentos multiusu\u00e1rios dos laborat\u00f3rios do CIBSint, observando a legisla\u00e7\u00e3o vigente, bem como as normatiza\u00e7\u00f5es internas.<\/p>\n<hr \/>\n<h4><strong>REGIMENTO CIBSINT MULTIUSU\u00c1RIO<\/strong><\/h4>\n<p style=\"text-align: justify\"><strong>CENTRO DE PESQUISA E INOVA\u00c7\u00c3O EM BIOPROSPEC\u00c7\u00c3O E S\u00cdNTESE DE PRODUTOS PARA A SA\u00daDE HUMANA E ANIMAL (CIBSINT)<\/strong><\/p>\n<p style=\"text-align: justify\">Artigo 1\u00ba &#8211; O Centro de Pesquisa e Inova\u00e7\u00e3o em Bioprospec\u00e7\u00e3o e S\u00edntese de Produtos para a Sa\u00fade Humana e Animal (CIBSINT), localizado na Universidade Federal de Mato Grosso do Sul, constitui-se como uma infraestrutura dedicada \u00e0 promo\u00e7\u00e3o da pesquisa, abrangendo uma variedade de equipamentos e prestando servi\u00e7os aos utilizadores. Estes servi\u00e7os s\u00e3o conduzidos por profissionais especializados, visando a maximiza\u00e7\u00e3o da utiliza\u00e7\u00e3o eficiente dos referidos equipamentos.<\/p>\n<p style=\"text-align: justify\">Artigo 2\u00ba \u2013 Os equipamentos considerados multiusu\u00e1rios que fazem parte do Centro de Pesquisa e Inova\u00e7\u00e3o em Bioprospec\u00e7\u00e3o e S\u00edntese de Produtos para a Sa\u00fade Humana e Animal (CIBSINT) est\u00e3o listados na \u00a0<a href=\"https:\/\/pnipe.mcti.gov.br\/laboratory\/5210\">Plataforma Nacional de Infraestrutura de Pesquisa MCTI (PNIPE-MCTI)<\/a>.<\/p>\n<p style=\"text-align: justify\">Artigo 3\u00ba \u2013 A Coordena\u00e7\u00e3o de Equipamentos Multius\u00e1rios do CIBSINT est\u00e1 estruturada da seguinte forma:<\/p>\n<p style=\"text-align: justify\">I \u2013 Comit\u00ea Gestor<\/p>\n<p style=\"text-align: justify\">Artigo 4\u00ba \u2013 O Comit\u00ea Gestor tem a seguinte composi\u00e7\u00e3o:<\/p>\n<p>I \u2013 Presidente;<\/p>\n<p>II \u2013 Vice-Presidente;<\/p>\n<p>III \u2013 no m\u00ednimo, um respons\u00e1vel por um dado equipamento ou um conjunto deles e respectivo suplente.<br \/>\n\u00a7 1\u00ba \u2013 O Presidente e o Vice-Presidente do Comit\u00ea Gestor devem ser docentes ativos, sendo os demais membros docentes ativos ou servidores t\u00e9cnicos ou administrativos.<br \/>\n\u00a7 2\u00ba \u2013 Os membros do Comit\u00ea Gestor ser\u00e3o aprovados pelo comit\u00ea executivo do CIBSINT, com mandato de 4 (quatro) anos, permitidas recondu\u00e7\u00f5es.<br \/>\n\u00a7 3\u00ba \u2013 O Vice-Presidente substituir\u00e1 o Presidente em suas faltas e impedimentos e suced\u00ea-lo-\u00e1 em caso de vac\u00e2ncia, devendo-se realizar, nesta \u00faltima hip\u00f3tese, escolha exclusiva para a fun\u00e7\u00e3o de Vice-Presidente, que apenas completar\u00e1 o mandato em curso.<br \/>\n\u00a7 4\u00ba \u2013 Em caso de vac\u00e2ncia apenas da fun\u00e7\u00e3o de Vice-Presidente, o Comit\u00ea Gestor indicar\u00e1 ao Comit\u00ea Executivo do centro ou \u00f3rg\u00e3o equivalente um novo Vice-Presidente, que completar\u00e1 o mandato em curso.<br \/>\n\u00a7 5\u00ba \u2013 No caso de vac\u00e2ncia simult\u00e2nea das fun\u00e7\u00f5es de Presidente e Vice-Presidente, o Coordenador Geral do CIBSINT assumir\u00e1 temporariamente as fun\u00e7\u00f5es de Presidente e, no prazo m\u00e1ximo de 30 dias, tomar\u00e1 provid\u00eancias para indica\u00e7\u00e3o de nomes para essas fun\u00e7\u00f5es, que ser\u00e3o exercidas pelos novos escolhidos pelo Comit\u00ea Executivo com mandato integral.<br \/>\n\u00a7 6\u00ba \u2013 Na vac\u00e2ncia de membro do Comit\u00ea Gestor ou de seu suplente, caber\u00e1 ao Comit\u00ea Gestor a indica\u00e7\u00e3o de novo nome, no prazo de 30 dias, para aprova\u00e7\u00e3o pelo pelo Comit\u00ea Executivo.<br \/>\n\u00a7 7\u00ba &#8211; O Comit\u00ea Excutivo do CIBSINT \u00e9 composto pelos coordenadores das seguintes coordena\u00e7\u00f5es:<br \/>\nI &#8211;\u00a0 Coordena\u00e7\u00e3o geral<br \/>\nII &#8211; Coordena\u00e7\u00e3o de Inova\u00e7\u00e3o e Transfer\u00eancia de Tecnologia<br \/>\nIII &#8211;\u00a0Coordena\u00e7\u00e3o de Equipamentos Multiusu\u00e1rios<br \/>\nIV &#8211; Coordena\u00e7\u00e3o de Educa\u00e7\u00e3o e Difus\u00e3o da CT&amp;I<\/p>\n<p>Artigo 5\u00ba \u2013 S\u00e3o compet\u00eancias do Comit\u00ea Gestor:<br \/>\nI \u2013 Gerir o sistema aberto multiusu\u00e1rio;<br \/>\nII \u2013 Administrar o website do CIBSINT multiusu\u00e1rio;<br \/>\nIII &#8211; Elaborar e submeter as normas de uso do equipamento multiusu\u00e1rio, assim como a planilha de custos para a utiliza\u00e7\u00e3o do equipamento pela comunidade externa.<br \/>\nIV \u2013 supervisionar a garantia de acesso de forma igualit\u00e1ria e sem prioriza\u00e7\u00e3o aos servi\u00e7os e equipamentos multiusu\u00e1rios;<br \/>\nV \u2013 Aprovar as solicita\u00e7\u00f5es para utiliza\u00e7\u00e3o do equipamento pela comunidade externa;<br \/>\nVI \u2013 garantir a otimiza\u00e7\u00e3o e manuten\u00e7\u00e3o dos equipamentos do CIBSINT multiusu\u00e1rio;<br \/>\nVII \u2013 decidir sobre o procedimento de manuten\u00e7\u00e3o e conserto dos equipamentos, definindo crit\u00e9rios e prioridades na utiliza\u00e7\u00e3o das receitas;<br \/>\nVIII \u2013 propiciar consultoria e apoio t\u00e9cnico aos pesquisadores para o uso dos servi\u00e7os;<br \/>\nIX \u2013 avaliar solicita\u00e7\u00f5es de inclus\u00e3o de equipamentos e servi\u00e7os propostos pelas Unidades\/\u00f3rg\u00e3os da Universidade;<br \/>\nX \u2013 apreciar os relat\u00f3rios anuais das atividades do CIBSINT Multiusu\u00e1rio, elaborados pelos respons\u00e1veis pelos equipamentos;<br \/>\nXI \u2013 promover atividades de apoio ao ensino e treinamento t\u00e9cnico nas \u00e1reas de atua\u00e7\u00e3o;<br \/>\nXII \u2013 elaborar projetos multiusu\u00e1rios e de manuten\u00e7\u00e3o de equipamentos, a serem submetidos \u00e0s ag\u00eancias de fomento<\/p>\n<hr \/>\n<h4>Contato<\/h4>\n<p>E-mail: <em>cibsint.cnm@gmail.com<\/em><\/p>\n","protected":false},"excerpt":{"rendered":"<p>COMIT\u00ca GESTOR Integrantes Prof. Dr. Adilson Beatriz (Presidente) Profa. Dra. Maria Ligia Rodrigues Macedo (Vice-Presidente) Prof. Dr. D\u00eanis Pires de Lima Prof. Dr. Edson Anjos dos Anjos Profa.\u00a0 Dra. Ana Camila Micheletti O Comit\u00ea Gestor de Equipamentos Multiusu\u00e1rios de Pesquisa da CIBSint-UFMS \u00e9 uma inst\u00e2ncia consultiva que visa a dar assessoramento \u00e0s atividades de gest\u00e3o [&hellip;]<\/p>\n","protected":false},"author":126,"featured_media":0,"parent":49,"menu_order":0,"comment_status":"closed","ping_status":"closed","template":"","meta":{"_acf_changed":false,"ngg_post_thumbnail":0,"footnotes":""},"coauthors":[],"class_list":["post-820","page","type-page","status-publish","hentry"],"acf":[],"_links":{"self":[{"href":"https:\/\/cibsint.ufms.br\/en\/wp-json\/wp\/v2\/pages\/820","targetHints":{"allow":["GET"]}}],"collection":[{"href":"https:\/\/cibsint.ufms.br\/en\/wp-json\/wp\/v2\/pages"}],"about":[{"href":"https:\/\/cibsint.ufms.br\/en\/wp-json\/wp\/v2\/types\/page"}],"author":[{"embeddable":true,"href":"https:\/\/cibsint.ufms.br\/en\/wp-json\/wp\/v2\/users\/126"}],"replies":[{"embeddable":true,"href":"https:\/\/cibsint.ufms.br\/en\/wp-json\/wp\/v2\/comments?post=820"}],"version-history":[{"count":17,"href":"https:\/\/cibsint.ufms.br\/en\/wp-json\/wp\/v2\/pages\/820\/revisions"}],"predecessor-version":[{"id":1104,"href":"https:\/\/cibsint.ufms.br\/en\/wp-json\/wp\/v2\/pages\/820\/revisions\/1104"}],"up":[{"embeddable":true,"href":"https:\/\/cibsint.ufms.br\/en\/wp-json\/wp\/v2\/pages\/49"}],"wp:attachment":[{"href":"https:\/\/cibsint.ufms.br\/en\/wp-json\/wp\/v2\/media?parent=820"}],"wp:term":[{"taxonomy":"author","embeddable":true,"href":"https:\/\/cibsint.ufms.br\/en\/wp-json\/wp\/v2\/coauthors?post=820"}],"curies":[{"name":"wp","href":"https:\/\/api.w.org\/{rel}","templated":true}]}}