{"id":796,"date":"2023-03-22T09:28:15","date_gmt":"2023-03-22T13:28:15","guid":{"rendered":"https:\/\/cibsint.ufms.br\/?page_id=796"},"modified":"2023-08-23T09:48:30","modified_gmt":"2023-08-23T13:48:30","slug":"servicos","status":"publish","type":"page","link":"https:\/\/cibsint.ufms.br\/en\/servicos\/","title":{"rendered":"CIBSint Multiusu\u00e1rio"},"content":{"rendered":"<h3><img fetchpriority=\"high\" decoding=\"async\" class=\"alignleft wp-image-744 size-medium\" src=\"https:\/\/cibsint.ufms.br\/files\/2023\/02\/flow-300x283.png\" alt=\"\" width=\"300\" height=\"283\" srcset=\"https:\/\/cibsint.ufms.br\/files\/2023\/02\/flow-300x283.png 300w, https:\/\/cibsint.ufms.br\/files\/2023\/02\/flow-1024x964.png 1024w, https:\/\/cibsint.ufms.br\/files\/2023\/02\/flow-768x723.png 768w, https:\/\/cibsint.ufms.br\/files\/2023\/02\/flow-340x320.png 340w, https:\/\/cibsint.ufms.br\/files\/2023\/02\/flow.png 1303w\" sizes=\"(max-width: 300px) 100vw, 300px\" \/><\/h3>\n<p style=\"text-align: justify\">O <strong>CIBSint<\/strong> disp\u00f5e de uma variedade de equipamentos multiusu\u00e1rios que possibilitam a realiza\u00e7\u00e3o de diversos experimentos anal\u00edticos para atender \u00e0s necessidades dos pesquisadores do Centro e de outros grupos de pesquisa da UFMS. Al\u00e9m disso, o CIBSint atende outras demandas, incluindo universidades, institutos de pesquisa e institui\u00e7\u00f5es privadas. Al\u00e9m de apoiar o ensino e a pesquisa, o CIBSint oferece servi\u00e7os externos \u00e0 comunidade acad\u00eamica, aumentando a intera\u00e7\u00e3o com as ind\u00fastrias locais em Campo Grande, Mato Grosso do Sul e outras regi\u00f5es do pa\u00eds.<\/p>\n<p style=\"text-align: justify\">Os equipamentos multiusu\u00e1rios do CIBSint s\u00e3o geridos por um <a href=\"https:\/\/cibsint.ufms.br\/sobre-o-cibsint\/comite_executivo\/coordenacao-de-equipamentos-multiusarios\/\">Comit\u00ea Gestor<\/a>. Cada equipamento e laborat\u00f3rio multiusu\u00e1rio tem um Respons\u00e1vel T\u00e9cnico.<\/p>\n<p>&nbsp;<\/p>\n<hr \/>\n<h3><span style=\"color: #800000\"><em>Clique nos links abaixo para conferir os Servi\u00e7os e os Equipamentos Multiusu\u00e1rios dispon\u00edveis<\/em><\/span><\/h3>\n<table style=\"width: 100%;border-collapse: collapse;background-color: #a51c30;height: 24px\">\n<tbody>\n<tr style=\"height: 24px\">\n<td style=\"width: 50%;border-style: inset;border-color: #1827cc;height: 24px;text-align: center\"><span style=\"font-family: 'arial black', sans-serif\"><a href=\"https:\/\/cibsint.ufms.br\/servicos\/prestacao-de-servicos\/\"><span style=\"color: #ffffff\"><strong>PRESTA\u00c7\u00c3O DE SERVI\u00c7OS<\/strong><\/span><\/a><\/span><\/td>\n<td style=\"width: 50%;height: 24px;border-style: inset;border-color: #1e51c7;text-align: center\"><span style=\"font-family: 'arial black', sans-serif\"><a href=\"https:\/\/cibsint.ufms.br\/servicos\/equipamentos-multiusuarios\/\"><span style=\"color: #ffffff\"><strong>EQUIPAMENTOS MULTIUSU\u00c1RIOS<\/strong><\/span><\/a><\/span><\/td>\n<\/tr>\n<\/tbody>\n<\/table>\n<p>&nbsp;<\/p>\n","protected":false},"excerpt":{"rendered":"<p>O CIBSint disp\u00f5e de uma variedade de equipamentos multiusu\u00e1rios que possibilitam a realiza\u00e7\u00e3o de diversos experimentos anal\u00edticos para atender \u00e0s necessidades dos pesquisadores do Centro e de outros grupos de pesquisa da UFMS. Al\u00e9m disso, o CIBSint atende outras demandas, incluindo universidades, institutos de pesquisa e institui\u00e7\u00f5es privadas. Al\u00e9m de apoiar o ensino e a [&hellip;]<\/p>\n","protected":false},"author":126,"featured_media":0,"parent":0,"menu_order":0,"comment_status":"closed","ping_status":"closed","template":"","meta":{"_acf_changed":false,"ngg_post_thumbnail":0,"footnotes":""},"coauthors":[],"class_list":["post-796","page","type-page","status-publish","hentry"],"acf":[],"_links":{"self":[{"href":"https:\/\/cibsint.ufms.br\/en\/wp-json\/wp\/v2\/pages\/796","targetHints":{"allow":["GET"]}}],"collection":[{"href":"https:\/\/cibsint.ufms.br\/en\/wp-json\/wp\/v2\/pages"}],"about":[{"href":"https:\/\/cibsint.ufms.br\/en\/wp-json\/wp\/v2\/types\/page"}],"author":[{"embeddable":true,"href":"https:\/\/cibsint.ufms.br\/en\/wp-json\/wp\/v2\/users\/126"}],"replies":[{"embeddable":true,"href":"https:\/\/cibsint.ufms.br\/en\/wp-json\/wp\/v2\/comments?post=796"}],"version-history":[{"count":36,"href":"https:\/\/cibsint.ufms.br\/en\/wp-json\/wp\/v2\/pages\/796\/revisions"}],"predecessor-version":[{"id":998,"href":"https:\/\/cibsint.ufms.br\/en\/wp-json\/wp\/v2\/pages\/796\/revisions\/998"}],"wp:attachment":[{"href":"https:\/\/cibsint.ufms.br\/en\/wp-json\/wp\/v2\/media?parent=796"}],"wp:term":[{"taxonomy":"author","embeddable":true,"href":"https:\/\/cibsint.ufms.br\/en\/wp-json\/wp\/v2\/coauthors?post=796"}],"curies":[{"name":"wp","href":"https:\/\/api.w.org\/{rel}","templated":true}]}}