{"id":576,"date":"2022-11-19T08:51:08","date_gmt":"2022-11-19T12:51:08","guid":{"rendered":"https:\/\/cibsint.ufms.br\/?page_id=576"},"modified":"2024-04-03T00:34:23","modified_gmt":"2024-04-03T04:34:23","slug":"clube-de-quimica-organica-da-ufms","status":"publish","type":"page","link":"https:\/\/cibsint.ufms.br\/en\/difusao-e-educacao-cientifica\/clube-de-quimica-organica-da-ufms\/","title":{"rendered":"Clube de Qu\u00edmica Org\u00e2nica da UFMS"},"content":{"rendered":"<p><img fetchpriority=\"high\" decoding=\"async\" class=\"aligncenter wp-image-790 size-large\" src=\"https:\/\/cibsint.ufms.br\/files\/2023\/03\/CQO_Assinatura-Horizontal-Monocromatico-Vermelho-1024x412.jpg\" alt=\"\" width=\"1024\" height=\"412\" srcset=\"https:\/\/cibsint.ufms.br\/files\/2023\/03\/CQO_Assinatura-Horizontal-Monocromatico-Vermelho-1024x412.jpg 1024w, https:\/\/cibsint.ufms.br\/files\/2023\/03\/CQO_Assinatura-Horizontal-Monocromatico-Vermelho-300x121.jpg 300w, https:\/\/cibsint.ufms.br\/files\/2023\/03\/CQO_Assinatura-Horizontal-Monocromatico-Vermelho-768x309.jpg 768w, https:\/\/cibsint.ufms.br\/files\/2023\/03\/CQO_Assinatura-Horizontal-Monocromatico-Vermelho-1536x618.jpg 1536w, https:\/\/cibsint.ufms.br\/files\/2023\/03\/CQO_Assinatura-Horizontal-Monocromatico-Vermelho-2048x824.jpg 2048w, https:\/\/cibsint.ufms.br\/files\/2023\/03\/CQO_Assinatura-Horizontal-Monocromatico-Vermelho-730x294.jpg 730w\" sizes=\"(max-width: 1024px) 100vw, 1024px\" \/><\/p>\n<hr \/>\n<p style=\"text-align: justify\"><img decoding=\"async\" class=\"alignleft wp-image-975 size-medium\" src=\"https:\/\/cibsint.ufms.br\/files\/2023\/07\/IMG_3723-300x201.jpg\" alt=\"\" width=\"300\" height=\"201\" srcset=\"https:\/\/cibsint.ufms.br\/files\/2023\/07\/IMG_3723-300x201.jpg 300w, https:\/\/cibsint.ufms.br\/files\/2023\/07\/IMG_3723-479x320.jpg 479w, https:\/\/cibsint.ufms.br\/files\/2023\/07\/IMG_3723-350x233.jpg 350w, https:\/\/cibsint.ufms.br\/files\/2023\/07\/IMG_3723.jpg 540w\" sizes=\"(max-width: 300px) 100vw, 300px\" \/><strong><span style=\"font-size: 14pt\">Qu\u00edmica Org\u00e2nica<\/span><\/strong> \u00e9 uma ci\u00eancia importante em tudo que se diz respeito \u00e0 vida e ao nosso modo de viver. V\u00e1rias carreiras aplicam uma compreens\u00e3o da Qu\u00edmica Org\u00e2nica, como m\u00e9dicos, veterin\u00e1rios, zootecnistas, dentistas, farmacologistas, engenheiros qu\u00edmicos\/alimentos e, obviamente, qu\u00edmicos. A Qu\u00edmica Org\u00e2nica desempenha um papel crucial no desenvolvimento de produtos qu\u00edmicos dom\u00e9sticos comuns, alimentos, materiais polim\u00e9ricos, fibras sint\u00e9ticas, corantes, princ\u00edpios ativos para medicamentos, agroqu\u00edmicos, inibidores de corros\u00e3o, \u00f3leos e aditivos de combust\u00edvel e outros produtos. Portanto, podemos dizer que o conhecimento s\u00f3lido de Qu\u00edmica Org\u00e2nica e de suas tecnologias nos permite desenvolver e suprir um pa\u00eds com produtos estrat\u00e9gicos para a sa\u00fade e para a seguran\u00e7a alimentar.<br \/>\nSabendo dessa import\u00e2ncia extraordin\u00e1ria da Qu\u00edmica Org\u00e2nica para nossa sociedade, surgiu a ideia de criar o \u201cClube de Qu\u00edmica Org\u00e2nica da UFMS\u201d, visando difundir esta \u00e1rea da Qu\u00edmica para os alunos da UFMS que ainda n\u00e3o conhecem mas desejam conhecer a Qu\u00edmica Org\u00e2nica, bem como para promover a melhor compreens\u00e3o da disciplina entre os alunos de gradua\u00e7\u00e3o e p\u00f3s-gradua\u00e7\u00e3o, atrav\u00e9s de discuss\u00f5es te\u00f3ricas, incluindo mecanismos de rea\u00e7\u00f5es org\u00e2nicas, estereoqu\u00edmica, identifica\u00e7\u00e3o de compostos org\u00e2nicos, qu\u00edmica dos produtos naturais, m\u00e9todos de isolamento e purifica\u00e7\u00e3o, ensino e hist\u00f3ria da qu\u00edmica org\u00e2nica e muitos outros aspectos que envolvem interfaces com a biologia, f\u00edsica, farm\u00e1cia e \u00e1reas afins. Al\u00e9m disso, um dos principais objetivos do Clube de Qu\u00edmica Org\u00e2nica \u00e9 contribuir com o <strong>CIBSint<\/strong> na promo\u00e7\u00e3o da difus\u00e3o da ci\u00eancia, tecnologia e inova\u00e7\u00e3o para a sociedade em geral.<\/p>\n<p><em><strong>Website do Clube<\/strong>: <a href=\"https:\/\/sites.google.com\/ufms.br\/cqoufms\/\" target=\"_blank\" rel=\"noopener\">https:\/\/sites.google.com\/ufms.br\/cqoufms\/<\/a><\/em><\/p>\n<p><strong><em>Siga o clube pelo <a href=\"https:\/\/www.instagram.com\/p\/Cs9Dgv0unZ1\/?igshid=NjFhOGMzYTE3ZQ%3D%3D\" target=\"_blank\" rel=\"noopener\">Instagram<\/a><\/em><\/strong><\/p>\n","protected":false},"excerpt":{"rendered":"<p>Qu\u00edmica Org\u00e2nica \u00e9 uma ci\u00eancia importante em tudo que se diz respeito \u00e0 vida e ao nosso modo de viver. V\u00e1rias carreiras aplicam uma compreens\u00e3o da Qu\u00edmica Org\u00e2nica, como m\u00e9dicos, veterin\u00e1rios, zootecnistas, dentistas, farmacologistas, engenheiros qu\u00edmicos\/alimentos e, obviamente, qu\u00edmicos. A Qu\u00edmica Org\u00e2nica desempenha um papel crucial no desenvolvimento de produtos qu\u00edmicos dom\u00e9sticos comuns, alimentos, materiais [&hellip;]<\/p>\n","protected":false},"author":126,"featured_media":0,"parent":38,"menu_order":0,"comment_status":"closed","ping_status":"closed","template":"page-templates\/full-width.php","meta":{"_acf_changed":false,"ngg_post_thumbnail":0,"footnotes":""},"coauthors":[],"class_list":["post-576","page","type-page","status-publish","hentry"],"acf":[],"_links":{"self":[{"href":"https:\/\/cibsint.ufms.br\/en\/wp-json\/wp\/v2\/pages\/576","targetHints":{"allow":["GET"]}}],"collection":[{"href":"https:\/\/cibsint.ufms.br\/en\/wp-json\/wp\/v2\/pages"}],"about":[{"href":"https:\/\/cibsint.ufms.br\/en\/wp-json\/wp\/v2\/types\/page"}],"author":[{"embeddable":true,"href":"https:\/\/cibsint.ufms.br\/en\/wp-json\/wp\/v2\/users\/126"}],"replies":[{"embeddable":true,"href":"https:\/\/cibsint.ufms.br\/en\/wp-json\/wp\/v2\/comments?post=576"}],"version-history":[{"count":67,"href":"https:\/\/cibsint.ufms.br\/en\/wp-json\/wp\/v2\/pages\/576\/revisions"}],"predecessor-version":[{"id":1061,"href":"https:\/\/cibsint.ufms.br\/en\/wp-json\/wp\/v2\/pages\/576\/revisions\/1061"}],"up":[{"embeddable":true,"href":"https:\/\/cibsint.ufms.br\/en\/wp-json\/wp\/v2\/pages\/38"}],"wp:attachment":[{"href":"https:\/\/cibsint.ufms.br\/en\/wp-json\/wp\/v2\/media?parent=576"}],"wp:term":[{"taxonomy":"author","embeddable":true,"href":"https:\/\/cibsint.ufms.br\/en\/wp-json\/wp\/v2\/coauthors?post=576"}],"curies":[{"name":"wp","href":"https:\/\/api.w.org\/{rel}","templated":true}]}}