{"id":561,"date":"2022-07-01T16:30:14","date_gmt":"2022-07-01T20:30:14","guid":{"rendered":"https:\/\/cibsint.ufms.br\/?page_id=561"},"modified":"2022-07-01T16:42:00","modified_gmt":"2022-07-01T20:42:00","slug":"saiba-mais-sobre-quimica-fina","status":"publish","type":"page","link":"https:\/\/cibsint.ufms.br\/en\/saiba-mais-sobre-quimica-fina\/","title":{"rendered":"Saiba mais sobre quimica fina"},"content":{"rendered":"<h3 data-uw-styling-context=\"true\">Qu\u00edmica Fina<\/h3>\n<p data-uw-styling-context=\"true\">A qu\u00edmica fina \u00e9 uma atividade caracterizada pela s\u00edntese de produtos de alto valor agregado para aplica\u00e7\u00f5es altamente especializadas. Seus produtos s\u00e3o geralmente obtidos em v\u00e1rias etapas qu\u00edmicas, atrav\u00e9s de processos em batelada ou semi-cont\u00ednuos e, por apresentarem grande valor agregado e uso espec\u00edfico, s\u00e3o produzidos em quantidades mais modestas (de quilogramas\/ano a algumas toneladas\/ano) e com elevado grau de pureza.<\/p>\n<p data-uw-styling-context=\"true\">Os produtos da qu\u00edmica fina compreendem:<\/p>\n<ul data-uw-styling-context=\"true\">\n<li data-uw-styling-context=\"true\">Intermedi\u00e1rios de s\u00edntese<\/li>\n<li data-uw-styling-context=\"true\">Intermedi\u00e1rios de uso ou de performance<\/li>\n<li data-uw-styling-context=\"true\">Catalisadores<\/li>\n<li data-uw-styling-context=\"true\">Aditivos<\/li>\n<li data-uw-styling-context=\"true\">Corantes e pigmentos<\/li>\n<li data-uw-styling-context=\"true\">Aromas e fragr\u00e2ncias<\/li>\n<\/ul>\n<p data-uw-styling-context=\"true\">Os intermedi\u00e1rios de s\u00edntese s\u00e3o obtidos atrav\u00e9s de s\u00ednteses qu\u00edmicas de v\u00e1rias etapas, normalmente a partir de&nbsp;<em data-uw-styling-context=\"true\">commodities<\/em>&nbsp;relacionadas com a petroqu\u00edmica ou, mais modernamente, via processos biotecnol\u00f3gicos a partir da biomassa renov\u00e1vel e da n\u00e3o renov\u00e1vel. A principal caracter\u00edstica do intermedi\u00e1rio de s\u00edntese \u00e9 que o mesmo composto pode ser utilizado em diversos setores da ind\u00fastria da qu\u00edmica fina. Intermedi\u00e1rios inorg\u00e2nicos de s\u00edntese qu\u00edmica podem ser usados diretamente para obten\u00e7\u00e3o de especialidades da qu\u00edmica fina (alguns catalisadores e aditivos). Na Fig. 1 \u00e9 apresentada essa concep\u00e7\u00e3o de cadeia produtiva para a qu\u00edmica fina, de cima para baixo.<\/p>\n<hr data-uw-styling-context=\"true\">\n<p data-uw-styling-context=\"true\"><img fetchpriority=\"high\" decoding=\"async\" class=\"aligncenter wp-image-466 size-full\" src=\"https:\/\/cibsint.ufms.br\/files\/2022\/06\/fine_chemistry_charact.png\" alt=\"\" width=\"566\" height=\"225\" data-uw-styling-context=\"true\" srcset=\"https:\/\/cibsint.ufms.br\/files\/2022\/06\/fine_chemistry_charact.png 566w, https:\/\/cibsint.ufms.br\/files\/2022\/06\/fine_chemistry_charact-300x119.png 300w\" sizes=\"(max-width: 566px) 100vw, 566px\" \/><\/p>\n<p data-uw-styling-context=\"true\"><strong data-uw-styling-context=\"true\">Fig. 1<\/strong>. Caracteriza\u00e7\u00e3o da Qu\u00edmica Fina.<\/p>\n<hr data-uw-styling-context=\"true\">\n<p data-uw-styling-context=\"true\">Os intermedi\u00e1rios de uso ou de performance, por sua vez, s\u00e3o produzidos a partir dos intermedi\u00e1rios de s\u00edntese, e compreendem os princ\u00edpios ativos para medicamentos (farmacoqu\u00edmicos), defensivos animais e agroqu\u00edmicos e os produtos t\u00e9cnicos, que s\u00e3o usados em cosm\u00e9ticos, por exemplo.<\/p>\n<p data-uw-styling-context=\"true\">Os agroqu\u00edmicos s\u00e3o tamb\u00e9m chamados de defensivos agr\u00edcolas ou agrot\u00f3xicos. Segundo as formas de aplica\u00e7\u00e3o, classificam-se em: inseticida, acaricida, fungicida, nematicida, herbicida etc. Cipermetrina, epoxiconazol e bentazona s\u00e3o exemplos de princ\u00edpios ativos de inseticidas, fungicidas e herbicidas, respectivamente (Fig. 2).<\/p>\n<hr data-uw-styling-context=\"true\">\n<p data-uw-styling-context=\"true\"><img decoding=\"async\" class=\"aligncenter wp-image-468\" src=\"https:\/\/cibsint.ufms.br\/files\/2022\/06\/ifas-1024x237.png\" alt=\"\" width=\"600\" height=\"139\" data-uw-styling-context=\"true\" srcset=\"https:\/\/cibsint.ufms.br\/files\/2022\/06\/ifas-1024x237.png 1024w, https:\/\/cibsint.ufms.br\/files\/2022\/06\/ifas-300x69.png 300w, https:\/\/cibsint.ufms.br\/files\/2022\/06\/ifas-768x178.png 768w, https:\/\/cibsint.ufms.br\/files\/2022\/06\/ifas-1536x356.png 1536w, https:\/\/cibsint.ufms.br\/files\/2022\/06\/ifas-2048x474.png 2048w, https:\/\/cibsint.ufms.br\/files\/2022\/06\/ifas-730x169.png 730w\" sizes=\"(max-width: 600px) 100vw, 600px\" \/><\/p>\n<p data-uw-styling-context=\"true\"><strong data-uw-styling-context=\"true\">Fig. 2<\/strong>. Exemplos de princ\u00edpios ativos de agroqu\u00edmicos (defensivos agr\u00edcolas).<\/p>\n<hr data-uw-styling-context=\"true\">\n<p data-uw-styling-context=\"true\">Os defensivos animais ou produtos veterin\u00e1rios s\u00e3o destinados \u00e0 preven\u00e7\u00e3o, diagn\u00f3stico, cura ou tratamento das doen\u00e7as dos animais. Os princ\u00edpios ativos para esta especialidade qu\u00edmica s\u00e3o oriundos da Qu\u00edmica Fina. A Ivermectina (Figura 3) \u00e9 um exemplo de princ\u00edpio ativo de defensivos animais contra parasitas.<\/p>\n<hr data-uw-styling-context=\"true\">\n<p data-uw-styling-context=\"true\"><img decoding=\"async\" class=\"aligncenter wp-image-469 size-medium\" src=\"https:\/\/cibsint.ufms.br\/files\/2022\/06\/ivermectina-300x165.png\" alt=\"\" width=\"300\" height=\"165\" data-uw-styling-context=\"true\" srcset=\"https:\/\/cibsint.ufms.br\/files\/2022\/06\/ivermectina-300x165.png 300w, https:\/\/cibsint.ufms.br\/files\/2022\/06\/ivermectina-1024x564.png 1024w, https:\/\/cibsint.ufms.br\/files\/2022\/06\/ivermectina-768x423.png 768w, https:\/\/cibsint.ufms.br\/files\/2022\/06\/ivermectina-1536x846.png 1536w, https:\/\/cibsint.ufms.br\/files\/2022\/06\/ivermectina-2048x1128.png 2048w, https:\/\/cibsint.ufms.br\/files\/2022\/06\/ivermectina-581x320.png 581w\" sizes=\"(max-width: 300px) 100vw, 300px\" \/><\/p>\n<p data-uw-styling-context=\"true\"><strong data-uw-styling-context=\"true\">Fig. 3<\/strong>. Princ\u00edpio ativo de defensivo animal (produto veterin\u00e1rio).<\/p>\n<hr data-uw-styling-context=\"true\">\n<p data-uw-styling-context=\"true\">Qualquer subst\u00e2ncia introduzida na formula\u00e7\u00e3o de uma forma farmac\u00eautica que, quando administrada em um paciente, atua como ingrediente ativo \u00e9 denominada de insumo farmac\u00eautico ativo (IFA) ou farmoqu\u00edmico (alguns exemplos de IFAs na Fig. 4).<\/p>\n<hr data-uw-styling-context=\"true\">\n<p data-uw-styling-context=\"true\"><img loading=\"lazy\" decoding=\"async\" class=\"wp-image-470 size-large aligncenter\" src=\"https:\/\/cibsint.ufms.br\/files\/2022\/06\/ifas_nacionais-1024x477.png\" alt=\"\" width=\"1024\" height=\"477\" data-uw-styling-context=\"true\" srcset=\"https:\/\/cibsint.ufms.br\/files\/2022\/06\/ifas_nacionais-1024x477.png 1024w, https:\/\/cibsint.ufms.br\/files\/2022\/06\/ifas_nacionais-300x140.png 300w, https:\/\/cibsint.ufms.br\/files\/2022\/06\/ifas_nacionais-768x357.png 768w, https:\/\/cibsint.ufms.br\/files\/2022\/06\/ifas_nacionais-1536x715.png 1536w, https:\/\/cibsint.ufms.br\/files\/2022\/06\/ifas_nacionais-2048x953.png 2048w, https:\/\/cibsint.ufms.br\/files\/2022\/06\/ifas_nacionais-688x320.png 688w\" sizes=\"(max-width: 1024px) 100vw, 1024px\" \/><\/p>\n<p data-uw-styling-context=\"true\"><strong data-uw-styling-context=\"true\">Fig. 4<\/strong>. Exemplos de IFAs. Os 4 primeiros s\u00e3o IFAs nacionais.<\/p>\n<hr data-uw-styling-context=\"true\">\n<p data-uw-styling-context=\"true\">Os IFAs representam o in\u00edcio da cadeia produtiva da ind\u00fastria farmac\u00eautica. Para assegurar a qualidade na produ\u00e7\u00e3o de medicamentos, a ANVISA \u00e9 respons\u00e1vel pela autoriza\u00e7\u00e3o de funcionamento das empresas, pela verifica\u00e7\u00e3o das Boas Pr\u00e1ticas de Fabrica\u00e7\u00e3o e elabora\u00e7\u00e3o de normas (Fig. 5). A implanta\u00e7\u00e3o, opera\u00e7\u00e3o industrial e perenidade financeira depende fortemente de uma ind\u00fastria qu\u00edmica de produ\u00e7\u00e3o de mat\u00e9rias-primas, solventes org\u00e2nicos e de intermedi\u00e1rios de s\u00edntese.<\/p>\n<hr data-uw-styling-context=\"true\">\n<p data-uw-styling-context=\"true\"><img loading=\"lazy\" decoding=\"async\" class=\"aligncenter wp-image-467 size-full\" src=\"https:\/\/cibsint.ufms.br\/files\/2022\/06\/drug_production.png\" alt=\"\" width=\"566\" height=\"153\" data-uw-styling-context=\"true\" srcset=\"https:\/\/cibsint.ufms.br\/files\/2022\/06\/drug_production.png 566w, https:\/\/cibsint.ufms.br\/files\/2022\/06\/drug_production-300x81.png 300w\" sizes=\"(max-width: 566px) 100vw, 566px\" \/><\/p>\n<p data-uw-styling-context=\"true\"><strong data-uw-styling-context=\"true\">Fig. 5<\/strong>. Cadeia produtiva de medicamentos.<\/p>\n","protected":false},"excerpt":{"rendered":"<p>Qu\u00edmica Fina A qu\u00edmica fina \u00e9 uma atividade caracterizada pela s\u00edntese de produtos de alto valor agregado para aplica\u00e7\u00f5es altamente especializadas. Seus produtos s\u00e3o geralmente obtidos em v\u00e1rias etapas qu\u00edmicas, atrav\u00e9s de processos em batelada ou semi-cont\u00ednuos e, por apresentarem grande valor agregado e uso espec\u00edfico, s\u00e3o produzidos em quantidades mais modestas (de quilogramas\/ano a [&hellip;]<\/p>\n","protected":false},"author":126,"featured_media":0,"parent":0,"menu_order":0,"comment_status":"closed","ping_status":"closed","template":"redux-templates_canvas","meta":{"_acf_changed":false,"ngg_post_thumbnail":0,"footnotes":""},"coauthors":[],"class_list":["post-561","page","type-page","status-publish","hentry"],"acf":[],"_links":{"self":[{"href":"https:\/\/cibsint.ufms.br\/en\/wp-json\/wp\/v2\/pages\/561","targetHints":{"allow":["GET"]}}],"collection":[{"href":"https:\/\/cibsint.ufms.br\/en\/wp-json\/wp\/v2\/pages"}],"about":[{"href":"https:\/\/cibsint.ufms.br\/en\/wp-json\/wp\/v2\/types\/page"}],"author":[{"embeddable":true,"href":"https:\/\/cibsint.ufms.br\/en\/wp-json\/wp\/v2\/users\/126"}],"replies":[{"embeddable":true,"href":"https:\/\/cibsint.ufms.br\/en\/wp-json\/wp\/v2\/comments?post=561"}],"version-history":[{"count":2,"href":"https:\/\/cibsint.ufms.br\/en\/wp-json\/wp\/v2\/pages\/561\/revisions"}],"predecessor-version":[{"id":563,"href":"https:\/\/cibsint.ufms.br\/en\/wp-json\/wp\/v2\/pages\/561\/revisions\/563"}],"wp:attachment":[{"href":"https:\/\/cibsint.ufms.br\/en\/wp-json\/wp\/v2\/media?parent=561"}],"wp:term":[{"taxonomy":"author","embeddable":true,"href":"https:\/\/cibsint.ufms.br\/en\/wp-json\/wp\/v2\/coauthors?post=561"}],"curies":[{"name":"wp","href":"https:\/\/api.w.org\/{rel}","templated":true}]}}