{"id":5,"date":"2022-05-23T15:18:01","date_gmt":"2022-05-23T18:18:01","guid":{"rendered":"https:\/\/cibsint.draconis.ufms.br\/?page_id=5"},"modified":"2025-11-19T08:50:42","modified_gmt":"2025-11-19T12:50:42","slug":"pagina-inicial","status":"publish","type":"page","link":"https:\/\/cibsint.ufms.br\/en\/","title":{"rendered":""},"content":{"rendered":"<p><img fetchpriority=\"high\" decoding=\"async\" class=\"alignleft wp-image-1421 size-medium\" src=\"https:\/\/cibsint.ufms.br\/files\/2024\/12\/Arte-do-logo-preto-243x300.png\" alt=\"\" width=\"243\" height=\"300\" srcset=\"https:\/\/cibsint.ufms.br\/files\/2024\/12\/Arte-do-logo-preto-243x300.png 243w, https:\/\/cibsint.ufms.br\/files\/2024\/12\/Arte-do-logo-preto-828x1024.png 828w, https:\/\/cibsint.ufms.br\/files\/2024\/12\/Arte-do-logo-preto-768x950.png 768w, https:\/\/cibsint.ufms.br\/files\/2024\/12\/Arte-do-logo-preto-1242x1536.png 1242w, https:\/\/cibsint.ufms.br\/files\/2024\/12\/Arte-do-logo-preto-259x320.png 259w, https:\/\/cibsint.ufms.br\/files\/2024\/12\/Arte-do-logo-preto.png 1530w\" sizes=\"(max-width: 243px) 100vw, 243px\" \/><\/p>\n<p style=\"text-align: justify\"><span style=\"font-size: 12pt\">O <strong>CIBSint<\/strong> \u00e9 uma iniciativa que visa conectar a academia e a ind\u00fastria para avan\u00e7ar em pesquisa, desenvolvimento e inova\u00e7\u00e3o em sa\u00fade e agricultura em Mato Grosso do Sul e no Brasil. A colabora\u00e7\u00e3o academia-ind\u00fastria deve resultar em produtos e servi\u00e7os que atendem \u00e0s necessidades da sociedade, gerando impacto positivo na economia do pa\u00eds, aumentando a competitividade da ind\u00fastria e criando novas oportunidades de neg\u00f3cios. Essa uni\u00e3o impulsiona o desenvolvimento e a inova\u00e7\u00e3o, beneficiando a sociedade e a economia do pa\u00eds.<\/span><\/p>\n<hr \/>\n<p style=\"text-align: justify\"><span style=\"font-size: 12pt\">O <strong>CIBSint<\/strong> re\u00fane uma equipe de <a href=\"https:\/\/cibsint.ufms.br\/pesquisadores\/\"><strong>pesquisadore<\/strong>s<\/a> altamente comprometida com a descoberta de mol\u00e9culas biologicamente ativas, tanto por meio de bioprospec\u00e7\u00e3o de produtos naturais quanto por meio de s\u00edntese qu\u00edmica. Adicionalmente, os pesquisadores do <strong>CIBSint<\/strong> s\u00e3o pioneiros no estado de Mato Grosso do Sul na \u00e1rea de qu\u00edmica fina, desenvolvendo novos m\u00e9todos para a s\u00edntese de f\u00e1rmacos (IFAs) e agroqu\u00edmicos de relev\u00e2ncia nacional. Para saber mais sobre esta iniciativa, <a href=\"https:\/\/cibsint.ufms.br\/sobre-o-cibsint-2\/\">clique aqui<\/a>.<\/span><\/p>\n<table style=\"height: 24px;width: 100%;border-collapse: collapse;background-color: #a51c30\">\n<tbody>\n<tr style=\"height: 24px\">\n<td style=\"width: 100%;text-align: center;height: 24px\"><\/td>\n<\/tr>\n<\/tbody>\n<\/table>\n<p style=\"text-align: justify\"><span style=\"font-family: georgia, palatino, serif;font-size: 12pt\"><strong>O<\/strong> <strong>CIBSint<\/strong> foi criado com apoio da FUNDECT (Acordo de Coopera\u00e7\u00e3o n\u00ba 18\/2022-UFMS\/FUNDECT) para realizar ci\u00eancia b\u00e1sica e aplicada.<\/span><\/p>\n<p>&nbsp;<\/p>\n<p style=\"text-align: center\"><img decoding=\"async\" class=\"alignnone wp-image-646\" src=\"https:\/\/cibsint.ufms.br\/files\/2022\/12\/logo_Fundect-1024x502.png\" alt=\"\" width=\"400\" height=\"196\" srcset=\"https:\/\/cibsint.ufms.br\/files\/2022\/12\/logo_Fundect-1024x502.png 1024w, https:\/\/cibsint.ufms.br\/files\/2022\/12\/logo_Fundect-300x147.png 300w, https:\/\/cibsint.ufms.br\/files\/2022\/12\/logo_Fundect-768x377.png 768w, https:\/\/cibsint.ufms.br\/files\/2022\/12\/logo_Fundect-1536x753.png 1536w, https:\/\/cibsint.ufms.br\/files\/2022\/12\/logo_Fundect-653x320.png 653w, https:\/\/cibsint.ufms.br\/files\/2022\/12\/logo_Fundect.png 1595w\" sizes=\"(max-width: 400px) 100vw, 400px\" \/>\u00a0 \u00a0 \u00a0 \u00a0 \u00a0 \u00a0 \u00a0 \u00a0 \u00a0 \u00a0 \u00a0 \u00a0 \u00a0 \u00a0 \u00a0<img decoding=\"async\" class=\"alignnone wp-image-770 \" src=\"https:\/\/cibsint.ufms.br\/files\/2023\/02\/UFMS-logo_negativo-230x300.jpg\" alt=\"\" width=\"159\" height=\"208\" srcset=\"https:\/\/cibsint.ufms.br\/files\/2023\/02\/UFMS-logo_negativo-230x300.jpg 230w, https:\/\/cibsint.ufms.br\/files\/2023\/02\/UFMS-logo_negativo-783x1024.jpg 783w, https:\/\/cibsint.ufms.br\/files\/2023\/02\/UFMS-logo_negativo-768x1004.jpg 768w, https:\/\/cibsint.ufms.br\/files\/2023\/02\/UFMS-logo_negativo-1175x1536.jpg 1175w, https:\/\/cibsint.ufms.br\/files\/2023\/02\/UFMS-logo_negativo-245x320.jpg 245w, https:\/\/cibsint.ufms.br\/files\/2023\/02\/UFMS-logo_negativo.jpg 1550w\" sizes=\"(max-width: 159px) 100vw, 159px\" \/><\/p>\n<p>&nbsp;<\/p>\n<hr \/>\n<h1 style=\"text-align: justify\"><strong>CIBSint e os Objetivos de Desenvolvimento Sustent\u00e1vel (ODS)<\/strong><\/h1>\n<p style=\"text-align: justify\">Os Objetivos de Desenvolvimento Sustent\u00e1vel (ODS) s\u00e3o um conjunto de 17 metas globais estabelecidas pela Resolu\u00e7\u00e3o 70\/1 da Assembleia Geral das Na\u00e7\u00f5es Unidas, conhecida como Agenda 2030. Esses objetivos s\u00e3o abrangentes e interdependentes, sendo compostos por metas espec\u00edficas que totalizam 169, cujo alcance \u00e9 fundamental para a realiza\u00e7\u00e3o dos ODS. As atividades de pesquisa, ensino e extens\u00e3o desenvolvidas no CIBSint devem contribuir principalmente para os seguintes ODS:<\/p>\n<p>ODS 1 &#8211; Erradica\u00e7\u00e3o da Pobreza<br \/>\nODS 3 &#8211; Sa\u00fade e Bem-Estar<br \/>\nODS 4 &#8211; Educa\u00e7\u00e3o de Qualidade<br \/>\nODS 8 &#8211; Trabalho Decente e Crescimento Econ\u00f4mico<br \/>\nODS 9 &#8211; Ind\u00fastria, Inova\u00e7\u00e3o e Infraestrutura<br \/>\nODS 12 &#8211; Consumo e Produ\u00e7\u00e3o Respons\u00e1veis e Bioeconomia<\/p>\n<p style=\"text-align: justify\">Essas contribui\u00e7\u00f5es s\u00e3o feitas por meio da forma\u00e7\u00e3o de recursos humanos, produ\u00e7\u00e3o de conhecimento e tecnologias, difus\u00e3o da ci\u00eancia, entre outras a\u00e7\u00f5es.<\/p>\n<p><a href=\"https:\/\/brasil.un.org\/pt-br\/sdgs\" target=\"_blank\" rel=\"noopener\"><img loading=\"lazy\" decoding=\"async\" class=\"wp-image-1048 size-large aligncenter\" src=\"https:\/\/cibsint.ufms.br\/files\/2024\/03\/ONU_grid2_-02-1-1024x602.png\" alt=\"\" width=\"1024\" height=\"602\" srcset=\"https:\/\/cibsint.ufms.br\/files\/2024\/03\/ONU_grid2_-02-1-1024x602.png 1024w, https:\/\/cibsint.ufms.br\/files\/2024\/03\/ONU_grid2_-02-1-300x176.png 300w, https:\/\/cibsint.ufms.br\/files\/2024\/03\/ONU_grid2_-02-1-768x452.png 768w, https:\/\/cibsint.ufms.br\/files\/2024\/03\/ONU_grid2_-02-1-1536x903.png 1536w, https:\/\/cibsint.ufms.br\/files\/2024\/03\/ONU_grid2_-02-1-2048x1205.png 2048w, https:\/\/cibsint.ufms.br\/files\/2024\/03\/ONU_grid2_-02-1-544x320.png 544w\" sizes=\"(max-width: 1024px) 100vw, 1024px\" \/><\/a><\/p>\n<hr \/>\n<p style=\"text-align: justify\">\n","protected":false},"excerpt":{"rendered":"<p>O CIBSint \u00e9 uma iniciativa que visa conectar a academia e a ind\u00fastria para avan\u00e7ar em pesquisa, desenvolvimento e inova\u00e7\u00e3o em sa\u00fade e agricultura em Mato Grosso do Sul e no Brasil. A colabora\u00e7\u00e3o academia-ind\u00fastria deve resultar em produtos e servi\u00e7os que atendem \u00e0s necessidades da sociedade, gerando impacto positivo na economia do pa\u00eds, aumentando [&hellip;]<\/p>\n","protected":false},"author":26697,"featured_media":0,"parent":0,"menu_order":0,"comment_status":"closed","ping_status":"closed","template":"page-templates\/page-home.php","meta":{"_acf_changed":false,"ngg_post_thumbnail":0,"footnotes":""},"coauthors":[7],"class_list":["post-5","page","type-page","status-publish","hentry"],"acf":[],"_links":{"self":[{"href":"https:\/\/cibsint.ufms.br\/en\/wp-json\/wp\/v2\/pages\/5","targetHints":{"allow":["GET"]}}],"collection":[{"href":"https:\/\/cibsint.ufms.br\/en\/wp-json\/wp\/v2\/pages"}],"about":[{"href":"https:\/\/cibsint.ufms.br\/en\/wp-json\/wp\/v2\/types\/page"}],"author":[{"embeddable":true,"href":"https:\/\/cibsint.ufms.br\/en\/wp-json\/wp\/v2\/users\/26697"}],"replies":[{"embeddable":true,"href":"https:\/\/cibsint.ufms.br\/en\/wp-json\/wp\/v2\/comments?post=5"}],"version-history":[{"count":173,"href":"https:\/\/cibsint.ufms.br\/en\/wp-json\/wp\/v2\/pages\/5\/revisions"}],"predecessor-version":[{"id":1508,"href":"https:\/\/cibsint.ufms.br\/en\/wp-json\/wp\/v2\/pages\/5\/revisions\/1508"}],"wp:attachment":[{"href":"https:\/\/cibsint.ufms.br\/en\/wp-json\/wp\/v2\/media?parent=5"}],"wp:term":[{"taxonomy":"author","embeddable":true,"href":"https:\/\/cibsint.ufms.br\/en\/wp-json\/wp\/v2\/coauthors?post=5"}],"curies":[{"name":"wp","href":"https:\/\/api.w.org\/{rel}","templated":true}]}}