{"id":49,"date":"2022-05-23T19:06:09","date_gmt":"2022-05-23T23:06:09","guid":{"rendered":"https:\/\/cibsint.ufms.br\/?page_id=49"},"modified":"2024-12-08T22:29:26","modified_gmt":"2024-12-09T02:29:26","slug":"comite_executivo","status":"publish","type":"page","link":"https:\/\/cibsint.ufms.br\/en\/sobre-o-cibsint\/comite_executivo\/","title":{"rendered":"Comit\u00ea Executivo"},"content":{"rendered":"<table style=\"border-collapse: collapse;width: 100%;height: 1311px\">\n<tbody>\n<tr>\n<td style=\"width: 100%\">\n<div class=\"mceTemp\"><strong>Coodena\u00e7\u00e3o Geral<\/strong><\/div>\n<\/td>\n<\/tr>\n<tr style=\"height: 266px\">\n<td style=\"width: 100%;height: 266px\">\n<div id=\"attachment_156\" style=\"width: 241px\" class=\"wp-caption alignnone\"><img fetchpriority=\"high\" decoding=\"async\" aria-describedby=\"caption-attachment-156\" class=\"wp-image-156 size-full\" src=\"https:\/\/cibsint.ufms.br\/files\/2022\/05\/adilson.jpg\" alt=\"\" width=\"231\" height=\"218\" \/><p id=\"caption-attachment-156\" class=\"wp-caption-text\">Dr.<a href=\"https:\/\/cibsint.ufms.br\/pesquisadores\/dr-adilson-beatriz\/\"> Adilson Beatriz <\/a>\u00a0&#8211; Instituto de Qu\u00edmica<\/p><\/div><\/td>\n<\/tr>\n<tr style=\"height: 24px\">\n<td style=\"width: 100%;height: 24px\"><\/td>\n<\/tr>\n<tr style=\"height: 24px\">\n<td style=\"width: 100%;height: 10px\"><strong>Coordena\u00e7\u00e3o de Inova\u00e7\u00e3o e Transfer\u00eancia de Tecnologia<\/strong><\/td>\n<\/tr>\n<tr style=\"height: 348px\">\n<td style=\"width: 100%;height: 348px\">\n<div id=\"attachment_1342\" style=\"width: 241px\" class=\"wp-caption alignnone\"><img decoding=\"async\" aria-describedby=\"caption-attachment-1342\" class=\"wp-image-1342\" src=\"https:\/\/cibsint.ufms.br\/files\/2024\/12\/edson-256x300.png\" alt=\"\" width=\"231\" height=\"270\" srcset=\"https:\/\/cibsint.ufms.br\/files\/2024\/12\/edson-256x300.png 256w, https:\/\/cibsint.ufms.br\/files\/2024\/12\/edson-768x899.png 768w, https:\/\/cibsint.ufms.br\/files\/2024\/12\/edson-273x320.png 273w, https:\/\/cibsint.ufms.br\/files\/2024\/12\/edson.png 848w\" sizes=\"(max-width: 231px) 100vw, 231px\" \/><p id=\"caption-attachment-1342\" class=\"wp-caption-text\">Dr. <a href=\"https:\/\/cibsint.ufms.br\/pesquisadores\/dr-edson-dos-anjos-dos-santos\/\">Edson dos Anjos dos Santos<\/a> \u2013 Instituto de Bioci\u00eancias \u2013 UFMS<\/p><\/div><\/td>\n<\/tr>\n<tr style=\"height: 24px\">\n<td style=\"width: 100%;height: 24px\"><\/td>\n<\/tr>\n<tr style=\"height: 24px\">\n<td style=\"width: 100%;height: 24px\"><strong>Coordena\u00e7\u00e3o de Educa\u00e7\u00e3o e Difus\u00e3o da CT&amp;I<\/strong><\/td>\n<\/tr>\n<tr style=\"height: 348px\">\n<td style=\"width: 100%;height: 348px\">\n<div id=\"attachment_1338\" style=\"width: 241px\" class=\"wp-caption alignnone\"><img decoding=\"async\" aria-describedby=\"caption-attachment-1338\" class=\"wp-image-1338\" src=\"https:\/\/cibsint.ufms.br\/files\/2024\/12\/Cynthia_Mantovani-243x300.jpg\" alt=\"\" width=\"231\" height=\"285\" srcset=\"https:\/\/cibsint.ufms.br\/files\/2024\/12\/Cynthia_Mantovani-243x300.jpg 243w, https:\/\/cibsint.ufms.br\/files\/2024\/12\/Cynthia_Mantovani-260x320.jpg 260w, https:\/\/cibsint.ufms.br\/files\/2024\/12\/Cynthia_Mantovani.jpg 310w\" sizes=\"(max-width: 231px) 100vw, 231px\" \/><p id=\"caption-attachment-1338\" class=\"wp-caption-text\">Dra. <a href=\"https:\/\/cibsint.ufms.br\/pesquisadores\/dra-cynthia-mantovani\/\">Cynthia Mantovani<\/a> \u2013 Instituto de Qu\u00edmica<\/p><\/div><\/td>\n<\/tr>\n<tr style=\"height: 24px\">\n<td style=\"width: 100%;height: 24px\"><\/td>\n<\/tr>\n<tr style=\"height: 24px\">\n<td style=\"width: 100%;height: 24px\"><strong>Coordena\u00e7\u00e3o de Equipamentos Multiusu\u00e1rios<\/strong><\/td>\n<\/tr>\n<tr style=\"height: 209px\">\n<td style=\"width: 100%;height: 209px\">\n<div id=\"attachment_1372\" style=\"width: 235px\" class=\"wp-caption alignnone\"><a href=\"https:\/\/cibsint.ufms.br\/sobre-o-cibsint\/comite_executivo\/coordenacao-de-equipamentos-multiusarios\/\"><img loading=\"lazy\" decoding=\"async\" aria-describedby=\"caption-attachment-1372\" class=\"wp-image-1372 size-medium\" src=\"https:\/\/cibsint.ufms.br\/files\/2024\/12\/IMG_20240221_102646374_HDR_AE-225x300.jpg\" alt=\"\" width=\"225\" height=\"300\" srcset=\"https:\/\/cibsint.ufms.br\/files\/2024\/12\/IMG_20240221_102646374_HDR_AE-225x300.jpg 225w, https:\/\/cibsint.ufms.br\/files\/2024\/12\/IMG_20240221_102646374_HDR_AE-768x1024.jpg 768w, https:\/\/cibsint.ufms.br\/files\/2024\/12\/IMG_20240221_102646374_HDR_AE-1152x1536.jpg 1152w, https:\/\/cibsint.ufms.br\/files\/2024\/12\/IMG_20240221_102646374_HDR_AE-1536x2048.jpg 1536w, https:\/\/cibsint.ufms.br\/files\/2024\/12\/IMG_20240221_102646374_HDR_AE-240x320.jpg 240w, https:\/\/cibsint.ufms.br\/files\/2024\/12\/IMG_20240221_102646374_HDR_AE-scaled.jpg 1920w\" sizes=\"(max-width: 225px) 100vw, 225px\" \/><\/a><p id=\"caption-attachment-1372\" class=\"wp-caption-text\"><a href=\"https:\/\/cibsint.ufms.br\/sobre-o-cibsint\/comite_executivo\/coordenacao-de-equipamentos-multiusarios\/\">Comit\u00ea Gestor<\/a><\/p><\/div><\/td>\n<\/tr>\n<\/tbody>\n<\/table>\n<p>&nbsp;<\/p>\n<p>&nbsp;<\/p>\n","protected":false},"excerpt":{"rendered":"<p>Coodena\u00e7\u00e3o Geral Coordena\u00e7\u00e3o de Inova\u00e7\u00e3o e Transfer\u00eancia de Tecnologia Coordena\u00e7\u00e3o de Educa\u00e7\u00e3o e Difus\u00e3o da CT&amp;I Coordena\u00e7\u00e3o de Equipamentos Multiusu\u00e1rios &nbsp; &nbsp;<\/p>\n","protected":false},"author":126,"featured_media":0,"parent":32,"menu_order":0,"comment_status":"closed","ping_status":"closed","template":"","meta":{"_acf_changed":false,"ngg_post_thumbnail":0,"footnotes":""},"coauthors":[],"class_list":["post-49","page","type-page","status-publish","hentry"],"acf":[],"_links":{"self":[{"href":"https:\/\/cibsint.ufms.br\/en\/wp-json\/wp\/v2\/pages\/49","targetHints":{"allow":["GET"]}}],"collection":[{"href":"https:\/\/cibsint.ufms.br\/en\/wp-json\/wp\/v2\/pages"}],"about":[{"href":"https:\/\/cibsint.ufms.br\/en\/wp-json\/wp\/v2\/types\/page"}],"author":[{"embeddable":true,"href":"https:\/\/cibsint.ufms.br\/en\/wp-json\/wp\/v2\/users\/126"}],"replies":[{"embeddable":true,"href":"https:\/\/cibsint.ufms.br\/en\/wp-json\/wp\/v2\/comments?post=49"}],"version-history":[{"count":20,"href":"https:\/\/cibsint.ufms.br\/en\/wp-json\/wp\/v2\/pages\/49\/revisions"}],"predecessor-version":[{"id":1375,"href":"https:\/\/cibsint.ufms.br\/en\/wp-json\/wp\/v2\/pages\/49\/revisions\/1375"}],"up":[{"embeddable":true,"href":"https:\/\/cibsint.ufms.br\/en\/wp-json\/wp\/v2\/pages\/32"}],"wp:attachment":[{"href":"https:\/\/cibsint.ufms.br\/en\/wp-json\/wp\/v2\/media?parent=49"}],"wp:term":[{"taxonomy":"author","embeddable":true,"href":"https:\/\/cibsint.ufms.br\/en\/wp-json\/wp\/v2\/coauthors?post=49"}],"curies":[{"name":"wp","href":"https:\/\/api.w.org\/{rel}","templated":true}]}}