{"id":47,"date":"2022-05-23T19:05:33","date_gmt":"2022-05-23T23:05:33","guid":{"rendered":"https:\/\/cibsint.ufms.br\/?page_id=47"},"modified":"2024-12-27T09:35:00","modified_gmt":"2024-12-27T13:35:00","slug":"sobre-o-cibsint-2","status":"publish","type":"page","link":"https:\/\/cibsint.ufms.br\/en\/sobre-o-cibsint\/sobre-o-cibsint-2\/","title":{"rendered":"Sobre o CIBSint"},"content":{"rendered":"<p style=\"text-align: justify\"><img fetchpriority=\"high\" decoding=\"async\" class=\"alignleft wp-image-1421 size-medium\" src=\"https:\/\/cibsint.ufms.br\/files\/2024\/12\/Arte-do-logo-preto-243x300.png\" alt=\"\" width=\"243\" height=\"300\" srcset=\"https:\/\/cibsint.ufms.br\/files\/2024\/12\/Arte-do-logo-preto-243x300.png 243w, https:\/\/cibsint.ufms.br\/files\/2024\/12\/Arte-do-logo-preto-828x1024.png 828w, https:\/\/cibsint.ufms.br\/files\/2024\/12\/Arte-do-logo-preto-768x950.png 768w, https:\/\/cibsint.ufms.br\/files\/2024\/12\/Arte-do-logo-preto-1242x1536.png 1242w, https:\/\/cibsint.ufms.br\/files\/2024\/12\/Arte-do-logo-preto-259x320.png 259w, https:\/\/cibsint.ufms.br\/files\/2024\/12\/Arte-do-logo-preto.png 1530w\" sizes=\"(max-width: 243px) 100vw, 243px\" \/>O Centro de Pesquisa e Inova\u00e7\u00e3o em Bioprospec\u00e7\u00e3o e S\u00edntese de Produtos para a Sa\u00fade Humana e Animal (<strong>CIBSint)<\/strong> foi criado pelo Acordo de Coopera\u00e7\u00e3o n\u00ba 18\/2022-UFMS, Processo SEI no. 23104.035273\/2021-45 entre a Universidade Federal de Mato Grosso do Sul &#8211; UFMS e a Funda\u00e7\u00e3o de Apoio e de Desenvolvimento do Ensino, Ci\u00eancia e Tecnologia do Estado de Mato Grosso do Sul (FUNDECT).<\/p>\n<p style=\"text-align: justify\">O <strong>CIBSint<\/strong> nasce aproveitando-se da infraestrutura laboratorial j\u00e1 existente na UFMS nas \u00e1reas de bioprospec\u00e7\u00e3o, desenho e s\u00edntese de mol\u00e9culas para ensaios de atividades biol\u00f3gicas importantes. O <strong>CIBSint<\/strong> tamb\u00e9m conta com infraestrutura de pesquisa e inova\u00e7\u00e3o em qu\u00edmica fina e biotecnologia.<\/p>\n<hr \/>\n<p style=\"text-align: justify\">O <strong>CIBSint<\/strong> tem como objetivos principais:<\/p>\n<ul style=\"text-align: justify\">\n<li>Bioprospectar a biodiversidade do Estado de Mato Grosso do Sul na busca de novos candidatos a f\u00e1rmacos e agroqu\u00edmicos: antibi\u00f3ticos, fungicidas, larvicidas, herbicidas, antic\u00e2ncer etc.<\/li>\n<li>Desenhar e sintetizar novos f\u00e1rmacos e agroqu\u00edmicos<\/li>\n<li>Desenvolver metodologias sint\u00e9ticas e biotecnol\u00f3gicas para produ\u00e7\u00e3o de Ingredientes Farmac\u00eauticos Ativos (IFAs) e agroqu\u00edmicos, bem como de mol\u00e9culas plataforma e novas entidades qu\u00edmicas.<\/li>\n<li>Impactar positivamente os tr\u00eas pilares da sustentabilidade: social, econ\u00f4mico e ambiental<\/li>\n<li>Ser refer\u00eancia nacional\/internacional no desenvolvimento cient\u00edfico, tecnol\u00f3gico e econ\u00f4mico no Brasil<\/li>\n<\/ul>\n<p style=\"text-align: justify\">O centro de pesquisa est\u00e1 focado em duas \u00e1reas principais: <strong>bioprospec\u00e7\u00e3o e s\u00edntese<\/strong>. Na \u00e1rea de bioprospec\u00e7\u00e3o, o <strong>CIBSint<\/strong> utiliza recursos naturais, como plantas e microrganismos, para identificar compostos que possam ser utilizados no desenvolvimento de novos medicamentos e agroqu\u00edmicos. Na \u00e1rea de s\u00edntese, os pesquisadores do centro desenvolvem novos compostos a partir de s\u00edntese qu\u00edmica, combinando mol\u00e9culas para criar produtos inovadores. Para enfrentar os desafios que o Pa\u00eds enfrenta em rela\u00e7\u00e3o \u00e0 qu\u00edmica fina, os pesquisadores prop\u00f5e novos m\u00e9todos de s\u00edntese de mol\u00e9culas estrat\u00e9gicas (IFAs e agroqu\u00edmicos) utilizando a tecnologia de qu\u00edmica em fluxo cont\u00ednuo. Essa abordagem visa reduzir os impactos negativos no meio ambiente e, ao mesmo tempo, possibilitar a obten\u00e7\u00e3o de melhores rendimentos e grau de pureza dentro dos padr\u00f5es exigidos pela ind\u00fastria do setor.<\/p>\n<p style=\"text-align: justify\">O <strong>CIBSint<\/strong> tem como objetivo promover a integra\u00e7\u00e3o entre academia e ind\u00fastria, visando o desenvolvimento de tecnologias que possam ser aplicadas no mercado e, ao mesmo tempo, capacitar profissionais e estudantes para atuarem em bioprospec\u00e7\u00e3o, biotecnologia e s\u00edntese org\u00e2nica.<\/p>\n<hr \/>\n<p style=\"text-align: justify\">De modo a cumprir seu papel na sociedade, algumas das metas a serem atingidas pelo <strong>CIBSint<\/strong> incluem:<\/p>\n<ul>\n<li>Formar recursos humanos espec\u00edficos e altamente especializados para a academia e para ind\u00fastrias de farmoqu\u00edmicos, de agroqu\u00edmicos e de biotecnologia.<\/li>\n<li>Transferir tecnologias para empresas.<\/li>\n<li>Realizar parcerias com empresas privadas e p\u00fablicas em projetos de desenvolvimento de processos e produtos.<\/li>\n<li>Realizar consultoria e fornecer suporte t\u00e9cnico-cient\u00edfico para empresas do setor de qu\u00edmica fina.<\/li>\n<li>Tornar-se geradora de <em>spin-off<\/em> acad\u00eamicas, bem como de <em>startups<\/em>.<\/li>\n<li>Ter a EMBRAPII como parceira em projetos de PD&amp;I.<\/li>\n<li>Ser refer\u00eancia nacional em qu\u00edmica medicinal e no setor de qu\u00edmica fina.<\/li>\n<li>Al\u00e9m de desempenhar um papel extensionista relevante, com capacidade de prover forma\u00e7\u00e3o, cultura cient\u00edfica e empreendedorismo na comunidade local.<\/li>\n<\/ul>\n<hr \/>\n<p>&nbsp;<\/p>\n<div id=\"attachment_1269\" style=\"width: 1034px\" class=\"wp-caption aligncenter\"><a href=\"https:\/\/cibsint.ufms.br\/wp-admin\/admin-ajax.php?action=imgedit-preview&amp;_ajax_nonce=1ed2c0e7b7&amp;postid=1269&amp;rand=42824\" target=\"_blank\" rel=\"noopener\"><img decoding=\"async\" aria-describedby=\"caption-attachment-1269\" class=\"wp-image-1269 size-large\" src=\"https:\/\/cibsint.ufms.br\/files\/2024\/11\/IAImge-1024x585.png\" alt=\"Imagem gerada por IA\" width=\"1024\" height=\"585\" srcset=\"https:\/\/cibsint.ufms.br\/files\/2024\/11\/IAImge-1024x585.png 1024w, https:\/\/cibsint.ufms.br\/files\/2024\/11\/IAImge-300x171.png 300w, https:\/\/cibsint.ufms.br\/files\/2024\/11\/IAImge-768x439.png 768w, https:\/\/cibsint.ufms.br\/files\/2024\/11\/IAImge-1536x878.png 1536w, https:\/\/cibsint.ufms.br\/files\/2024\/11\/IAImge-560x320.png 560w, https:\/\/cibsint.ufms.br\/files\/2024\/11\/IAImge.png 1792w\" sizes=\"(max-width: 1024px) 100vw, 1024px\" \/><\/a><p id=\"caption-attachment-1269\" class=\"wp-caption-text\">Imagem gerada por IA &#8211; foco na inova\u00e7\u00e3o em bioprospec\u00e7\u00e3o e s\u00edntese qu\u00edmica integrada \u00e0 natureza<\/p><\/div>\n<div id=\"attachment_1272\" style=\"width: 1034px\" class=\"wp-caption aligncenter\"><img decoding=\"async\" aria-describedby=\"caption-attachment-1272\" class=\"wp-image-1272 size-large\" src=\"https:\/\/cibsint.ufms.br\/files\/2024\/11\/IAImage2-1024x585.png\" alt=\"\" width=\"1024\" height=\"585\" srcset=\"https:\/\/cibsint.ufms.br\/files\/2024\/11\/IAImage2-1024x585.png 1024w, https:\/\/cibsint.ufms.br\/files\/2024\/11\/IAImage2-300x171.png 300w, https:\/\/cibsint.ufms.br\/files\/2024\/11\/IAImage2-768x439.png 768w, https:\/\/cibsint.ufms.br\/files\/2024\/11\/IAImage2-1536x878.png 1536w, https:\/\/cibsint.ufms.br\/files\/2024\/11\/IAImage2-560x320.png 560w, https:\/\/cibsint.ufms.br\/files\/2024\/11\/IAImage2.png 1792w\" sizes=\"(max-width: 1024px) 100vw, 1024px\" \/><p id=\"caption-attachment-1272\" class=\"wp-caption-text\">Imagem gerada por IA &#8211; <span class=\"Y2IQFc\" lang=\"pt\">foco na inova\u00e7\u00e3o em bioprospec\u00e7\u00e3o e s\u00edntese qu\u00edmica integrada \u00e0 natureza.<\/span><\/p><\/div>\n<hr \/>\n","protected":false},"excerpt":{"rendered":"<p>O Centro de Pesquisa e Inova\u00e7\u00e3o em Bioprospec\u00e7\u00e3o e S\u00edntese de Produtos para a Sa\u00fade Humana e Animal (CIBSint) foi criado pelo Acordo de Coopera\u00e7\u00e3o n\u00ba 18\/2022-UFMS, Processo SEI no. 23104.035273\/2021-45 entre a Universidade Federal de Mato Grosso do Sul &#8211; UFMS e a Funda\u00e7\u00e3o de Apoio e de Desenvolvimento do Ensino, Ci\u00eancia e Tecnologia [&hellip;]<\/p>\n","protected":false},"author":126,"featured_media":0,"parent":32,"menu_order":0,"comment_status":"closed","ping_status":"closed","template":"","meta":{"_acf_changed":false,"ngg_post_thumbnail":0,"footnotes":""},"coauthors":[],"class_list":["post-47","page","type-page","status-publish","hentry"],"acf":[],"_links":{"self":[{"href":"https:\/\/cibsint.ufms.br\/en\/wp-json\/wp\/v2\/pages\/47","targetHints":{"allow":["GET"]}}],"collection":[{"href":"https:\/\/cibsint.ufms.br\/en\/wp-json\/wp\/v2\/pages"}],"about":[{"href":"https:\/\/cibsint.ufms.br\/en\/wp-json\/wp\/v2\/types\/page"}],"author":[{"embeddable":true,"href":"https:\/\/cibsint.ufms.br\/en\/wp-json\/wp\/v2\/users\/126"}],"replies":[{"embeddable":true,"href":"https:\/\/cibsint.ufms.br\/en\/wp-json\/wp\/v2\/comments?post=47"}],"version-history":[{"count":46,"href":"https:\/\/cibsint.ufms.br\/en\/wp-json\/wp\/v2\/pages\/47\/revisions"}],"predecessor-version":[{"id":1429,"href":"https:\/\/cibsint.ufms.br\/en\/wp-json\/wp\/v2\/pages\/47\/revisions\/1429"}],"up":[{"embeddable":true,"href":"https:\/\/cibsint.ufms.br\/en\/wp-json\/wp\/v2\/pages\/32"}],"wp:attachment":[{"href":"https:\/\/cibsint.ufms.br\/en\/wp-json\/wp\/v2\/media?parent=47"}],"wp:term":[{"taxonomy":"author","embeddable":true,"href":"https:\/\/cibsint.ufms.br\/en\/wp-json\/wp\/v2\/coauthors?post=47"}],"curies":[{"name":"wp","href":"https:\/\/api.w.org\/{rel}","templated":true}]}}