{"id":444,"date":"2022-06-02T11:23:18","date_gmt":"2022-06-02T15:23:18","guid":{"rendered":"https:\/\/cibsint.ufms.br\/?page_id=444"},"modified":"2024-12-27T09:33:09","modified_gmt":"2024-12-27T13:33:09","slug":"visao-e-missao","status":"publish","type":"page","link":"https:\/\/cibsint.ufms.br\/en\/sobre-o-cibsint\/visao-e-missao\/","title":{"rendered":"Vis\u00e3o, Miss\u00e3o e Valores"},"content":{"rendered":"<h3 style=\"text-align: justify\"><img fetchpriority=\"high\" decoding=\"async\" class=\"alignleft wp-image-1421 size-medium\" style=\"font-size: 16px\" src=\"https:\/\/cibsint.ufms.br\/files\/2024\/12\/Arte-do-logo-preto-243x300.png\" alt=\"\" width=\"243\" height=\"300\" srcset=\"https:\/\/cibsint.ufms.br\/files\/2024\/12\/Arte-do-logo-preto-243x300.png 243w, https:\/\/cibsint.ufms.br\/files\/2024\/12\/Arte-do-logo-preto-828x1024.png 828w, https:\/\/cibsint.ufms.br\/files\/2024\/12\/Arte-do-logo-preto-768x950.png 768w, https:\/\/cibsint.ufms.br\/files\/2024\/12\/Arte-do-logo-preto-1242x1536.png 1242w, https:\/\/cibsint.ufms.br\/files\/2024\/12\/Arte-do-logo-preto-259x320.png 259w, https:\/\/cibsint.ufms.br\/files\/2024\/12\/Arte-do-logo-preto.png 1530w\" sizes=\"(max-width: 243px) 100vw, 243px\" \/><\/h3>\n<h3 style=\"text-align: justify\"><strong>Miss<\/strong><strong style=\"font-size: 16px\">\u00e3o<\/strong><\/h3>\n<p style=\"text-align: justify\">&#8220;O CIBSint tem como miss\u00e3o promover a pesquisa, desenvolvimento e inova\u00e7\u00e3o em \u00e1reas estrat\u00e9gicas para o pa\u00eds, como sa\u00fade e agricultura, por meio da integra\u00e7\u00e3o de conhecimentos cient\u00edficos e tecnol\u00f3gicos, visando estimular o progresso e a evolu\u00e7\u00e3o nessas \u00e1reas. Com o intuito de gerar impacto positivo na sociedade, nosso objetivo \u00e9 promover a intera\u00e7\u00e3o entre a academia, a ind\u00fastria e o setor p\u00fablico, para que juntos possamos buscar solu\u00e7\u00f5es inovadoras e sustent\u00e1veis que atendam \u00e0s necessidades da popula\u00e7\u00e3o e contribuam para o desenvolvimento do pa\u00eds&#8221;.<\/p>\n<hr \/>\n<h3 style=\"text-align: justify\"><strong>Valores<\/strong><\/h3>\n<p style=\"text-align: justify\">Os valores s\u00e3o aqueles preconizados pela UFMS:<\/p>\n<p style=\"text-align: justify\"><em>\u00c9tica:<\/em> ter como padr\u00e3o de conduta a busca pela verdade, a honestidade, a moralidade, a coer\u00eancia e a probidade administrativa.<\/p>\n<p style=\"text-align: justify\"><em>Respeito:<\/em> reconhecer as pluralidades das pessoas e dos saberes, os direitos de todos, as normas e os recursos dispon\u00edveis, para uma conviv\u00eancia harm\u00f4nica.<\/p>\n<p style=\"text-align: justify\"><em>Transpar\u00eancia:<\/em> adotar como pr\u00e1tica proativa o acesso e a oferta permanente de informa\u00e7\u00f5es relevantes da UFMS para conhecimento da sociedade.<\/p>\n<p style=\"text-align: justify\"><em>Efetividade:<\/em> aplicar os recursos p\u00fablicos de forma eficiente, eficaz e transparente para assegurar o cumprimento da miss\u00e3o.<\/p>\n<p style=\"text-align: justify\"><em>Interdisciplinaridade: <\/em>apropriar de forma integrada os diversos saberes para a constru\u00e7\u00e3o e a socializa\u00e7\u00e3o do conhecimento, visando a melhoria dos processos e da capacidade criativa.<\/p>\n<p style=\"text-align: justify\"><em>Profissionalismo:<\/em> adotar as melhores pr\u00e1ticas, comportamentos e atitudes norteadas pelo respeito, seriedade, objetividade, efetividade e legalidade.<\/p>\n<p style=\"text-align: justify\"><em>Sustentabilidade:<\/em> incorporar estrat\u00e9gias, ideias, atitudes e a\u00e7\u00f5es respons\u00e1veis nas dimens\u00f5es econ\u00f4mica, social, ambiental, cultural e institucional.<\/p>\n<p style=\"text-align: justify\"><em>Independ\u00eancia:<\/em> assegurar a liberdade, os direitos e as responsabilidades individuais e comunit\u00e1rias, atuando com imparcialidade e autonomia, de forma a rejeitar a interveni\u00eancia de qualquer interesse que n\u00e3o o p\u00fablico e garantir o avan\u00e7o da Educa\u00e7\u00e3o Superior.<\/p>\n<hr \/>\n<h3 style=\"text-align: justify\"><strong>Vis\u00e3o<\/strong><\/h3>\n<p style=\"text-align: justify\">&#8220;A vis\u00e3o do CIBSint \u00e9 ser refer\u00eancia nacional e internacional em pesquisa, desenvolvimento e inova\u00e7\u00e3o em sa\u00fade e agricultura, por meio da gera\u00e7\u00e3o de conhecimento cient\u00edfico e tecnol\u00f3gico de ponta. Queremos ser reconhecidos pela qualidade das pesquisas, pela excel\u00eancia na forma\u00e7\u00e3o de recursos humanos e pela contribui\u00e7\u00e3o para o desenvolvimento econ\u00f4mico e social do pa\u00eds. Al\u00e9m disso, buscamos promover a cultura da inova\u00e7\u00e3o e empreendedorismo, com foco em solu\u00e7\u00f5es tecnol\u00f3gicas que agreguem valor \u00e0 sociedade e ao meio ambiente&#8221;.<\/p>\n","protected":false},"excerpt":{"rendered":"<p>Miss\u00e3o &#8220;O CIBSint tem como miss\u00e3o promover a pesquisa, desenvolvimento e inova\u00e7\u00e3o em \u00e1reas estrat\u00e9gicas para o pa\u00eds, como sa\u00fade e agricultura, por meio da integra\u00e7\u00e3o de conhecimentos cient\u00edficos e tecnol\u00f3gicos, visando estimular o progresso e a evolu\u00e7\u00e3o nessas \u00e1reas. Com o intuito de gerar impacto positivo na sociedade, nosso objetivo \u00e9 promover a intera\u00e7\u00e3o [&hellip;]<\/p>\n","protected":false},"author":126,"featured_media":0,"parent":32,"menu_order":0,"comment_status":"closed","ping_status":"closed","template":"","meta":{"_acf_changed":false,"ngg_post_thumbnail":0,"footnotes":""},"coauthors":[],"class_list":["post-444","page","type-page","status-publish","hentry"],"acf":[],"_links":{"self":[{"href":"https:\/\/cibsint.ufms.br\/en\/wp-json\/wp\/v2\/pages\/444","targetHints":{"allow":["GET"]}}],"collection":[{"href":"https:\/\/cibsint.ufms.br\/en\/wp-json\/wp\/v2\/pages"}],"about":[{"href":"https:\/\/cibsint.ufms.br\/en\/wp-json\/wp\/v2\/types\/page"}],"author":[{"embeddable":true,"href":"https:\/\/cibsint.ufms.br\/en\/wp-json\/wp\/v2\/users\/126"}],"replies":[{"embeddable":true,"href":"https:\/\/cibsint.ufms.br\/en\/wp-json\/wp\/v2\/comments?post=444"}],"version-history":[{"count":10,"href":"https:\/\/cibsint.ufms.br\/en\/wp-json\/wp\/v2\/pages\/444\/revisions"}],"predecessor-version":[{"id":1428,"href":"https:\/\/cibsint.ufms.br\/en\/wp-json\/wp\/v2\/pages\/444\/revisions\/1428"}],"up":[{"embeddable":true,"href":"https:\/\/cibsint.ufms.br\/en\/wp-json\/wp\/v2\/pages\/32"}],"wp:attachment":[{"href":"https:\/\/cibsint.ufms.br\/en\/wp-json\/wp\/v2\/media?parent=444"}],"wp:term":[{"taxonomy":"author","embeddable":true,"href":"https:\/\/cibsint.ufms.br\/en\/wp-json\/wp\/v2\/coauthors?post=444"}],"curies":[{"name":"wp","href":"https:\/\/api.w.org\/{rel}","templated":true}]}}