{"id":38,"date":"2022-05-23T19:00:20","date_gmt":"2022-05-23T23:00:20","guid":{"rendered":"https:\/\/cibsint.ufms.br\/?page_id=38"},"modified":"2025-04-15T11:17:04","modified_gmt":"2025-04-15T15:17:04","slug":"difusao-e-educacao-cientifica","status":"publish","type":"page","link":"https:\/\/cibsint.ufms.br\/en\/difusao-e-educacao-cientifica\/","title":{"rendered":"Educa\u00e7\u00e3o e Difus\u00e3o da CT&amp;I"},"content":{"rendered":"<h1 style=\"text-align: center\"><strong><img fetchpriority=\"high\" decoding=\"async\" class=\"aligncenter wp-image-1377 size-full\" src=\"https:\/\/cibsint.ufms.br\/files\/2024\/12\/side-view-woman-explaining-chemistry-girls-scaled.jpg\" alt=\"\" width=\"2560\" height=\"1707\" srcset=\"https:\/\/cibsint.ufms.br\/files\/2024\/12\/side-view-woman-explaining-chemistry-girls-scaled.jpg 2560w, https:\/\/cibsint.ufms.br\/files\/2024\/12\/side-view-woman-explaining-chemistry-girls-300x200.jpg 300w, https:\/\/cibsint.ufms.br\/files\/2024\/12\/side-view-woman-explaining-chemistry-girls-1024x683.jpg 1024w, https:\/\/cibsint.ufms.br\/files\/2024\/12\/side-view-woman-explaining-chemistry-girls-768x512.jpg 768w, https:\/\/cibsint.ufms.br\/files\/2024\/12\/side-view-woman-explaining-chemistry-girls-1536x1024.jpg 1536w, https:\/\/cibsint.ufms.br\/files\/2024\/12\/side-view-woman-explaining-chemistry-girls-2048x1365.jpg 2048w, https:\/\/cibsint.ufms.br\/files\/2024\/12\/side-view-woman-explaining-chemistry-girls-480x320.jpg 480w, https:\/\/cibsint.ufms.br\/files\/2024\/12\/side-view-woman-explaining-chemistry-girls-350x233.jpg 350w\" sizes=\"(max-width: 2560px) 100vw, 2560px\" \/>Coordena\u00e7\u00e3o de Educa\u00e7\u00e3o e Difus\u00e3o da CT&amp;I<\/strong><\/h1>\n<p style=\"text-align: right\"><em>Respons\u00e1vel: Dra. <a href=\"https:\/\/cibsint.ufms.br\/pesquisadores\/dra-cynthia-mantovani\/\">Cynthia Mantovani<\/a><\/em><\/p>\n<hr \/>\n<p style=\"text-align: justify\">O Centro de Pesquisa e Inova\u00e7\u00e3o em Bioprospec\u00e7\u00e3o e S\u00edntese de Produtos para a Sa\u00fade Humana e Animal (CIBSint) tem como um de seus pilares a promo\u00e7\u00e3o da educa\u00e7\u00e3o e da difus\u00e3o da ci\u00eancia, tecnologia e inova\u00e7\u00e3o (C,T&amp;I). Reconhecendo a import\u00e2ncia de ampliar o acesso ao conhecimento e inspirar novas gera\u00e7\u00f5es de cientistas, o CIBSint desenvolve e apoia diversas iniciativas voltadas \u00e0 forma\u00e7\u00e3o e \u00e0 conscientiza\u00e7\u00e3o cient\u00edfica, tanto no \u00e2mbito acad\u00eamico quanto na sociedade em geral.<\/p>\n<p style=\"text-align: justify\">Uma das a\u00e7\u00f5es de destaque \u00e9 o <a href=\"https:\/\/cibsint.ufms.br\/difusao-e-educacao-cientifica\/clube-de-quimica-organica-da-ufms\/\"><strong>Clube de Qu\u00edmica Org\u00e2nica<\/strong><\/a>, um programa que visa engajar estudantes de diferentes n\u00edveis de forma\u00e7\u00e3o em atividades pr\u00e1ticas, te\u00f3ricas e interativas sobre qu\u00edmica org\u00e2nica. O clube promove workshops, palestras e projetos colaborativos que n\u00e3o apenas aprofundam o aprendizado t\u00e9cnico, mas tamb\u00e9m estimulam o pensamento cr\u00edtico e a criatividade na resolu\u00e7\u00e3o de problemas cient\u00edficos.<\/p>\n<p style=\"text-align: justify\">Al\u00e9m disso, o CIBSint utiliza plataformas digitais como o <a href=\"https:\/\/www.instagram.com\/cibsint\/\" target=\"_blank\" rel=\"noopener\"><strong>Instagram<\/strong><\/a> para difundir ci\u00eancia de forma acess\u00edvel e din\u00e2mica. Por meio de postagens informativas, v\u00eddeos explicativos e transmiss\u00f5es ao vivo, a institui\u00e7\u00e3o aborda temas relevantes da qu\u00edmica, biotecnologia e sa\u00fade, al\u00e9m de divulgar avan\u00e7os e conquistas cient\u00edficas dos projetos desenvolvidos pelo centro. Essa estrat\u00e9gia tem ampliado significativamente o alcance do CIBSint, permitindo que o p\u00fablico geral compreenda o impacto das pesquisas realizadas no cotidiano e na sociedade.<\/p>\n<p style=\"text-align: justify\">Outras iniciativas incluem a realiza\u00e7\u00e3o de <strong>eventos cient\u00edficos<\/strong>, como minicursos, simp\u00f3sios e semanas tem\u00e1ticas, que promovem o interc\u00e2mbio de conhecimentos entre pesquisadores, estudantes e a comunidade. O CIBSint tamb\u00e9m tem se dedicado \u00e0 <strong>educa\u00e7\u00e3o cient\u00edfica em escolas<\/strong>, organizando visitas guiadas aos seus laborat\u00f3rios e atividades interativas que despertam o interesse de jovens pela ci\u00eancia.<\/p>\n<p style=\"text-align: justify\">Essas a\u00e7\u00f5es refletem o compromisso do CIBSint em integrar pesquisa, inova\u00e7\u00e3o e educa\u00e7\u00e3o, fortalecendo o papel da ci\u00eancia como agente de transforma\u00e7\u00e3o social. Ao promover a educa\u00e7\u00e3o e a difus\u00e3o da C,T&amp;I, o centro contribui para a forma\u00e7\u00e3o de cidad\u00e3os mais conscientes e para o desenvolvimento de uma sociedade baseada no conhecimento.<\/p>\n<hr \/>\n<h1>Iniciativas<\/h1>\n<hr \/>\n<h2 style=\"text-align: justify\"><a href=\"https:\/\/cibsint.ufms.br\/difusao-e-educacao-cientifica\/clube-de-quimica-organica-da-ufms\/\"><strong><img decoding=\"async\" class=\"alignleft wp-image-788 size-thumbnail\" src=\"https:\/\/cibsint.ufms.br\/files\/2023\/03\/CQO_Minilogo-com-moldura-150x150.jpg\" alt=\"\" width=\"150\" height=\"150\" srcset=\"https:\/\/cibsint.ufms.br\/files\/2023\/03\/CQO_Minilogo-com-moldura-150x150.jpg 150w, https:\/\/cibsint.ufms.br\/files\/2023\/03\/CQO_Minilogo-com-moldura-300x300.jpg 300w, https:\/\/cibsint.ufms.br\/files\/2023\/03\/CQO_Minilogo-com-moldura-1024x1024.jpg 1024w, https:\/\/cibsint.ufms.br\/files\/2023\/03\/CQO_Minilogo-com-moldura-768x768.jpg 768w, https:\/\/cibsint.ufms.br\/files\/2023\/03\/CQO_Minilogo-com-moldura-1536x1536.jpg 1536w, https:\/\/cibsint.ufms.br\/files\/2023\/03\/CQO_Minilogo-com-moldura-2048x2048.jpg 2048w, https:\/\/cibsint.ufms.br\/files\/2023\/03\/CQO_Minilogo-com-moldura-320x320.jpg 320w\" sizes=\"(max-width: 150px) 100vw, 150px\" \/>Clube de Qu\u00edmica Org\u00e2nica da UFMS &#8211; CQO-UFMS<\/strong><\/a><\/h2>\n<p style=\"text-align: justify\">Uma iniciativa para promover a difus\u00e3o da qu\u00edmica org\u00e2nica e suas tecnologias associadas, fortalecendo o papel do CIBSint na dissemina\u00e7\u00e3o da ci\u00eancia, tecnologia e inova\u00e7\u00e3o para toda a sociedade.<\/p>\n<p>&nbsp;<\/p>\n<p>&nbsp;<\/p>\n<hr \/>\n<h2><a href=\"https:\/\/cibsint.ufms.br\/?page_id=1452&amp;preview=true\"><strong>Ci\u00eancia com Opini\u00e3o<\/strong><\/a><\/h2>\n<p><em>O que os cientistas pensam sobre os temas do nosso dia a dia?<\/em><\/p>\n<p>Nesta s\u00e9rie, pesquisadores compartilham suas ideias e pontos de vista sobre assuntos atuais e curiosidades do mundo da Ci\u00eancia, Tecnologia e Inova\u00e7\u00e3o (CT&amp;I). Tudo com linguagem leve, dados confi\u00e1veis e, claro, um toque de opini\u00e3o com embasamento cient\u00edfico!<\/p>\n<p>Os textos s\u00e3o curtos (at\u00e9 1 p\u00e1gina), publicados em ingl\u00eas e portugu\u00eas, e podem vir acompanhados de gr\u00e1ficos, imagens ou ilustra\u00e7\u00f5es que ajudem na compreens\u00e3o e deixem a leitura ainda mais envolvente.<\/p>\n<p>Uma forma direta, clara e visual de entender como a ci\u00eancia est\u00e1 presente na sua vida \u2014 e no mundo!<\/p>\n<hr \/>\n<p>&nbsp;<\/p>\n<div id=\"attachment_1274\" style=\"width: 1802px\" class=\"wp-caption aligncenter\"><img decoding=\"async\" aria-describedby=\"caption-attachment-1274\" class=\"wp-image-1274 size-full\" src=\"https:\/\/cibsint.ufms.br\/files\/2024\/11\/difusao3.png\" alt=\"\" width=\"1792\" height=\"1024\" srcset=\"https:\/\/cibsint.ufms.br\/files\/2024\/11\/difusao3.png 1792w, https:\/\/cibsint.ufms.br\/files\/2024\/11\/difusao3-300x171.png 300w, https:\/\/cibsint.ufms.br\/files\/2024\/11\/difusao3-1024x585.png 1024w, https:\/\/cibsint.ufms.br\/files\/2024\/11\/difusao3-768x439.png 768w, https:\/\/cibsint.ufms.br\/files\/2024\/11\/difusao3-1536x878.png 1536w, https:\/\/cibsint.ufms.br\/files\/2024\/11\/difusao3-560x320.png 560w\" sizes=\"(max-width: 1792px) 100vw, 1792px\" \/><p id=\"caption-attachment-1274\" class=\"wp-caption-text\">Imagem gerada por IA<\/p><\/div>\n<div id=\"attachment_1288\" style=\"width: 1802px\" class=\"wp-caption aligncenter\"><img loading=\"lazy\" decoding=\"async\" aria-describedby=\"caption-attachment-1288\" class=\"wp-image-1288 size-full\" src=\"https:\/\/cibsint.ufms.br\/files\/2024\/11\/difusao.png\" alt=\"\" width=\"1792\" height=\"1024\" srcset=\"https:\/\/cibsint.ufms.br\/files\/2024\/11\/difusao.png 1792w, https:\/\/cibsint.ufms.br\/files\/2024\/11\/difusao-300x171.png 300w, https:\/\/cibsint.ufms.br\/files\/2024\/11\/difusao-1024x585.png 1024w, https:\/\/cibsint.ufms.br\/files\/2024\/11\/difusao-768x439.png 768w, https:\/\/cibsint.ufms.br\/files\/2024\/11\/difusao-1536x878.png 1536w, https:\/\/cibsint.ufms.br\/files\/2024\/11\/difusao-560x320.png 560w\" sizes=\"(max-width: 1792px) 100vw, 1792px\" \/><p id=\"caption-attachment-1288\" class=\"wp-caption-text\">Imagem gerada por IA<\/p><\/div>\n","protected":false},"excerpt":{"rendered":"<p>Coordena\u00e7\u00e3o de Educa\u00e7\u00e3o e Difus\u00e3o da CT&amp;I Respons\u00e1vel: Dra. Cynthia Mantovani O Centro de Pesquisa e Inova\u00e7\u00e3o em Bioprospec\u00e7\u00e3o e S\u00edntese de Produtos para a Sa\u00fade Humana e Animal (CIBSint) tem como um de seus pilares a promo\u00e7\u00e3o da educa\u00e7\u00e3o e da difus\u00e3o da ci\u00eancia, tecnologia e inova\u00e7\u00e3o (C,T&amp;I). Reconhecendo a import\u00e2ncia de ampliar o [&hellip;]<\/p>\n","protected":false},"author":126,"featured_media":0,"parent":0,"menu_order":0,"comment_status":"closed","ping_status":"closed","template":"page-templates\/full-width.php","meta":{"_acf_changed":false,"ngg_post_thumbnail":0,"footnotes":""},"coauthors":[],"class_list":["post-38","page","type-page","status-publish","hentry"],"acf":[],"_links":{"self":[{"href":"https:\/\/cibsint.ufms.br\/en\/wp-json\/wp\/v2\/pages\/38","targetHints":{"allow":["GET"]}}],"collection":[{"href":"https:\/\/cibsint.ufms.br\/en\/wp-json\/wp\/v2\/pages"}],"about":[{"href":"https:\/\/cibsint.ufms.br\/en\/wp-json\/wp\/v2\/types\/page"}],"author":[{"embeddable":true,"href":"https:\/\/cibsint.ufms.br\/en\/wp-json\/wp\/v2\/users\/126"}],"replies":[{"embeddable":true,"href":"https:\/\/cibsint.ufms.br\/en\/wp-json\/wp\/v2\/comments?post=38"}],"version-history":[{"count":34,"href":"https:\/\/cibsint.ufms.br\/en\/wp-json\/wp\/v2\/pages\/38\/revisions"}],"predecessor-version":[{"id":1454,"href":"https:\/\/cibsint.ufms.br\/en\/wp-json\/wp\/v2\/pages\/38\/revisions\/1454"}],"wp:attachment":[{"href":"https:\/\/cibsint.ufms.br\/en\/wp-json\/wp\/v2\/media?parent=38"}],"wp:term":[{"taxonomy":"author","embeddable":true,"href":"https:\/\/cibsint.ufms.br\/en\/wp-json\/wp\/v2\/coauthors?post=38"}],"curies":[{"name":"wp","href":"https:\/\/api.w.org\/{rel}","templated":true}]}}