{"id":34,"date":"2022-05-23T18:58:58","date_gmt":"2022-05-23T22:58:58","guid":{"rendered":"https:\/\/cibsint.ufms.br\/?page_id=34"},"modified":"2025-11-19T08:49:29","modified_gmt":"2025-11-19T12:49:29","slug":"pesquisa","status":"publish","type":"page","link":"https:\/\/cibsint.ufms.br\/en\/pesquisa\/","title":{"rendered":"Pesquisa"},"content":{"rendered":"<div id=\"attachment_1265\" style=\"width: 4010px\" class=\"wp-caption aligncenter\"><img fetchpriority=\"high\" decoding=\"async\" aria-describedby=\"caption-attachment-1265\" class=\"wp-image-1265 size-full\" src=\"https:\/\/cibsint.ufms.br\/files\/2024\/11\/Mosaico-v.1-com-moldura.png\" alt=\"\" width=\"4000\" height=\"1361\" srcset=\"https:\/\/cibsint.ufms.br\/files\/2024\/11\/Mosaico-v.1-com-moldura.png 4000w, https:\/\/cibsint.ufms.br\/files\/2024\/11\/Mosaico-v.1-com-moldura-300x102.png 300w, https:\/\/cibsint.ufms.br\/files\/2024\/11\/Mosaico-v.1-com-moldura-1024x348.png 1024w, https:\/\/cibsint.ufms.br\/files\/2024\/11\/Mosaico-v.1-com-moldura-768x261.png 768w, https:\/\/cibsint.ufms.br\/files\/2024\/11\/Mosaico-v.1-com-moldura-1536x523.png 1536w, https:\/\/cibsint.ufms.br\/files\/2024\/11\/Mosaico-v.1-com-moldura-2048x697.png 2048w, https:\/\/cibsint.ufms.br\/files\/2024\/11\/Mosaico-v.1-com-moldura-730x248.png 730w\" sizes=\"(max-width: 4000px) 100vw, 4000px\" \/><p id=\"caption-attachment-1265\" class=\"wp-caption-text\">Foco na inova\u00e7\u00e3o em bioprospec\u00e7\u00e3o e s\u00edntese qu\u00edmica integrada \u00e0 natureza.<\/p><\/div>\n<hr \/>\n<h2 style=\"text-align: justify\"><strong>Bioprospec\u00e7\u00e3o<\/strong><\/h2>\n<p style=\"text-align: justify;padding-left: 40px\"><strong><img decoding=\"async\" class=\"alignleft wp-image-741 size-medium\" src=\"https:\/\/cibsint.ufms.br\/files\/2023\/02\/bioprospectar-300x295.png\" alt=\"\" width=\"300\" height=\"295\" srcset=\"https:\/\/cibsint.ufms.br\/files\/2023\/02\/bioprospectar-300x295.png 300w, https:\/\/cibsint.ufms.br\/files\/2023\/02\/bioprospectar-1024x1006.png 1024w, https:\/\/cibsint.ufms.br\/files\/2023\/02\/bioprospectar-768x754.png 768w, https:\/\/cibsint.ufms.br\/files\/2023\/02\/bioprospectar-326x320.png 326w, https:\/\/cibsint.ufms.br\/files\/2023\/02\/bioprospectar.png 1251w\" sizes=\"(max-width: 300px) 100vw, 300px\" \/>Bioprospec\u00e7\u00e3o<\/strong> \u00e9 a explora\u00e7\u00e3o da biodiversidade em busca de novos recursos biol\u00f3gicos de valor social e econ\u00f4mico. \u00c9 realizado por uma ampla gama de ind\u00fastrias, sendo a mais conhecida a ind\u00fastria farmac\u00eautica, mas tamb\u00e9m por uma variedade de ramos da agricultura, manufatura, engenharia, constru\u00e7\u00e3o e muitos outros. A maioria dos antibi\u00f3ticos em uso cl\u00ednico atual (por exemplo, \u03b2-lact\u00e2micos, aminoglicos\u00eddeos, tetraciclinas, macrol\u00eddeos) foi descoberta usando essa abordagem, e h\u00e1 fortes argumentos para priorizar a bioprospec\u00e7\u00e3o em rela\u00e7\u00e3o a outras estrat\u00e9gias na busca de novos medicamentos antibacterianos. O r\u00e1pido surgimento de microrganismos resistentes a m\u00faltiplas drogas tornou-se uma das amea\u00e7as mais cr\u00edticas \u00e0 sa\u00fade p\u00fablica. Uma diminui\u00e7\u00e3o na efic\u00e1cia dos antibi\u00f3ticos dispon\u00edveis levou \u00e0 falha no controle da infec\u00e7\u00e3o, resultando em um alto risco de morte. Entre v\u00e1rias alternativas, os pept\u00eddeos antimicrobianos (AMPs) servem como alternativas potenciais aos antibi\u00f3ticos para resolver o surgimento e a dissemina\u00e7\u00e3o de pat\u00f3genos multirresistentes. Essas pequenas prote\u00ednas exibem atividade antimicrobiana potente e tamb\u00e9m s\u00e3o um componente essencial do sistema imunol\u00f3gico [1].<br \/>\nAl\u00e9m de novos antimicrobianos, a bioprospec\u00e7\u00e3o pode permitir a descoberta de novos agentes antic\u00e2ncer, antif\u00fangicos, antivirais, larvicidas, herbicidas e muitos outros produtos importantes para a sa\u00fade humana, animal e meio ambiente. As subst\u00e2ncias bioativas oriundas de plantas, fungos, bact\u00e9rias e outros podem ser macromol\u00e9culas como prote\u00ednas e pept\u00eddeos (metabolismo prim\u00e1rio) ou as chamadas mol\u00e9culas pequenas (metabolismo secund\u00e1rio).<br \/>\nA bioprospec\u00e7\u00e3o envolve uma s\u00e9rie de etapas, incluindo a coleta de amostras biol\u00f3gicas, a identifica\u00e7\u00e3o dos compostos presentes nelas, a avalia\u00e7\u00e3o da atividade biol\u00f3gica dos compostos e, por fim, a s\u00edntese ou purifica\u00e7\u00e3o dos compostos selecionados para testes mais espec\u00edficos.<br \/>\nA bioprospec\u00e7\u00e3o de novas mol\u00e9culas bioativas \u00e9 um processo importante na descoberta de novos medicamentos, agroqu\u00edmicos e outros produtos de interesse comercial. No entanto, \u00e9 importante ressaltar a import\u00e2ncia de se respeitar os direitos dos povos ind\u00edgenas e comunidades locais que det\u00eam o conhecimento tradicional sobre o uso de plantas e outros recursos naturais. A bioprospec\u00e7\u00e3o \u00e9tica deve incluir medidas para garantir que esses grupos sejam justamente remunerados pelo uso de seus conhecimentos e recursos, e que a explora\u00e7\u00e3o desses recursos seja feita de forma sustent\u00e1vel e respeitosa.<\/p>\n<table style=\"width: 100%;border-collapse: collapse;background-color: #a51c30\">\n<tbody>\n<tr>\n<td style=\"width: 100%;text-align: left\"><span style=\"font-size: 14pt;color: #ffffff\"><strong>Projetos em andamento nesta \u00e1rea<\/strong><\/span><\/td>\n<\/tr>\n<\/tbody>\n<\/table>\n<ul>\n<li>Bioprospec\u00e7\u00e3o de antibi\u00f3ticos produzidos por fungos dos g\u00eaneros <em>Fusarium<\/em> e<em> Acremonium.<\/em><\/li>\n<li>POTENCIAL DE PRODU\u00c7\u00c3O DO CANABIDIOL VIA EXPRESS\u00c3O HETER\u00d3LOGA NA LEVEDURA <em>Saccharomyces cerevisiae<\/em><\/li>\n<li>Produ\u00e7\u00e3o de Precursores de Antibi\u00f3ticos \u03b2-lact\u00e2micos por Hidr\u00f3lise Enzim\u00e1tica<\/li>\n<li>Avalia\u00e7\u00e3o da imobiliza\u00e7\u00e3o da penicilina G acilase em suporte h\u00edbrido<\/li>\n<li>Efeito protetor do biofilme e perfil de metab\u00f3litos produzidos por bact\u00e9rias probi\u00f3ticas<\/li>\n<li>Estudo da produ\u00e7\u00e3o de Cefalosporina C por <em>Acremonium chrysogenum<\/em> a partir de substratos diversos.<\/li>\n<\/ul>\n<hr \/>\n<h2 style=\"text-align: justify\"><strong>S\u00edntese Org\u00e2nica, Qu\u00edmica Medicinal e Agricultura<\/strong><\/h2>\n<p style=\"text-align: justify;padding-left: 40px\"><img decoding=\"async\" class=\"alignleft wp-image-744 size-medium\" src=\"https:\/\/cibsint.ufms.br\/files\/2023\/02\/flow-300x283.png\" alt=\"\" width=\"300\" height=\"283\" srcset=\"https:\/\/cibsint.ufms.br\/files\/2023\/02\/flow-300x283.png 300w, https:\/\/cibsint.ufms.br\/files\/2023\/02\/flow-1024x964.png 1024w, https:\/\/cibsint.ufms.br\/files\/2023\/02\/flow-768x723.png 768w, https:\/\/cibsint.ufms.br\/files\/2023\/02\/flow-340x320.png 340w, https:\/\/cibsint.ufms.br\/files\/2023\/02\/flow.png 1303w\" sizes=\"(max-width: 300px) 100vw, 300px\" \/>A <strong>s\u00edntese org\u00e2nica<\/strong> se dedica \u00e0 cria\u00e7\u00e3o de mol\u00e9culas org\u00e2nicas complexas a partir de estruturas mais simples. Na ind\u00fastria farmac\u00eautica e agroqu\u00edmica, a s\u00edntese org\u00e2nica desempenha um papel fundamental na produ\u00e7\u00e3o de medicamentos e agroqu\u00edmicos, respectivamente. Os medicamentos s\u00e3o compostos qu\u00edmicos que t\u00eam a capacidade de curar, prevenir ou tratar doen\u00e7as. A s\u00edntese org\u00e2nica \u00e9 usada para produzir mol\u00e9culas complexas que possam atingir alvos espec\u00edficos dentro do organismo. Para isso, s\u00e3o usados m\u00e9todos como a s\u00edntese de pept\u00eddeos, a produ\u00e7\u00e3o de esteroides, a s\u00edntese de \u00e1cidos nucleicos e a cria\u00e7\u00e3o de mol\u00e9culas bioativas. Os medicamentos sint\u00e9ticos produzidos por meio da s\u00edntese org\u00e2nica t\u00eam a vantagem de ter uma estrutura molecular definida e controlada, o que permite um melhor controle de qualidade e efic\u00e1cia. J\u00e1 os agroqu\u00edmicos s\u00e3o produtos qu\u00edmicos usados na agricultura para controlar as pragas e doen\u00e7as das plantas, aumentando a produtividade. A s\u00edntese org\u00e2nica \u00e9 usada para produzir mol\u00e9culas que t\u00eam a capacidade de combater as pragas e doen\u00e7as das plantas, como inseticidas, fungicidas e herbicidas. Estes compostos s\u00e3o criados para ter um alto grau de especificidade, sendo t\u00f3xicos apenas para o alvo pretendido e n\u00e3o para outras formas de vida. A s\u00edntese org\u00e2nica tamb\u00e9m \u00e9 usada para produzir aditivos alimentares, que podem melhorar a apar\u00eancia, sabor e conserva\u00e7\u00e3o dos alimentos. Em resumo, a s\u00edntese org\u00e2nica \u00e9 uma t\u00e9cnica crucial na produ\u00e7\u00e3o de medicamentos e agroqu\u00edmicos, pois permite a cria\u00e7\u00e3o de mol\u00e9culas complexas com precis\u00e3o molecular, alta especificidade e efic\u00e1cia terap\u00eautica ou agr\u00edcola.<br \/>\nA descoberta e o desenvolvimento de novos compostos org\u00e2nicos naturais ou sint\u00e9ticos de utilidade biom\u00e9dica s\u00e3o um componente cr\u00edtico da pesquisa qu\u00edmica medicinal. A s\u00edntese org\u00e2nica, portanto, ocupa um papel central em qualquer empreendimento de desenvolvimento de novas mol\u00e9culas para aplica\u00e7\u00f5es biol\u00f3gicas e\/ou tecnol\u00f3gicas. Por exemplo, o processo de produ\u00e7\u00e3o de um medicamento, desde a descoberta de uma mol\u00e9cula com estrutura promissora para dado alvo biol\u00f3gico at\u00e9 a comercializa\u00e7\u00e3o, passa por diversos processos que buscam garantir a sua efic\u00e1cia, como tamb\u00e9m procurar melhores formas de se produzir o objeto de consumo. Dessa forma, \u00e9 preocupa\u00e7\u00e3o constante da s\u00edntese org\u00e2nica a busca por rotas rent\u00e1veis que minimizem a perda de reagentes e possibilitem diminui\u00e7\u00e3o da produ\u00e7\u00e3o de res\u00edduos qu\u00edmicos.<\/p>\n<table style=\"width: 100%;border-collapse: collapse;background-color: #a51c30\">\n<tbody>\n<tr>\n<td style=\"width: 100%;text-align: left\"><span style=\"font-size: 14pt;color: #ffffff\"><strong>Projetos em andamento nesta \u00e1rea<\/strong><\/span><\/td>\n<\/tr>\n<\/tbody>\n<\/table>\n<ul>\n<li>Utilizando a estrat\u00e9gia PROTAC para degradar COPZ1 e eliminar seletivamente c\u00e9lulas de PDAC (CNPq ConhecBrasil-REDES)<\/li>\n<li>S\u00edntese e Determina\u00e7\u00e3o da Atividade Antimicrobiana de Novas Cefalosporinas Produzidas a partir do \u00c1cido 7-aminocefalospor\u00e2nico (7-ACA) Frente a Bact\u00e9rias Gram-Positivas e Gram-Negativas Multirresistentes<\/li>\n<li>Estudos da s\u00edntese de canabinoides (canabidiol e canabigerol)<\/li>\n<li>Rumo \u00e0 S\u00edntese de Antibi\u00f3ticos \u03b2-Lact\u00e2micos em Processo de Fluxo Cont\u00ednuo: CEFALOSPORINA C e PENICILINA G<\/li>\n<li>Produ\u00e7\u00e3o de intermedi\u00e1rios de s\u00edntese para IFAs de antibi\u00f3ticos \u03b2-lact\u00e2micos em processo de fluxo cont\u00ednuo<\/li>\n<li>Usando a s\u00edntese orientada pela diversidade estrutural (DOS) como estrat\u00e9gia para descoberta de novos agentes antibacterianos e antivirais<\/li>\n<\/ul>\n<hr \/>\n<p><strong>Refer\u00eancias:<\/strong><\/p>\n[1]\u00a0\u00a0\u00a0\u00a0\u00a0\u00a0 Cushnie, T. P. T.; Cushnie, B. et al.<em> Pharm. Res. <\/em>2020, 37, 125.<\/p>\n<hr \/>\n<p><img loading=\"lazy\" decoding=\"async\" class=\"alignnone wp-image-1413 size-full\" src=\"https:\/\/cibsint.ufms.br\/files\/2024\/12\/Logotipo-CIBSint-com-descricao-original.png\" alt=\"\" width=\"6312\" height=\"1848\" srcset=\"https:\/\/cibsint.ufms.br\/files\/2024\/12\/Logotipo-CIBSint-com-descricao-original.png 6312w, https:\/\/cibsint.ufms.br\/files\/2024\/12\/Logotipo-CIBSint-com-descricao-original-300x88.png 300w, https:\/\/cibsint.ufms.br\/files\/2024\/12\/Logotipo-CIBSint-com-descricao-original-1024x300.png 1024w, https:\/\/cibsint.ufms.br\/files\/2024\/12\/Logotipo-CIBSint-com-descricao-original-768x225.png 768w, https:\/\/cibsint.ufms.br\/files\/2024\/12\/Logotipo-CIBSint-com-descricao-original-1536x450.png 1536w, https:\/\/cibsint.ufms.br\/files\/2024\/12\/Logotipo-CIBSint-com-descricao-original-2048x600.png 2048w, https:\/\/cibsint.ufms.br\/files\/2024\/12\/Logotipo-CIBSint-com-descricao-original-730x214.png 730w\" sizes=\"(max-width: 6312px) 100vw, 6312px\" \/><\/p>\n","protected":false},"excerpt":{"rendered":"<p>Bioprospec\u00e7\u00e3o Bioprospec\u00e7\u00e3o \u00e9 a explora\u00e7\u00e3o da biodiversidade em busca de novos recursos biol\u00f3gicos de valor social e econ\u00f4mico. \u00c9 realizado por uma ampla gama de ind\u00fastrias, sendo a mais conhecida a ind\u00fastria farmac\u00eautica, mas tamb\u00e9m por uma variedade de ramos da agricultura, manufatura, engenharia, constru\u00e7\u00e3o e muitos outros. A maioria dos antibi\u00f3ticos em uso cl\u00ednico [&hellip;]<\/p>\n","protected":false},"author":126,"featured_media":0,"parent":0,"menu_order":0,"comment_status":"closed","ping_status":"closed","template":"page-templates\/full-width.php","meta":{"_acf_changed":false,"ngg_post_thumbnail":0,"footnotes":""},"coauthors":[6],"class_list":["post-34","page","type-page","status-publish","hentry"],"acf":[],"_links":{"self":[{"href":"https:\/\/cibsint.ufms.br\/en\/wp-json\/wp\/v2\/pages\/34","targetHints":{"allow":["GET"]}}],"collection":[{"href":"https:\/\/cibsint.ufms.br\/en\/wp-json\/wp\/v2\/pages"}],"about":[{"href":"https:\/\/cibsint.ufms.br\/en\/wp-json\/wp\/v2\/types\/page"}],"author":[{"embeddable":true,"href":"https:\/\/cibsint.ufms.br\/en\/wp-json\/wp\/v2\/users\/126"}],"replies":[{"embeddable":true,"href":"https:\/\/cibsint.ufms.br\/en\/wp-json\/wp\/v2\/comments?post=34"}],"version-history":[{"count":35,"href":"https:\/\/cibsint.ufms.br\/en\/wp-json\/wp\/v2\/pages\/34\/revisions"}],"predecessor-version":[{"id":1507,"href":"https:\/\/cibsint.ufms.br\/en\/wp-json\/wp\/v2\/pages\/34\/revisions\/1507"}],"wp:attachment":[{"href":"https:\/\/cibsint.ufms.br\/en\/wp-json\/wp\/v2\/media?parent=34"}],"wp:term":[{"taxonomy":"author","embeddable":true,"href":"https:\/\/cibsint.ufms.br\/en\/wp-json\/wp\/v2\/coauthors?post=34"}],"curies":[{"name":"wp","href":"https:\/\/api.w.org\/{rel}","templated":true}]}}