{"id":336,"date":"2022-05-29T15:27:59","date_gmt":"2022-05-29T19:27:59","guid":{"rendered":"https:\/\/cibsint.ufms.br\/?page_id=336"},"modified":"2024-04-06T22:37:43","modified_gmt":"2024-04-07T02:37:43","slug":"dra-maria-ligia-rodrigues-macedo","status":"publish","type":"page","link":"https:\/\/cibsint.ufms.br\/en\/pesquisadores\/dra-maria-ligia-rodrigues-macedo\/","title":{"rendered":"Dra. Maria Ligia Rodrigues Macedo"},"content":{"rendered":"<p style=\"text-align: justify\"><img decoding=\"async\" class=\"alignleft wp-image-177 size-thumbnail\" src=\"https:\/\/cibsint.ufms.br\/files\/2022\/05\/maria_ligia-150x150.png\" alt=\"\" width=\"150\" height=\"150\" \/>H\u00e1 mais de tr\u00eas d\u00e9cadas, a pesquisadora Ligia Macedo e sua equipe vem trabalhando com a Defesa Bioqu\u00edmica de Plantas a Pragas Agr\u00edcolas com o objetivo de produzir defensivos ecologicamente favor\u00e1veis. Para isso, os pesquisadores do Laborat\u00f3rio de Purifica\u00e7\u00e3o de Proteinas e suas Fun\u00e7\u00f5es Biol\u00f3gicas (LPPFB) t\u00eam estudado prote\u00ednas e pept\u00eddeos de insetos e plantas. O LPPFB possui equipamentos de baixa, m\u00e9dia e alta tecnologia, e envolve pesquisadores das \u00e1reas de computa\u00e7\u00e3o, f\u00edsica, farm\u00e1cia, bioqu\u00edmica e biologia que atuam com foco no desenvolvimento de inseticidas e antimicrobianos \u201cinspirados\u201d em mol\u00e9culas capazes de aumentar a produ\u00e7\u00e3o agr\u00edcola, atrav\u00e9s do controle de danos causados por insetos e fitopat\u00f3genos.<\/p>\n<p style=\"text-align: justify\">O LPPFB possui v\u00e1rias teses, disserta\u00e7\u00f5es, artigos, projetos financiados por \u00f3rg\u00e3os de fomentos e empresa, e pedidos de patentes na \u00e1rea de desenvolvimento de prote\u00ednas e pept\u00eddeos de import\u00e2ncia agron\u00f4mica, principalmente visando insetos e pat\u00f3genos. Dispomos de um dos principais parques tecnol\u00f3gicos do Centro-Oeste para purifica\u00e7\u00e3o e s\u00edntese de biomol\u00e9culas de interesse agron\u00f4mico. Desenvolvemos e sintetizamos pept\u00eddeos bioinspirados atrav\u00e9s de m\u00e9todos computacionais (desenhos <em>in s\u00edlico<\/em>, modelagem molecular, bibliotecas, etc.) que envolvem tamb\u00e9m outras t\u00e9cnicas como resson\u00e2ncia magn\u00e9tica e microscopia de for\u00e7a at\u00f4mica molecular.<\/p>\n<p style=\"text-align: justify\">Dentre nosso foco de biomol\u00e9culas ressaltamos os inibidores de proteases e os pept\u00eddeos naturais. A partir dessas mol\u00e9culas produzimos pept\u00eddeos sint\u00e9ticos para desempenhar as fun\u00e7\u00f5es biol\u00f3gicas desejadas. Atualmente, focamos em desenvolver pept\u00eddeos inseticidas com propriedades antimicrobianas.<\/p>\n<p style=\"text-align: justify\">O LPPFB disp\u00f5e de expertise que pode ser comprovado pelo Lattes da pesquisadora Ligia Macedo, l\u00edder do grupo (<a href=\"http:\/\/lattes.cnpq.br\/3603810130381168\" target=\"_blank\" rel=\"noopener\">http:\/\/lattes.cnpq.br\/3603810130381168<\/a>). Aqui ressaltamos o pr\u00eamio de melhor tese-CAPES de 2020 (doutorado), onde a pesquisadora obteve o 1\u00ba lugar na \u00e1rea de Agricultura, atuando como co-orientadora de uma tese da Universidade de Vi\u00e7osa, intitulada\u00a0 \u201d<em> Modelagem molecular e cin\u00e9tica enzim\u00e1tica: an\u00e1lises da inibi\u00e7\u00e3o de tripsinas de pragas Lepidoptera por prote\u00ednas envolvidas na defesa de plantas<\/em>\u00a0\u201c, tese essa que gerou o registro de patente, no Instituto Nacional da Propriedade Industrial (INPI), da inven\u00e7\u00e3o\u00a0<em>Composi\u00e7\u00f5es bioinseticidas contendo pept\u00eddeos e uso contra pragas agr\u00edcolas<\/em>.<\/p>\n<p style=\"text-align: justify\">Recentemente, 2021, Ligia Macedo e equipe aprovaram uma Unidade Embrapii denominada <a href=\"https:\/\/agrotec.ufms.br\/\" target=\"_blank\" rel=\"noopener\">Agrotec-UFMS<\/a>, que visa a bioeconomia para o Agroneg\u00f3cio.<\/p>\n<p style=\"text-align: justify\">A pesquisadora Ligia Macedo tamb\u00e9m faz parte da equipe do INCT denominado Instituto Nacional de Ci\u00eancia e Tecnologia (INCT) \u201cBioinspiration Bioinspir \u2014 <em>Bioinspired molecules applied to increase the production and quality of animal protein<\/em>\u201d instalado no campus da Universidade Cat\u00f3lica Dom Bosco (UCDB). Atualmente \u00e9 pesquisadora 1C do CNPq. Ganhadora do Pr\u00eamio FINEP em Ci\u00eancia e Tecnologia em 2012 (3\u00ba lugar), 2013 e 2015 (1\u00ba lugar). Professora Homenageada pela contribui\u00e7\u00e3o \u00e0 Ciencia pela Sociedade Brasileira para o Progresso da Ciencia (SBPC, 2019), homenageada com a \u201cL\u00c1UREA JO\u00c3O FLORENTINO MEIRA DE VASCONCELLOS DE INOVA\u00c7\u00c3O FARMAC\u00caUTICA\u201d pela Academia Brasileira de Ciencias Farmaceuticas (2019), reconhecida como <em>Rosalind Member of London Journals<\/em> pela <em>London Journal Press<\/em> (2020). Foi Conselheira Superior da Fundect (2016-2020). Foi Diretora da Faculdade de Ci\u00eancias Farmac\u00eauticas, Alimentos e Nutri\u00e7\u00e3o da UFMS, per\u00edodo de 2017-2020. Atualmente \u00e9 Pr\u00f3-reitora de Pesquisa e P\u00f3s-gradua\u00e7\u00e3o da UFMS. Conselheira da Sociedade Brasileira de Bioqu\u00edmica e Biologia Molecular-SBBq (2021-2024). Conselheira da Sociedade Brasileira para o Progresso da Ci\u00eancia-SBPC (2021-2023). Vice coordenadora do F\u00f3rum de Pr\u00f3-reitores do Centro-Oeste (FOPROP).<\/p>\n<p><em><strong><a href=\"http:\/\/lattes.cnpq.br\/3603810130381168\" target=\"_blank\" rel=\"noopener noreferrer\">Curriculum Lattes<\/a><\/strong><\/em><\/p>\n<hr \/>\n<p><em>Contato:<\/em><\/p>\n<p><em>Tel.:<\/em> +55 67 3345 7651<br \/>\n<em>E-mail<\/em>: ligiamacedo18@gmail.com<br \/>\n<em>Website do Grupo<\/em>: <a href=\"https:\/\/lppfb.ufms.br\/\" target=\"_blank\" rel=\"noopener\">https:\/\/lppfb.ufms.br\/<\/a><\/p>\n","protected":false},"excerpt":{"rendered":"<p>H\u00e1 mais de tr\u00eas d\u00e9cadas, a pesquisadora Ligia Macedo e sua equipe vem trabalhando com a Defesa Bioqu\u00edmica de Plantas a Pragas Agr\u00edcolas com o objetivo de produzir defensivos ecologicamente favor\u00e1veis. Para isso, os pesquisadores do Laborat\u00f3rio de Purifica\u00e7\u00e3o de Proteinas e suas Fun\u00e7\u00f5es Biol\u00f3gicas (LPPFB) t\u00eam estudado prote\u00ednas e pept\u00eddeos de insetos e plantas. [&hellip;]<\/p>\n","protected":false},"author":126,"featured_media":0,"parent":154,"menu_order":0,"comment_status":"closed","ping_status":"closed","template":"page-templates\/page-subcoordenadoria.php","meta":{"_acf_changed":false,"ngg_post_thumbnail":0,"footnotes":""},"coauthors":[],"class_list":["post-336","page","type-page","status-publish","hentry"],"acf":[],"_links":{"self":[{"href":"https:\/\/cibsint.ufms.br\/en\/wp-json\/wp\/v2\/pages\/336","targetHints":{"allow":["GET"]}}],"collection":[{"href":"https:\/\/cibsint.ufms.br\/en\/wp-json\/wp\/v2\/pages"}],"about":[{"href":"https:\/\/cibsint.ufms.br\/en\/wp-json\/wp\/v2\/types\/page"}],"author":[{"embeddable":true,"href":"https:\/\/cibsint.ufms.br\/en\/wp-json\/wp\/v2\/users\/126"}],"replies":[{"embeddable":true,"href":"https:\/\/cibsint.ufms.br\/en\/wp-json\/wp\/v2\/comments?post=336"}],"version-history":[{"count":10,"href":"https:\/\/cibsint.ufms.br\/en\/wp-json\/wp\/v2\/pages\/336\/revisions"}],"predecessor-version":[{"id":1068,"href":"https:\/\/cibsint.ufms.br\/en\/wp-json\/wp\/v2\/pages\/336\/revisions\/1068"}],"up":[{"embeddable":true,"href":"https:\/\/cibsint.ufms.br\/en\/wp-json\/wp\/v2\/pages\/154"}],"wp:attachment":[{"href":"https:\/\/cibsint.ufms.br\/en\/wp-json\/wp\/v2\/media?parent=336"}],"wp:term":[{"taxonomy":"author","embeddable":true,"href":"https:\/\/cibsint.ufms.br\/en\/wp-json\/wp\/v2\/coauthors?post=336"}],"curies":[{"name":"wp","href":"https:\/\/api.w.org\/{rel}","templated":true}]}}