{"id":325,"date":"2022-05-29T15:13:43","date_gmt":"2022-05-29T19:13:43","guid":{"rendered":"https:\/\/cibsint.ufms.br\/?page_id=325"},"modified":"2023-02-22T09:59:35","modified_gmt":"2023-02-22T13:59:35","slug":"dr-denis-pires-de-lima","status":"publish","type":"page","link":"https:\/\/cibsint.ufms.br\/en\/pesquisadores\/dr-denis-pires-de-lima\/","title":{"rendered":"Dr. D\u00eanis Pires de Lima"},"content":{"rendered":"<p style=\"text-align: justify\"><img decoding=\"async\" class=\"alignleft wp-image-172 size-thumbnail\" src=\"https:\/\/cibsint.ufms.br\/files\/2022\/05\/denis_lima-150x150.png\" alt=\"\" width=\"150\" height=\"150\" \/>Possui gradua\u00e7\u00e3o em Farm\u00e1cia pela UFMG. Doutorado pela UFMG com bolsa sandu\u00edche (CNPq) no <em>Department of Chemistry da University of Alberta<\/em>-Canad\u00e1. P\u00f3s-doutorado no <em>Department of Chemistry da University of Liverpool<\/em> (UK)-CAPES. \u00c9 pesquisador s\u00eanior da Universidade Federal de Mato Grosso do Sul. Tem experi\u00eancia na \u00e1rea de Qu\u00edmica Org\u00e2nica focada na prepara\u00e7\u00e3o de compostos bioativos. Orienta trabalhos de s\u00edntese de naftoquinonas, flavonoides e 1,3,4-oxadiaz\u00f3is para a realiza\u00e7\u00e3o de testes de atividade biol\u00f3gica com a colabora\u00e7\u00e3o de pesquisadores nacionais e internacionais. \u00c9 Bolsista do CNPq &#8211; N\u00edvel 2, publicou mais de 89 artigos cient\u00edficos, tem 19 patentes depositadas, apresenta \u00edndice H 14, j\u00e1 orientou 21 alunos de mestrado e 8 alunos de doutorado. J\u00e1 coordenou mais de 20 projetos cient\u00edficos e tecnol\u00f3gicos, incluindo projetos de pesquisa financiados por empresas privadas.<\/p>\n<p style=\"text-align: justify\"><em><strong><a href=\"http:\/\/lattes.cnpq.br\/2112666591296772\" target=\"_blank\" rel=\"noopener noreferrer\">Curriculum Lattes<\/a>\u00a0<\/strong><\/em><\/p>\n<hr \/>\n<p style=\"text-align: justify\" data-uw-styling-context=\"true\"><em data-uw-styling-context=\"true\">Contato:<\/em><\/p>\n<p style=\"text-align: justify\" data-uw-styling-context=\"true\"><em data-uw-styling-context=\"true\">Tel.:<\/em>\u00a0+55 67 3345 3676<br data-uw-styling-context=\"true\" \/><em data-uw-styling-context=\"true\">E-mail<\/em>: <a href=\"mailto:denis.lima@ufms.br\">denis.lima@ufms.br<\/a><br data-uw-styling-context=\"true\" \/><em data-uw-styling-context=\"true\">Website do Grupo<\/em>:\u00a0<a href=\"https:\/\/sintmol.ufms.br\/equipe\/docentes\/prof-denis-p-de-lima\/\" target=\"_blank\" rel=\"noopener\" data-uw-styling-context=\"true\">https:\/\/sintmol.ufms.br\/equipe\/docentes\/prof-denis-p-de-lima\/<\/a><\/p>\n","protected":false},"excerpt":{"rendered":"<p>Possui gradua\u00e7\u00e3o em Farm\u00e1cia pela UFMG. Doutorado pela UFMG com bolsa sandu\u00edche (CNPq) no Department of Chemistry da University of Alberta-Canad\u00e1. P\u00f3s-doutorado no Department of Chemistry da University of Liverpool (UK)-CAPES. \u00c9 pesquisador s\u00eanior da Universidade Federal de Mato Grosso do Sul. Tem experi\u00eancia na \u00e1rea de Qu\u00edmica Org\u00e2nica focada na prepara\u00e7\u00e3o de compostos bioativos. [&hellip;]<\/p>\n","protected":false},"author":126,"featured_media":0,"parent":154,"menu_order":0,"comment_status":"closed","ping_status":"closed","template":"page-templates\/page-subcoordenadoria.php","meta":{"_acf_changed":false,"ngg_post_thumbnail":0,"footnotes":""},"coauthors":[],"class_list":["post-325","page","type-page","status-publish","hentry"],"acf":[],"_links":{"self":[{"href":"https:\/\/cibsint.ufms.br\/en\/wp-json\/wp\/v2\/pages\/325","targetHints":{"allow":["GET"]}}],"collection":[{"href":"https:\/\/cibsint.ufms.br\/en\/wp-json\/wp\/v2\/pages"}],"about":[{"href":"https:\/\/cibsint.ufms.br\/en\/wp-json\/wp\/v2\/types\/page"}],"author":[{"embeddable":true,"href":"https:\/\/cibsint.ufms.br\/en\/wp-json\/wp\/v2\/users\/126"}],"replies":[{"embeddable":true,"href":"https:\/\/cibsint.ufms.br\/en\/wp-json\/wp\/v2\/comments?post=325"}],"version-history":[{"count":5,"href":"https:\/\/cibsint.ufms.br\/en\/wp-json\/wp\/v2\/pages\/325\/revisions"}],"predecessor-version":[{"id":784,"href":"https:\/\/cibsint.ufms.br\/en\/wp-json\/wp\/v2\/pages\/325\/revisions\/784"}],"up":[{"embeddable":true,"href":"https:\/\/cibsint.ufms.br\/en\/wp-json\/wp\/v2\/pages\/154"}],"wp:attachment":[{"href":"https:\/\/cibsint.ufms.br\/en\/wp-json\/wp\/v2\/media?parent=325"}],"wp:term":[{"taxonomy":"author","embeddable":true,"href":"https:\/\/cibsint.ufms.br\/en\/wp-json\/wp\/v2\/coauthors?post=325"}],"curies":[{"name":"wp","href":"https:\/\/api.w.org\/{rel}","templated":true}]}}