{"id":32,"date":"2022-05-23T18:58:33","date_gmt":"2022-05-23T22:58:33","guid":{"rendered":"https:\/\/cibsint.ufms.br\/?page_id=32"},"modified":"2024-11-07T16:51:23","modified_gmt":"2024-11-07T20:51:23","slug":"sobre-o-cibsint","status":"publish","type":"page","link":"https:\/\/cibsint.ufms.br\/en\/sobre-o-cibsint\/","title":{"rendered":"O CIBSint"},"content":{"rendered":"<p>https:\/\/cibsint.ufms.br\/sobre-o-cibsint-2\/<\/p>\n<blockquote class=\"wp-embedded-content\" data-secret=\"bqlIH1iy3E\"><p><a href=\"https:\/\/cibsint.ufms.br\/sobre-o-cibsint\/visao-e-missao\/\">Vis\u00e3o, Miss\u00e3o e Valores<\/a><\/p><\/blockquote>\n<p><iframe class=\"wp-embedded-content\" sandbox=\"allow-scripts\" security=\"restricted\" style=\"position: absolute; visibility: hidden;\" title=\"&#8220;Vis\u00e3o, Miss\u00e3o e Valores&#8221; &#8212; CIBSint\" src=\"https:\/\/cibsint.ufms.br\/sobre-o-cibsint\/visao-e-missao\/embed\/#?secret=EU3qWAfejS#?secret=bqlIH1iy3E\" data-secret=\"bqlIH1iy3E\" width=\"500\" height=\"282\" frameborder=\"0\" marginwidth=\"0\" marginheight=\"0\" scrolling=\"no\"><\/iframe><\/p>\n<blockquote class=\"wp-embedded-content\" data-secret=\"0iPiRKaFfE\"><p><a href=\"https:\/\/cibsint.ufms.br\/sobre-o-cibsint\/comite_executivo\/\">Comit\u00ea Executivo<\/a><\/p><\/blockquote>\n<p><iframe class=\"wp-embedded-content\" sandbox=\"allow-scripts\" security=\"restricted\" style=\"position: absolute; visibility: hidden;\" title=\"&#8220;Comit\u00ea Executivo&#8221; &#8212; CIBSint\" src=\"https:\/\/cibsint.ufms.br\/sobre-o-cibsint\/comite_executivo\/embed\/#?secret=0Nl8xWxba0#?secret=0iPiRKaFfE\" data-secret=\"0iPiRKaFfE\" width=\"500\" height=\"282\" frameborder=\"0\" marginwidth=\"0\" marginheight=\"0\" scrolling=\"no\"><\/iframe><\/p>\n<blockquote class=\"wp-embedded-content\" data-secret=\"Rwt96u3g28\"><p><a href=\"https:\/\/cibsint.ufms.br\/pesquisadores\/\">Pesquisadores<\/a><\/p><\/blockquote>\n<p><iframe class=\"wp-embedded-content\" sandbox=\"allow-scripts\" security=\"restricted\" style=\"position: absolute; visibility: hidden;\" title=\"&#8220;Pesquisadores&#8221; &#8212; CIBSint\" src=\"https:\/\/cibsint.ufms.br\/pesquisadores\/embed\/#?secret=nZfccb7oCx#?secret=Rwt96u3g28\" data-secret=\"Rwt96u3g28\" width=\"500\" height=\"282\" frameborder=\"0\" marginwidth=\"0\" marginheight=\"0\" scrolling=\"no\"><\/iframe><\/p>\n<blockquote class=\"wp-embedded-content\" data-secret=\"TsklafFp8A\"><p><a href=\"https:\/\/cibsint.ufms.br\/laboratorios-associados\/\">Laborat\u00f3rios<\/a><\/p><\/blockquote>\n<p><iframe class=\"wp-embedded-content\" sandbox=\"allow-scripts\" security=\"restricted\" style=\"position: absolute; visibility: hidden;\" title=\"&#8220;Laborat\u00f3rios&#8221; &#8212; CIBSint\" src=\"https:\/\/cibsint.ufms.br\/laboratorios-associados\/embed\/#?secret=9wXcUomjV9#?secret=TsklafFp8A\" data-secret=\"TsklafFp8A\" width=\"500\" height=\"282\" frameborder=\"0\" marginwidth=\"0\" marginheight=\"0\" scrolling=\"no\"><\/iframe><\/p>\n","protected":false},"excerpt":{"rendered":"<p>https:\/\/cibsint.ufms.br\/sobre-o-cibsint-2\/ Vis\u00e3o, Miss\u00e3o e Valores Comit\u00ea Executivo Pesquisadores<\/p>\n","protected":false},"author":126,"featured_media":0,"parent":0,"menu_order":0,"comment_status":"closed","ping_status":"closed","template":"","meta":{"_acf_changed":false,"ngg_post_thumbnail":0,"footnotes":""},"coauthors":[],"class_list":["post-32","page","type-page","status-publish","hentry"],"acf":[],"_links":{"self":[{"href":"https:\/\/cibsint.ufms.br\/en\/wp-json\/wp\/v2\/pages\/32","targetHints":{"allow":["GET"]}}],"collection":[{"href":"https:\/\/cibsint.ufms.br\/en\/wp-json\/wp\/v2\/pages"}],"about":[{"href":"https:\/\/cibsint.ufms.br\/en\/wp-json\/wp\/v2\/types\/page"}],"author":[{"embeddable":true,"href":"https:\/\/cibsint.ufms.br\/en\/wp-json\/wp\/v2\/users\/126"}],"replies":[{"embeddable":true,"href":"https:\/\/cibsint.ufms.br\/en\/wp-json\/wp\/v2\/comments?post=32"}],"version-history":[{"count":10,"href":"https:\/\/cibsint.ufms.br\/en\/wp-json\/wp\/v2\/pages\/32\/revisions"}],"predecessor-version":[{"id":1264,"href":"https:\/\/cibsint.ufms.br\/en\/wp-json\/wp\/v2\/pages\/32\/revisions\/1264"}],"wp:attachment":[{"href":"https:\/\/cibsint.ufms.br\/en\/wp-json\/wp\/v2\/media?parent=32"}],"wp:term":[{"taxonomy":"author","embeddable":true,"href":"https:\/\/cibsint.ufms.br\/en\/wp-json\/wp\/v2\/coauthors?post=32"}],"curies":[{"name":"wp","href":"https:\/\/api.w.org\/{rel}","templated":true}]}}