{"id":314,"date":"2022-05-29T12:47:37","date_gmt":"2022-05-29T16:47:37","guid":{"rendered":"https:\/\/cibsint.ufms.br\/?page_id=314"},"modified":"2022-06-04T15:05:25","modified_gmt":"2022-06-04T19:05:25","slug":"dra-ana-camila-micheletti","status":"publish","type":"page","link":"https:\/\/cibsint.ufms.br\/en\/pesquisadores\/dra-ana-camila-micheletti\/","title":{"rendered":"Dra. Ana Camila Micheletti"},"content":{"rendered":"<p style=\"text-align: justify\"><img decoding=\"async\" class=\"alignleft wp-image-170 size-thumbnail\" src=\"https:\/\/cibsint.ufms.br\/files\/2022\/05\/ana_camila-150x150.png\" alt=\"\" width=\"150\" height=\"150\">Possui gradua\u00e7\u00e3o em Qu\u00edmica Bacharelado (2004), Mestrado em Qu\u00edmica, na \u00e1rea de Qu\u00edmica Org\u00e2nica, ambos pela Universidade Federal de Mato Grosso do Sul. \u00c9 Doutora em Qu\u00edmica do Cerrado e do Pantanal, pelo programa multiinstitucional UFG &#8211; UFMS &#8211; UFU &#8211; na UFMS, com \u00e1rea de concentra\u00e7\u00e3o em Qu\u00edmica Org\u00e2nica. Atua principalmente nos temas: qu\u00edmica de liquens e modifica\u00e7\u00e3o estrutural de produtos naturais, s\u00edntese org\u00e2nica, s\u00edntese de mol\u00e9culas bioativas e avalia\u00e7\u00e3o de atividade antibi\u00f3tica.<span class=\"texto\"> Possui 22 artigos cient\u00edficos publicados, j\u00e1 coordenou ou coordena 3 projetos de pesquisa com fomento. Orientou 3 alunos de mestrado e 2 de doutorado.<\/span><\/p>\n<p><em><strong><a href=\"http:\/\/lattes.cnpq.br\/9350392271118252\" target=\"_blank\" rel=\"noopener noreferrer\">Curriculum Lattes<\/a><\/strong><\/em><\/p>\n<hr>\n<p style=\"text-align: justify\" data-uw-styling-context=\"true\"><em data-uw-styling-context=\"true\">Contato:<\/em><\/p>\n<p style=\"text-align: justify\" data-uw-styling-context=\"true\"><em data-uw-styling-context=\"true\">Tel.:<\/em> +55 67 3345-3577\/ ou 3345-3558 &nbsp; &nbsp; &nbsp;&nbsp;<br data-uw-styling-context=\"true\"><em data-uw-styling-context=\"true\">E-mail<\/em>: <a href=\"mailto:anamicheletti@gmail.com\">anamicheletti@gmail.com<\/a><br data-uw-styling-context=\"true\"><em data-uw-styling-context=\"true\">Website Group<\/em>:&nbsp;<a href=\"https:\/\/sintmol.ufms.br\/equipe\/docentes\/profa-ana-camila-micheletti\/\" target=\"_blank\" rel=\"noopener\" data-uw-styling-context=\"true\">https:\/\/sintmol.ufms.br\/equipe\/docentes\/profa-ana-camila-micheletti\/<\/a><\/p>\n","protected":false},"excerpt":{"rendered":"<p>Possui gradua\u00e7\u00e3o em Qu\u00edmica Bacharelado (2004), Mestrado em Qu\u00edmica, na \u00e1rea de Qu\u00edmica Org\u00e2nica, ambos pela Universidade Federal de Mato Grosso do Sul. \u00c9 Doutora em Qu\u00edmica do Cerrado e do Pantanal, pelo programa multiinstitucional UFG &#8211; UFMS &#8211; UFU &#8211; na UFMS, com \u00e1rea de concentra\u00e7\u00e3o em Qu\u00edmica Org\u00e2nica. Atua principalmente nos temas: qu\u00edmica [&hellip;]<\/p>\n","protected":false},"author":126,"featured_media":0,"parent":154,"menu_order":0,"comment_status":"closed","ping_status":"closed","template":"page-templates\/page-subcoordenadoria.php","meta":{"_acf_changed":false,"ngg_post_thumbnail":0,"footnotes":""},"coauthors":[],"class_list":["post-314","page","type-page","status-publish","hentry"],"acf":[],"_links":{"self":[{"href":"https:\/\/cibsint.ufms.br\/en\/wp-json\/wp\/v2\/pages\/314","targetHints":{"allow":["GET"]}}],"collection":[{"href":"https:\/\/cibsint.ufms.br\/en\/wp-json\/wp\/v2\/pages"}],"about":[{"href":"https:\/\/cibsint.ufms.br\/en\/wp-json\/wp\/v2\/types\/page"}],"author":[{"embeddable":true,"href":"https:\/\/cibsint.ufms.br\/en\/wp-json\/wp\/v2\/users\/126"}],"replies":[{"embeddable":true,"href":"https:\/\/cibsint.ufms.br\/en\/wp-json\/wp\/v2\/comments?post=314"}],"version-history":[{"count":7,"href":"https:\/\/cibsint.ufms.br\/en\/wp-json\/wp\/v2\/pages\/314\/revisions"}],"predecessor-version":[{"id":489,"href":"https:\/\/cibsint.ufms.br\/en\/wp-json\/wp\/v2\/pages\/314\/revisions\/489"}],"up":[{"embeddable":true,"href":"https:\/\/cibsint.ufms.br\/en\/wp-json\/wp\/v2\/pages\/154"}],"wp:attachment":[{"href":"https:\/\/cibsint.ufms.br\/en\/wp-json\/wp\/v2\/media?parent=314"}],"wp:term":[{"taxonomy":"author","embeddable":true,"href":"https:\/\/cibsint.ufms.br\/en\/wp-json\/wp\/v2\/coauthors?post=314"}],"curies":[{"name":"wp","href":"https:\/\/api.w.org\/{rel}","templated":true}]}}