{"id":306,"date":"2022-05-29T12:08:27","date_gmt":"2022-05-29T16:08:27","guid":{"rendered":"https:\/\/cibsint.ufms.br\/?page_id=306"},"modified":"2023-02-22T09:52:29","modified_gmt":"2023-02-22T13:52:29","slug":"dr-adilson-beatriz","status":"publish","type":"page","link":"https:\/\/cibsint.ufms.br\/en\/pesquisadores\/dr-adilson-beatriz\/","title":{"rendered":"Dr. Adilson Beatriz"},"content":{"rendered":"<p style=\"text-align: justify\"><img decoding=\"async\" class=\"alignleft wp-image-168 size-thumbnail\" src=\"https:\/\/cibsint.ufms.br\/files\/2022\/05\/adilson-150x150.png\" alt=\"\" width=\"150\" height=\"150\" \/>Formado em Qu\u00edmica Tecnol\u00f3gica pela Universidade Federal de Mato Grosso do Sul e Doutorado em Qu\u00edmica pela Universidade de S\u00e3o Paulo. Professor Titular da UFMS e bolsista de Produtividade em Pesquisa do CNPq. Durante sua carreira cient\u00edfica realizou 3 est\u00e1gios posdoutoral: na USP (2001-2002), na Universidade de Santiago de Compostela, Espanha (2009-2010) e na <em>Harvard University,<\/em> EUA (2018-2019), no grupo de pesquisa do Prof. E. J. Corey &#8211; Pr\u00eamio Nobel de Qu\u00edmica em 1990. Tem larga experi\u00eancia em s\u00edntese org\u00e2nica, o que pode ser demonstrado por sua produ\u00e7\u00e3o cient\u00edfica e tecnol\u00f3gica em artigos, patentes, livros e orienta\u00e7\u00f5es de teses e disserta\u00e7\u00f5es. Recebeu o Pr\u00eamio FUNDECT Pesquisador Sul-mato-grossense &#8211; Primeiro lugar na categoria Pesquisador Inovador 2021 &#8211; Inova\u00e7\u00e3o para o Setor Industrial.<\/p>\n<ul>\n<li><a href=\"https:\/\/orcid.org\/0000-0001-6864-6092\" target=\"orcid.widget\" rel=\"noopener noreferrer\"><img decoding=\"async\" src=\"https:\/\/orcid.org\/sites\/default\/files\/images\/orcid_16x16.png\" alt=\"ORCID iD icon\" \/> orcid.org\/0000-0001-6864-6092<\/a><\/li>\n<li><a href=\"http:\/\/lattes.cnpq.br\/7155568250048145\" target=\"_blank\" rel=\"noopener noreferrer\">CV Lattes<\/a>\u00a0\u2013\u00a0<a href=\"http:\/\/www.researcherid.com\/rid\/H-9394-2012\" target=\"_blank\" rel=\"noopener noreferrer\">ResearcherID Profile<\/a>\u00a0\u2013\u00a0\u00a0<a href=\"http:\/\/www.scopus.com\/inward\/authorDetails.url?authorID=6506300770&amp;partnerID=MN8TOARS\" target=\"_blank\" rel=\"noopener noreferrer\">Scopus Author ID<\/a><\/li>\n<\/ul>\n<hr \/>\n<p style=\"text-align: justify\"><em>Contato:<\/em><\/p>\n<p><em>Tel.:<\/em> +55 67 3345 3676<br \/>\n<em>E-mail<\/em>: <a href=\"mailto:adilson.beatriz@ufms.br\">adilson.beatriz@ufms.br<\/a><br \/>\n<em>Website do Grupo<\/em>: <a href=\"https:\/\/sintmol.ufms.br\/equipe\/docentes\/prof-adilson-beatriz\/\" target=\"_blank\" rel=\"noopener\">https:\/\/sintmol.ufms.br\/equipe\/docentes\/prof-adilson-beatriz\/<\/a><\/p>\n","protected":false},"excerpt":{"rendered":"<p>Formado em Qu\u00edmica Tecnol\u00f3gica pela Universidade Federal de Mato Grosso do Sul e Doutorado em Qu\u00edmica pela Universidade de S\u00e3o Paulo. Professor Titular da UFMS e bolsista de Produtividade em Pesquisa do CNPq. Durante sua carreira cient\u00edfica realizou 3 est\u00e1gios posdoutoral: na USP (2001-2002), na Universidade de Santiago de Compostela, Espanha (2009-2010) e na Harvard [&hellip;]<\/p>\n","protected":false},"author":126,"featured_media":0,"parent":154,"menu_order":0,"comment_status":"closed","ping_status":"closed","template":"page-templates\/page-subcoordenadoria.php","meta":{"_acf_changed":false,"ngg_post_thumbnail":0,"footnotes":""},"coauthors":[],"class_list":["post-306","page","type-page","status-publish","hentry"],"acf":[],"_links":{"self":[{"href":"https:\/\/cibsint.ufms.br\/en\/wp-json\/wp\/v2\/pages\/306","targetHints":{"allow":["GET"]}}],"collection":[{"href":"https:\/\/cibsint.ufms.br\/en\/wp-json\/wp\/v2\/pages"}],"about":[{"href":"https:\/\/cibsint.ufms.br\/en\/wp-json\/wp\/v2\/types\/page"}],"author":[{"embeddable":true,"href":"https:\/\/cibsint.ufms.br\/en\/wp-json\/wp\/v2\/users\/126"}],"replies":[{"embeddable":true,"href":"https:\/\/cibsint.ufms.br\/en\/wp-json\/wp\/v2\/comments?post=306"}],"version-history":[{"count":13,"href":"https:\/\/cibsint.ufms.br\/en\/wp-json\/wp\/v2\/pages\/306\/revisions"}],"predecessor-version":[{"id":781,"href":"https:\/\/cibsint.ufms.br\/en\/wp-json\/wp\/v2\/pages\/306\/revisions\/781"}],"up":[{"embeddable":true,"href":"https:\/\/cibsint.ufms.br\/en\/wp-json\/wp\/v2\/pages\/154"}],"wp:attachment":[{"href":"https:\/\/cibsint.ufms.br\/en\/wp-json\/wp\/v2\/media?parent=306"}],"wp:term":[{"taxonomy":"author","embeddable":true,"href":"https:\/\/cibsint.ufms.br\/en\/wp-json\/wp\/v2\/coauthors?post=306"}],"curies":[{"name":"wp","href":"https:\/\/api.w.org\/{rel}","templated":true}]}}