{"id":25,"date":"2022-05-23T18:53:37","date_gmt":"2022-05-23T22:53:37","guid":{"rendered":"https:\/\/cibsint.ufms.br\/?page_id=25"},"modified":"2024-12-23T16:43:21","modified_gmt":"2024-12-23T20:43:21","slug":"lppfb","status":"publish","type":"page","link":"https:\/\/cibsint.ufms.br\/en\/laboratorios-associados\/lppfb\/","title":{"rendered":"LPPFB"},"content":{"rendered":"<p><img decoding=\"async\" class=\"alignnone size-medium wp-image-1085 aligncenter\" src=\"https:\/\/cibsint.ufms.br\/files\/2024\/04\/Logo_LPPFB-2019-1536x686-1-300x134.jpg\" alt=\"\" width=\"300\" height=\"134\" srcset=\"https:\/\/cibsint.ufms.br\/files\/2024\/04\/Logo_LPPFB-2019-1536x686-1-300x134.jpg 300w, https:\/\/cibsint.ufms.br\/files\/2024\/04\/Logo_LPPFB-2019-1536x686-1-1024x457.jpg 1024w, https:\/\/cibsint.ufms.br\/files\/2024\/04\/Logo_LPPFB-2019-1536x686-1-768x343.jpg 768w, https:\/\/cibsint.ufms.br\/files\/2024\/04\/Logo_LPPFB-2019-1536x686-1-717x320.jpg 717w, https:\/\/cibsint.ufms.br\/files\/2024\/04\/Logo_LPPFB-2019-1536x686-1-738x330.jpg 738w, https:\/\/cibsint.ufms.br\/files\/2024\/04\/Logo_LPPFB-2019-1536x686-1.jpg 1536w\" sizes=\"(max-width: 300px) 100vw, 300px\" \/><\/p>\n<p style=\"text-align: center\"><strong>LPPFB &#8211; Laborat\u00f3rio de Purifica\u00e7\u00e3o de Prote\u00ednas e suas Fun\u00e7\u00f5es Biol\u00f3gicas &#8211; Faculdade de Ci\u00eancias Farmac\u00eauticas, Alimentos e Nutri\u00e7\u00e3o \u2013 UFMS<\/strong><\/p>\n<hr \/>\n<p style=\"text-align: justify\"><img fetchpriority=\"high\" decoding=\"async\" class=\"alignleft wp-image-479 size-medium\" src=\"https:\/\/cibsint.ufms.br\/files\/2022\/06\/Premio-finep-300x200.jpg\" alt=\"\" width=\"300\" height=\"200\" srcset=\"https:\/\/cibsint.ufms.br\/files\/2022\/06\/Premio-finep-300x200.jpg 300w, https:\/\/cibsint.ufms.br\/files\/2022\/06\/Premio-finep-1024x682.jpg 1024w, https:\/\/cibsint.ufms.br\/files\/2022\/06\/Premio-finep-768x512.jpg 768w, https:\/\/cibsint.ufms.br\/files\/2022\/06\/Premio-finep-480x320.jpg 480w, https:\/\/cibsint.ufms.br\/files\/2022\/06\/Premio-finep-350x233.jpg 350w, https:\/\/cibsint.ufms.br\/files\/2022\/06\/Premio-finep.jpg 1181w\" sizes=\"(max-width: 300px) 100vw, 300px\" \/>O Laborat\u00f3rio de Purifica\u00e7\u00e3o de Prote\u00ednas e suas Fun\u00e7\u00f5es Biol\u00f3gicas (LPPFB) da Universidade Federal do Mato Grosso do Sul, coordenado\u00a0pela Professora Maria Ligia Macedo, possui colabora\u00e7\u00e3o com v\u00e1rias Institui\u00e7\u00f5es nacionais e estrangeiras e atua no desenvolvimento de produtos biotecnol\u00f3gicos direcionados \u00e0 sa\u00fade humana, planejando racionalmente a pr\u00f3xima gera\u00e7\u00e3o de f\u00e1rmacos capazes de exercerem sua atividade por mecanismos para os quais os microrganismos n\u00e3o desenvolveram resist\u00eancia\u00a0e recentemente recebeu adequa\u00e7\u00e3o de espa\u00e7o f\u00edsico pelo Programa de P\u00f3s-Gradua\u00e7\u00e3o em Sa\u00fade e Desenvolvimento na Regi\u00e3o Centro-Oeste (PPGSD). Este laborat\u00f3rio est\u00e1 apto a realizar a bioprospec\u00e7\u00e3o de pept\u00eddeos em vegetais e microrganismos, bem como realizar o desenho racional e s\u00edntese de pept\u00eddeos antimicrobianos e antic\u00e2ncer.<\/p>\n<p style=\"text-align: justify\">Esse grupo \u00e9 vencedor por tr\u00eas vezes consecutiva do Pr\u00eamio Finep de Inova\u00e7\u00e3o em Ci\u00eancia &amp; Pesquisa.<\/p>\n<p>&nbsp;<\/p>\n<hr \/>\n<h3><b>Principais linhas de pesquisas<\/b><\/h3>\n<ul>\n<li>Purifica\u00e7\u00e3o de prote\u00ednas e pept\u00eddeos vegetais e sua caracteriza\u00e7\u00e3o f\u00edsico-qu\u00edmica.<\/li>\n<li>Avalia\u00e7\u00e3o de atividades biol\u00f3gicas.<\/li>\n<li>Novos Biof\u00e1rmacos (macromol\u00e9culas)<\/li>\n<\/ul>\n<h3><b>\u00c1reas com demanda por inova\u00e7\u00e3o e potencial de impacto<\/b><\/h3>\n<ul>\n<li>Bioprospec\u00e7\u00e3o de pept\u00eddeos em vegetais e microrganismos (<i>inova\u00e7\u00e3o radical<\/i>)<\/li>\n<li>Desenho racional e s\u00edntese de pept\u00eddeos com a\u00e7\u00e3o antimicrobiana, antic\u00e2ncer e inseticida(<i>inova\u00e7\u00e3o radical<\/i>)<\/li>\n<\/ul>\n<hr \/>\n<p>Website do laborat\u00f3rio: <a href=\"https:\/\/lppfb.ufms.br\/\" target=\"_blank\" rel=\"noopener\">https:\/\/lppfb.ufms.br\/<\/a><\/p>\n<hr \/>\n<p><img decoding=\"async\" class=\"aligncenter wp-image-1413 size-full\" src=\"https:\/\/cibsint.ufms.br\/files\/2024\/12\/Logotipo-CIBSint-com-descricao-original.png\" alt=\"\" width=\"6312\" height=\"1848\" srcset=\"https:\/\/cibsint.ufms.br\/files\/2024\/12\/Logotipo-CIBSint-com-descricao-original.png 6312w, https:\/\/cibsint.ufms.br\/files\/2024\/12\/Logotipo-CIBSint-com-descricao-original-300x88.png 300w, https:\/\/cibsint.ufms.br\/files\/2024\/12\/Logotipo-CIBSint-com-descricao-original-1024x300.png 1024w, https:\/\/cibsint.ufms.br\/files\/2024\/12\/Logotipo-CIBSint-com-descricao-original-768x225.png 768w, https:\/\/cibsint.ufms.br\/files\/2024\/12\/Logotipo-CIBSint-com-descricao-original-1536x450.png 1536w, https:\/\/cibsint.ufms.br\/files\/2024\/12\/Logotipo-CIBSint-com-descricao-original-2048x600.png 2048w, https:\/\/cibsint.ufms.br\/files\/2024\/12\/Logotipo-CIBSint-com-descricao-original-730x214.png 730w\" sizes=\"(max-width: 6312px) 100vw, 6312px\" \/><\/p>\n","protected":false},"excerpt":{"rendered":"<p>LPPFB &#8211; Laborat\u00f3rio de Purifica\u00e7\u00e3o de Prote\u00ednas e suas Fun\u00e7\u00f5es Biol\u00f3gicas &#8211; Faculdade de Ci\u00eancias Farmac\u00eauticas, Alimentos e Nutri\u00e7\u00e3o \u2013 UFMS O Laborat\u00f3rio de Purifica\u00e7\u00e3o de Prote\u00ednas e suas Fun\u00e7\u00f5es Biol\u00f3gicas (LPPFB) da Universidade Federal do Mato Grosso do Sul, coordenado\u00a0pela Professora Maria Ligia Macedo, possui colabora\u00e7\u00e3o com v\u00e1rias Institui\u00e7\u00f5es nacionais e estrangeiras e atua [&hellip;]<\/p>\n","protected":false},"author":126,"featured_media":0,"parent":19,"menu_order":0,"comment_status":"closed","ping_status":"closed","template":"page-templates\/full-width.php","meta":{"_acf_changed":false,"ngg_post_thumbnail":0,"footnotes":""},"coauthors":[],"class_list":["post-25","page","type-page","status-publish","hentry"],"acf":[],"_links":{"self":[{"href":"https:\/\/cibsint.ufms.br\/en\/wp-json\/wp\/v2\/pages\/25","targetHints":{"allow":["GET"]}}],"collection":[{"href":"https:\/\/cibsint.ufms.br\/en\/wp-json\/wp\/v2\/pages"}],"about":[{"href":"https:\/\/cibsint.ufms.br\/en\/wp-json\/wp\/v2\/types\/page"}],"author":[{"embeddable":true,"href":"https:\/\/cibsint.ufms.br\/en\/wp-json\/wp\/v2\/users\/126"}],"replies":[{"embeddable":true,"href":"https:\/\/cibsint.ufms.br\/en\/wp-json\/wp\/v2\/comments?post=25"}],"version-history":[{"count":20,"href":"https:\/\/cibsint.ufms.br\/en\/wp-json\/wp\/v2\/pages\/25\/revisions"}],"predecessor-version":[{"id":1417,"href":"https:\/\/cibsint.ufms.br\/en\/wp-json\/wp\/v2\/pages\/25\/revisions\/1417"}],"up":[{"embeddable":true,"href":"https:\/\/cibsint.ufms.br\/en\/wp-json\/wp\/v2\/pages\/19"}],"wp:attachment":[{"href":"https:\/\/cibsint.ufms.br\/en\/wp-json\/wp\/v2\/media?parent=25"}],"wp:term":[{"taxonomy":"author","embeddable":true,"href":"https:\/\/cibsint.ufms.br\/en\/wp-json\/wp\/v2\/coauthors?post=25"}],"curies":[{"name":"wp","href":"https:\/\/api.w.org\/{rel}","templated":true}]}}