{"id":23,"date":"2022-05-23T18:52:57","date_gmt":"2022-05-23T22:52:57","guid":{"rendered":"https:\/\/cibsint.ufms.br\/?page_id=23"},"modified":"2025-04-30T08:54:03","modified_gmt":"2025-04-30T12:54:03","slug":"sintmol","status":"publish","type":"page","link":"https:\/\/cibsint.ufms.br\/en\/laboratorios-associados\/sintmol\/","title":{"rendered":"SINTMOL"},"content":{"rendered":"<p><img fetchpriority=\"high\" decoding=\"async\" class=\"aligncenter wp-image-1490 size-full\" src=\"https:\/\/cibsint.ufms.br\/files\/2025\/04\/SINTMOL-01.png\" alt=\"\" width=\"4144\" height=\"1123\" srcset=\"https:\/\/cibsint.ufms.br\/files\/2025\/04\/SINTMOL-01.png 4144w, https:\/\/cibsint.ufms.br\/files\/2025\/04\/SINTMOL-01-300x81.png 300w, https:\/\/cibsint.ufms.br\/files\/2025\/04\/SINTMOL-01-1024x277.png 1024w, https:\/\/cibsint.ufms.br\/files\/2025\/04\/SINTMOL-01-768x208.png 768w, https:\/\/cibsint.ufms.br\/files\/2025\/04\/SINTMOL-01-1536x416.png 1536w, https:\/\/cibsint.ufms.br\/files\/2025\/04\/SINTMOL-01-2048x555.png 2048w, https:\/\/cibsint.ufms.br\/files\/2025\/04\/SINTMOL-01-730x198.png 730w\" sizes=\"(max-width: 4144px) 100vw, 4144px\" \/><\/p>\n<p style=\"text-align: center\"><strong>Instituto de Qu\u00edmica &#8211; UFMS<\/strong><\/p>\n<hr \/>\n<p style=\"text-align: justify\"><img decoding=\"async\" class=\"alignright wp-image-687 size-medium\" src=\"https:\/\/cibsint.ufms.br\/files\/2023\/02\/molecula-300x225.jpg\" alt=\"\" width=\"300\" height=\"225\" srcset=\"https:\/\/cibsint.ufms.br\/files\/2023\/02\/molecula-300x225.jpg 300w, https:\/\/cibsint.ufms.br\/files\/2023\/02\/molecula-426x320.jpg 426w, https:\/\/cibsint.ufms.br\/files\/2023\/02\/molecula.jpg 646w\" sizes=\"(max-width: 300px) 100vw, 300px\" \/><\/p>\n<p style=\"text-align: justify\">O laborat\u00f3rio foi concebido para atender \u00e0s necessidades dos estudantes de gradua\u00e7\u00e3o e p\u00f3s-gradua\u00e7\u00e3o, e possui uma infraestrutura f\u00edsica e equipamentos adequados para conduzir pesquisas importantes em diversas \u00e1reas da qu\u00edmica org\u00e2nica. Isso inclui s\u00edntese total de produtos naturais de interesse biol\u00f3gico, planejamento e s\u00edntese de novas estruturas carb\u00f4nicas bioativas, transforma\u00e7\u00f5es estruturais de compostos org\u00e2nicos, desenvolvimento de novos organocatalisadores e prepara\u00e7\u00e3o de novos surfactantes. O SINTMOL tamb\u00e9m possui laborat\u00f3rios dedicados a testes de avalia\u00e7\u00e3o biol\u00f3gica e projetos relacionados \u00e0 biotecnologia.<\/p>\n<p style=\"text-align: left\">Esse <strong>laborat\u00f3rio<\/strong>\u00a0tem recebido pr\u00eamios importantes relacionados \u00e0s atividades de pesquisa e inova\u00e7\u00e3o, com destaque para:<\/p>\n<ul>\n<li style=\"text-align: justify\">Pr\u00eamio Fundect Pesquisador Sul-mato-grossense &#8211; Primeiro Lugar: Pesquisador Inovador, Inova\u00e7\u00e3o para o setor empresarial \u2013 2021<\/li>\n<li style=\"text-align: justify\">Pr\u00eamio Elsevier Foundation-ISC3 Green and Sustainable Chemistry Challenge. Primeiro Lugar:<em> Biosurfactants to combat mosquito-borne diseases<\/em>, Elsevier Foundation. 2017<\/li>\n<li style=\"text-align: justify\">Primeiro Lugar da categoria Medicina Tropical-PROJETOS do 6\u00ba. Pr\u00eamio Medical Services &#8211; Novos Caminhos para a Sa\u00fade P\u00fablica, SANOFI. 2013<\/li>\n<li style=\"text-align: justify\">Pr\u00eamio Santander Empreendedorismo &#8211; 8a. Edi\u00e7\u00e3o na Categoria de Biotecnologia e Sa\u00fade \u2013 Finalista nacional Professor-Orientador, Santander Universidades. 2012<\/li>\n<li style=\"text-align: justify\">Pr\u00eamio Santander de Ci\u00eancia e Inova\u00e7\u00e3o Regional (N\/NE\/CO) &#8211; 4a. Edi\u00e7\u00e3o &#8211; Primeiro Lugar &#8211; Categoria: Biotecnologia, Santander Universidades e Universia. 2008<\/li>\n<\/ul>\n<hr \/>\n<h3><b>Principais linhas de pesquisas<\/b><\/h3>\n<h5>Qu\u00edmica Org\u00e2nica<\/h5>\n<ul>\n<li>S\u00edntese e avalia\u00e7\u00e3o de novos antimicrobianos, antitumorais, inseticidas, herbicidas etc.<\/li>\n<li>Novos F\u00e1rmacos (<i>small<\/i> <i>molecules<\/i>)<\/li>\n<li>Desenvolvimento de novas metodologias sint\u00e9ticas (<em>Green Chemistry<\/em>)<\/li>\n<\/ul>\n<h5><strong>Biotecnologia<\/strong><\/h5>\n<ul>\n<li>Novos antibi\u00f3ticos a partir de fungos (Bioprospec\u00e7\u00e3o)<\/li>\n<li>Uso de biotransforma\u00e7\u00f5es e biocat\u00e1lise para gera\u00e7\u00e3o de derivados a partir de substratos naturais e sint\u00e9ticos (<em>Green Chemistry<\/em>)<\/li>\n<li>Produ\u00e7\u00e3o de antibi\u00f3ticos por fermenta\u00e7\u00e3o<\/li>\n<\/ul>\n<h3><b>\u00c1reas com demanda por inova\u00e7\u00e3o e potencial de impacto<\/b><\/h3>\n<ul>\n<li>(Bio)prospec\u00e7\u00e3o molecular<\/li>\n<li>Planejamento racional de f\u00e1rmacos<\/li>\n<li>Biologia Sint\u00e9tica<\/li>\n<\/ul>\n<hr \/>\n<p>Website do laborat\u00f3rio: <a href=\"https:\/\/sintmol.ufms.br\/\" target=\"_blank\" rel=\"noopener\">https:\/\/sintmol.ufms.br\/<\/a><\/p>\n<hr \/>\n<p><img decoding=\"async\" class=\"aligncenter wp-image-1413 size-full\" src=\"https:\/\/cibsint.ufms.br\/files\/2024\/12\/Logotipo-CIBSint-com-descricao-original.png\" alt=\"\" width=\"6312\" height=\"1848\" srcset=\"https:\/\/cibsint.ufms.br\/files\/2024\/12\/Logotipo-CIBSint-com-descricao-original.png 6312w, https:\/\/cibsint.ufms.br\/files\/2024\/12\/Logotipo-CIBSint-com-descricao-original-300x88.png 300w, https:\/\/cibsint.ufms.br\/files\/2024\/12\/Logotipo-CIBSint-com-descricao-original-1024x300.png 1024w, https:\/\/cibsint.ufms.br\/files\/2024\/12\/Logotipo-CIBSint-com-descricao-original-768x225.png 768w, https:\/\/cibsint.ufms.br\/files\/2024\/12\/Logotipo-CIBSint-com-descricao-original-1536x450.png 1536w, https:\/\/cibsint.ufms.br\/files\/2024\/12\/Logotipo-CIBSint-com-descricao-original-2048x600.png 2048w, https:\/\/cibsint.ufms.br\/files\/2024\/12\/Logotipo-CIBSint-com-descricao-original-730x214.png 730w\" sizes=\"(max-width: 6312px) 100vw, 6312px\" \/><\/p>\n","protected":false},"excerpt":{"rendered":"<p>Instituto de Qu\u00edmica &#8211; UFMS O laborat\u00f3rio foi concebido para atender \u00e0s necessidades dos estudantes de gradua\u00e7\u00e3o e p\u00f3s-gradua\u00e7\u00e3o, e possui uma infraestrutura f\u00edsica e equipamentos adequados para conduzir pesquisas importantes em diversas \u00e1reas da qu\u00edmica org\u00e2nica. Isso inclui s\u00edntese total de produtos naturais de interesse biol\u00f3gico, planejamento e s\u00edntese de novas estruturas carb\u00f4nicas bioativas, [&hellip;]<\/p>\n","protected":false},"author":126,"featured_media":0,"parent":19,"menu_order":0,"comment_status":"closed","ping_status":"closed","template":"page-templates\/full-width.php","meta":{"_acf_changed":false,"ngg_post_thumbnail":0,"footnotes":""},"coauthors":[6],"class_list":["post-23","page","type-page","status-publish","hentry"],"acf":[],"_links":{"self":[{"href":"https:\/\/cibsint.ufms.br\/en\/wp-json\/wp\/v2\/pages\/23","targetHints":{"allow":["GET"]}}],"collection":[{"href":"https:\/\/cibsint.ufms.br\/en\/wp-json\/wp\/v2\/pages"}],"about":[{"href":"https:\/\/cibsint.ufms.br\/en\/wp-json\/wp\/v2\/types\/page"}],"author":[{"embeddable":true,"href":"https:\/\/cibsint.ufms.br\/en\/wp-json\/wp\/v2\/users\/126"}],"replies":[{"embeddable":true,"href":"https:\/\/cibsint.ufms.br\/en\/wp-json\/wp\/v2\/comments?post=23"}],"version-history":[{"count":33,"href":"https:\/\/cibsint.ufms.br\/en\/wp-json\/wp\/v2\/pages\/23\/revisions"}],"predecessor-version":[{"id":1491,"href":"https:\/\/cibsint.ufms.br\/en\/wp-json\/wp\/v2\/pages\/23\/revisions\/1491"}],"up":[{"embeddable":true,"href":"https:\/\/cibsint.ufms.br\/en\/wp-json\/wp\/v2\/pages\/19"}],"wp:attachment":[{"href":"https:\/\/cibsint.ufms.br\/en\/wp-json\/wp\/v2\/media?parent=23"}],"wp:term":[{"taxonomy":"author","embeddable":true,"href":"https:\/\/cibsint.ufms.br\/en\/wp-json\/wp\/v2\/coauthors?post=23"}],"curies":[{"name":"wp","href":"https:\/\/api.w.org\/{rel}","templated":true}]}}