{"id":154,"date":"2022-05-25T22:29:11","date_gmt":"2022-05-26T02:29:11","guid":{"rendered":"https:\/\/cibsint.ufms.br\/?page_id=154"},"modified":"2024-12-23T16:40:58","modified_gmt":"2024-12-23T20:40:58","slug":"pesquisadores","status":"publish","type":"page","link":"https:\/\/cibsint.ufms.br\/en\/pesquisadores\/","title":{"rendered":"Pesquisadores"},"content":{"rendered":"<h3 style=\"text-align: left\">Pesquisadores do CIBSint-UFMS<\/h3>\n<ul>\n<li><span style=\"font-size: 10pt\"><a href=\"https:\/\/cibsint.ufms.br\/pesquisadores\/dr-adilson-beatriz\/\">Dr.\u00a0Adilson Beatriz<\/a>\u00a0&#8211; Instituto de Qu\u00edmica &#8211; <a href=\"http:\/\/lattes.cnpq.br\/7155568250048145\" target=\"_blank\" rel=\"noopener\"><em>Curriculum Lattes<\/em><\/a><\/span><\/li>\n<li><span style=\"font-size: 10pt\"><a href=\"https:\/\/cibsint.ufms.br\/pesquisadores\/dra-ana-camila-micheletti\/\"><span style=\"text-align: center\">Dra.<\/span>\u00a0Ana Camila Micheletti<\/a><span style=\"text-align: center\"> &#8211; Instituto de Qu\u00edmica &#8211; <a href=\"http:\/\/lattes.cnpq.br\/9350392271118252\" target=\"_blank\" rel=\"noopener\"><em>Curriculum Lattes<\/em><\/a><\/span><\/span><\/li>\n<li><span style=\"font-size: 10pt\">Dr. Anderson Rodrigues Caires &#8211; Instituto de F\u00edsica &#8211; <a href=\"http:\/\/lattes.cnpq.br\/4615245702160544\" target=\"_blank\" rel=\"noopener\"><em>Curriculum Lattes<\/em><\/a><\/span><\/li>\n<li><span style=\"font-size: 10pt\">Dr. Bruno Spolon Marangoni &#8211; Instituto de F\u00edsica &#8211; <a href=\"http:\/\/lattes.cnpq.br\/6381229903897164\" target=\"_blank\" rel=\"noopener\"><em>Curriculum Lattes<\/em><\/a><\/span><\/li>\n<li><span style=\"font-size: 10pt\">Dr. Carlos Eduardo Domingues Naz\u00e1rio &#8211; Instituto de Qu\u00edmica &#8211; <a href=\"http:\/\/lattes.cnpq.br\/4698759806834766\" target=\"_blank\" rel=\"noopener\"><em>Curriculum Lattes<\/em><\/a><\/span><\/li>\n<li><span style=\"font-size: 10pt\">Dr. Cau\u00ea Alves Martins &#8211; Instituto de F\u00edsica &#8211; <a href=\"http:\/\/lattes.cnpq.br\/2497397243924771\" target=\"_blank\" rel=\"noopener\"><em>Curriculum Lattes<\/em><\/a><\/span><\/li>\n<li><span style=\"font-size: 10pt\">Dr. C\u00edvero Rafael Cena da Silva &#8211; Instituto de F\u00edsica &#8211; <a href=\"http:\/\/lattes.cnpq.br\/9753991192684926\" target=\"_blank\" rel=\"noopener\"><em>Curriculum Lattes<\/em><\/a><\/span><\/li>\n<li><span style=\"font-size: 10pt\"><a href=\"https:\/\/cibsint.ufms.br\/pesquisadores\/dra-cynthia-mantovani\/\">Dra. Cynthia Mantovani<\/a> &#8211; Instituto de Qu\u00edmica &#8211;\u00a0<em><a href=\"http:\/\/lattes.cnpq.br\/3898516533396445\" target=\"_blank\" rel=\"noopener\">Curriculum Lattes<\/a>\u00a0<\/em><\/span><\/li>\n<li><span style=\"font-size: 10pt\"><a href=\"https:\/\/cibsint.ufms.br\/pesquisadores\/dr-denis-pires-de-lima\/\"><span style=\"text-align: center\">Dr.\u00a0<\/span>D\u00eanis Pires de Lima<\/a><span style=\"text-align: center\"> -Instituto de Qu\u00edmica &#8211; <a href=\"http:\/\/lattes.cnpq.br\/2112666591296772\" target=\"_blank\" rel=\"noopener\"><em>Curriculum Lattes<\/em><\/a><\/span><\/span><\/li>\n<li><span style=\"font-size: 10pt\"><a href=\"https:\/\/cibsint.ufms.br\/pesquisadores\/dr-edson-dos-anjos-dos-santos\/\"><span style=\"text-align: center\">Dr.\u00a0<\/span>Edson dos Anjos dos Santos<\/a><span style=\"text-align: center\"> &#8211; Instituto de Bioci\u00eancias &#8211; <a href=\"http:\/\/lattes.cnpq.br\/4221608082720992\" target=\"_blank\" rel=\"noopener\"><em>Curriculum Lattes<\/em><\/a><\/span><\/span><\/li>\n<li><span style=\"font-size: 10pt\">Dra. Glaucia Braz Alc\u00e2ntara &#8211; Instituto de Qu\u00edmica &#8211; <a href=\"http:\/\/lattes.cnpq.br\/6408676855110487\" target=\"_blank\" rel=\"noopener\"><em>Curriculum Lattes<\/em><\/a><\/span><\/li>\n<li><span style=\"font-size: 10pt\">Dr. Heberton W. L. Santos &#8211; Instituto de F\u00edsica &#8211; <a href=\"http:\/\/lattes.cnpq.br\/4402792891712477\" target=\"_blank\" rel=\"noopener\"><em>Curriculum Lattes<\/em><\/a><\/span><\/li>\n<li><span style=\"font-size: 10pt\">Dra. Ingrid Batista Pinto &#8211; Instituto de Qu\u00edmica &#8211;\u00a0<em><a href=\"http:\/\/lattes.cnpq.br\/9641671301041258\" target=\"_blank\" rel=\"noopener noreferrer\">Curriculum Lattes<\/a>\u00a0<\/em><\/span><\/li>\n<li><span style=\"font-size: 10pt\">Dr. Jaime Venturini &#8211; Faculdade de Medicina &#8211; <a href=\"http:\/\/lattes.cnpq.br\/6087443445790715\" target=\"_blank\" rel=\"noopener\"><em>Curriculum Lattes<\/em><\/a><\/span><\/li>\n<li><span style=\"font-size: 10pt\"><a href=\"https:\/\/cibsint.ufms.br\/pesquisadores\/dr-jamal-rafique\/\"><span style=\"text-align: center\">Dr.\u00a0<\/span>Jamal Rafique<\/a><span style=\"text-align: center\"> &#8211; Instituto de Qu\u00edmica &#8211;<a href=\"http:\/\/lattes.cnpq.br\/9076951500265924\" target=\"_blank\" rel=\"noopener\"> <em>Curriculum Lattes<\/em><\/a><\/span><\/span><\/li>\n<li><span style=\"font-size: 10pt\">Dra. Janaina dos Santos Ferreira &#8211; Instituto de Qu\u00edmica &#8211; <a href=\"http:\/\/lattes.cnpq.br\/2133864300816072\" target=\"_blank\" rel=\"noopener\"><em>Curriculum Lattes<\/em><\/a><\/span><\/li>\n<li><span style=\"font-size: 10pt\">Dra. Keila Roberta Ferreria de Oliveira &#8211; Faculdade de Engenharias, Arquitetura e Urbanismo e Geografia &#8211; <a href=\"http:\/\/lattes.cnpq.br\/1588477674884807\" target=\"_blank\" rel=\"noopener\"><em>Curriculum Lattes<\/em><\/a><\/span><\/li>\n<li><span style=\"font-size: 10pt\">Dr. Luis Fernando Barbosa Duarte &#8211; Instituto de Qu\u00edmica &#8211; <em><a href=\"http:\/\/lattes.cnpq.br\/0817595091106844\" target=\"_blank\" rel=\"noopener\">Curriculum Lattes<\/a><\/em><\/span><\/li>\n<li><span style=\"font-size: 10pt\">Dr. Marco Ant\u00f4nio Utrera Martins &#8211; Instituto de Qu\u00edmica &#8211; <a href=\"http:\/\/lattes.cnpq.br\/7333467568929657\" target=\"_blank\" rel=\"noopener\"><em>Curriculum Lattes<\/em><\/a><\/span><\/li>\n<li><span style=\"font-size: 10pt\"><a href=\"https:\/\/cibsint.ufms.br\/pesquisadores\/dra-maria-ligia-rodrigues-macedo\/\"><span style=\"text-align: center\">Dra.<\/span><span style=\"text-align: center\">\u00a0<\/span>Maria Ligia Rodrigues Macedo<\/a><span style=\"text-align: center\">\u00a0<\/span><span style=\"text-align: center\">&#8211; Faculdade de Ci\u00eancias Farmac\u00eauticas, Alimentos e Nutri\u00e7\u00e3o &#8211; <a href=\"http:\/\/lattes.cnpq.br\/3603810130381168\" target=\"_blank\" rel=\"noopener\"><em>Curriculum Lattes<\/em><\/a><\/span><\/span><\/li>\n<li><span style=\"font-size: 10pt\">Dra. N\u00eddia Cristiane Yoshida &#8211; Instituto de Qu\u00edmica &#8211; <a href=\"http:\/\/lattes.cnpq.br\/8643388453235190\" target=\"_blank\" rel=\"noopener\"><em>Curriculum Lattes<\/em><\/a><\/span><\/li>\n<li><span style=\"font-size: 10pt\">Dra. Patr\u00edcia de Oliveira Figueiredo &#8211; Instituto de Qu\u00edmica &#8211; <a href=\"http:\/\/lattes.cnpq.br\/2551539948291063\" target=\"_blank\" rel=\"noopener\"><em>Curriculum Lattes<\/em><\/a><\/span><\/li>\n<li><span style=\"font-size: 10pt\"><span style=\"text-align: center\">Dra.\u00a0<\/span>Rebeca Yndira Cabrera Padilla<span style=\"text-align: center\"> &#8211; Instituto de Qu\u00edmica &#8211; <a href=\"http:\/\/lattes.cnpq.br\/0214528880301310\" target=\"_blank\" rel=\"noopener\"><em>Curriculum Lattes<\/em><\/a><\/span><\/span><\/li>\n<li><span style=\"font-size: 10pt\">Dr. Rodrigo Juliano Oliveira &#8211; Faculdade de Medicina &#8211; <a href=\"http:\/\/lattes.cnpq.br\/7836351019419472\" target=\"_blank\" rel=\"noopener\"><em>Curriculum Lattes<\/em><\/a><\/span><\/li>\n<li><span style=\"font-size: 10pt\">Dr. Valter Arag\u00e3o do Nascimento &#8211; Faculdade de Medicina &#8211; <a href=\"http:\/\/lattes.cnpq.br\/8214321562951683\" target=\"_blank\" rel=\"noopener\"><em>Curriculum Lattes<\/em><\/a><\/span><\/li>\n<li><span style=\"font-size: 10pt\">Dr. Vijay Pal Singh &#8211; Instituto de Qu\u00edmica &#8211;\u00a0<a href=\"https:\/\/chemistry.puchd.ac.in\/includes\/cv\/6963-vijay-pal-singh.pdf?202401030352\" target=\"_blank\" rel=\"noopener\"><em>Curriculum<\/em><\/a><\/span><\/li>\n<\/ul>\n<hr \/>\n<h3 style=\"text-align: left\">Pesquisadores colaboradores externos<\/h3>\n<ul>\n<li><span style=\"font-size: 10pt\">Dr. <a href=\"http:\/\/lattes.cnpq.br\/7320135088419885\" target=\"_blank\" rel=\"noopener\">Fl\u00e1vio da Silva Emery<\/a> &#8211; Universidade de S\u00e3o Paulo (USP). Faculdade de Ci\u00eancias Farmac\u00eauticas de Ribeir\u00e3o Preto (FCFRP)\u00a0<\/span><\/li>\n<li><span style=\"font-size: 13.3333px;text-align: center\">Dr.\u00a0<\/span><a style=\"font-size: 13.3333px;text-align: center\" href=\"https:\/\/cibsint.ufms.br\/pesquisadores\/dr-kleber-thiago-de-oliveira\/\">Kleber Thiago de Oliveira<\/a><span style=\"font-size: 13.3333px;text-align: center\"> &#8211; Departamento de Qu\u00edmica &#8211; Universidade Federal de S\u00e3o Carlos &#8211; UFSCar<\/span><\/li>\n<li><span style=\"font-size: 10pt\">Dr. <a href=\"https:\/\/site.ucdb.br\/cursos\/4\/mestrado-e-doutorado\/32\/mestrado-e-doutorado-em-biotecnologia\/13200\/mestrado-em-biotecnologia\/13217\/docentes\/13219\/\" target=\"_blank\" rel=\"noopener\">Ludovico Migliolo<\/a> &#8211; Universidade Cat\u00f3lica Dom Bosco, UCDB &#8211; Campo Grande, MS<\/span><\/li>\n<li><span style=\"font-size: 13.3333px;text-align: center\">Dr.\u00a0<\/span><a style=\"font-size: 13.3333px;text-align: center\" href=\"https:\/\/cibsint.ufms.br\/pesquisadores\/dr-martin-conda-sheridan\/\">Martin Conda Sheridan<\/a><span style=\"font-size: 13.3333px;text-align: center\">\u00a0&#8211; University of Nebraska Medical Center &#8211; EUA<\/span><\/li>\n<li><span style=\"font-size: 10pt\">Dr.\u00a0<a href=\"https:\/\/cibsint.ufms.br\/pesquisadores\/dr-roberto-da-silva-gomes\/\">Roberto da Silva Gomes<\/a>\u00a0&#8211; North\u00a0<\/span><span style=\"font-size: 10pt;font-family: inherit\">Dakota State University &#8211; EUA<\/span><\/li>\n<\/ul>\n<p>&nbsp;<\/p>\n<hr \/>\n<p><img fetchpriority=\"high\" decoding=\"async\" class=\"alignnone wp-image-1413 size-full\" src=\"https:\/\/cibsint.ufms.br\/files\/2024\/12\/Logotipo-CIBSint-com-descricao-original.png\" alt=\"\" width=\"6312\" height=\"1848\" srcset=\"https:\/\/cibsint.ufms.br\/files\/2024\/12\/Logotipo-CIBSint-com-descricao-original.png 6312w, https:\/\/cibsint.ufms.br\/files\/2024\/12\/Logotipo-CIBSint-com-descricao-original-300x88.png 300w, https:\/\/cibsint.ufms.br\/files\/2024\/12\/Logotipo-CIBSint-com-descricao-original-1024x300.png 1024w, https:\/\/cibsint.ufms.br\/files\/2024\/12\/Logotipo-CIBSint-com-descricao-original-768x225.png 768w, https:\/\/cibsint.ufms.br\/files\/2024\/12\/Logotipo-CIBSint-com-descricao-original-1536x450.png 1536w, https:\/\/cibsint.ufms.br\/files\/2024\/12\/Logotipo-CIBSint-com-descricao-original-2048x600.png 2048w, https:\/\/cibsint.ufms.br\/files\/2024\/12\/Logotipo-CIBSint-com-descricao-original-730x214.png 730w\" sizes=\"(max-width: 6312px) 100vw, 6312px\" \/><\/p>\n","protected":false},"excerpt":{"rendered":"<p>Pesquisadores do CIBSint-UFMS Dr.\u00a0Adilson Beatriz\u00a0&#8211; Instituto de Qu\u00edmica &#8211; Curriculum Lattes Dra.\u00a0Ana Camila Micheletti &#8211; Instituto de Qu\u00edmica &#8211; Curriculum Lattes Dr. Anderson Rodrigues Caires &#8211; Instituto de F\u00edsica &#8211; Curriculum Lattes Dr. Bruno Spolon Marangoni &#8211; Instituto de F\u00edsica &#8211; Curriculum Lattes Dr. Carlos Eduardo Domingues Naz\u00e1rio &#8211; Instituto de Qu\u00edmica &#8211; Curriculum Lattes [&hellip;]<\/p>\n","protected":false},"author":126,"featured_media":0,"parent":0,"menu_order":0,"comment_status":"closed","ping_status":"closed","template":"","meta":{"_acf_changed":false,"ngg_post_thumbnail":0,"footnotes":""},"coauthors":[],"class_list":["post-154","page","type-page","status-publish","hentry"],"acf":[],"_links":{"self":[{"href":"https:\/\/cibsint.ufms.br\/en\/wp-json\/wp\/v2\/pages\/154","targetHints":{"allow":["GET"]}}],"collection":[{"href":"https:\/\/cibsint.ufms.br\/en\/wp-json\/wp\/v2\/pages"}],"about":[{"href":"https:\/\/cibsint.ufms.br\/en\/wp-json\/wp\/v2\/types\/page"}],"author":[{"embeddable":true,"href":"https:\/\/cibsint.ufms.br\/en\/wp-json\/wp\/v2\/users\/126"}],"replies":[{"embeddable":true,"href":"https:\/\/cibsint.ufms.br\/en\/wp-json\/wp\/v2\/comments?post=154"}],"version-history":[{"count":66,"href":"https:\/\/cibsint.ufms.br\/en\/wp-json\/wp\/v2\/pages\/154\/revisions"}],"predecessor-version":[{"id":1415,"href":"https:\/\/cibsint.ufms.br\/en\/wp-json\/wp\/v2\/pages\/154\/revisions\/1415"}],"wp:attachment":[{"href":"https:\/\/cibsint.ufms.br\/en\/wp-json\/wp\/v2\/media?parent=154"}],"wp:term":[{"taxonomy":"author","embeddable":true,"href":"https:\/\/cibsint.ufms.br\/en\/wp-json\/wp\/v2\/coauthors?post=154"}],"curies":[{"name":"wp","href":"https:\/\/api.w.org\/{rel}","templated":true}]}}