{"id":1452,"date":"2025-04-15T11:16:18","date_gmt":"2025-04-15T15:16:18","guid":{"rendered":"https:\/\/cibsint.ufms.br\/?page_id=1452"},"modified":"2025-04-15T20:14:22","modified_gmt":"2025-04-16T00:14:22","slug":"ciencia-com-opiniao","status":"publish","type":"page","link":"https:\/\/cibsint.ufms.br\/en\/ciencia-com-opiniao\/","title":{"rendered":"Ci\u00eancia com Opini\u00e3o"},"content":{"rendered":"<p><em>O que os cientistas pensam sobre os temas do nosso dia a dia?<\/em><\/p>\n<p>Nesta s\u00e9rie, pesquisadores compartilham suas ideias e pontos de vista sobre assuntos atuais e curiosidades do mundo da Ci\u00eancia, Tecnologia e Inova\u00e7\u00e3o (CT&amp;I). Tudo com linguagem leve, dados confi\u00e1veis e, claro, um toque de opini\u00e3o com embasamento cient\u00edfico!<\/p>\n<p>Os textos s\u00e3o curtos (at\u00e9 1 p\u00e1gina), publicados em ingl\u00eas e portugu\u00eas, e podem vir acompanhados de gr\u00e1ficos, imagens ou ilustra\u00e7\u00f5es que ajudem na compreens\u00e3o e deixem a leitura ainda mais envolvente.<\/p>\n<p>Uma forma direta, clara e visual de entender como a ci\u00eancia est\u00e1 presente na sua vida \u2014 e no mundo!<\/p>\n<hr \/>\n<p><a title=\"Opini\u00f5es publicadas\" href=\"https:\/\/cibsint.ufms.br\/category\/noticias\/opiniao\/\"><em><strong>Opini\u00f5es publicadas<\/strong><\/em><\/a><\/p>\n","protected":false},"excerpt":{"rendered":"<p>O que os cientistas pensam sobre os temas do nosso dia a dia? Nesta s\u00e9rie, pesquisadores compartilham suas ideias e pontos de vista sobre assuntos atuais e curiosidades do mundo da Ci\u00eancia, Tecnologia e Inova\u00e7\u00e3o (CT&amp;I). Tudo com linguagem leve, dados confi\u00e1veis e, claro, um toque de opini\u00e3o com embasamento cient\u00edfico! Os textos s\u00e3o curtos [&hellip;]<\/p>\n","protected":false},"author":126,"featured_media":0,"parent":0,"menu_order":0,"comment_status":"closed","ping_status":"closed","template":"","meta":{"_acf_changed":false,"ngg_post_thumbnail":0,"footnotes":""},"coauthors":[],"class_list":["post-1452","page","type-page","status-publish","hentry"],"acf":[],"_links":{"self":[{"href":"https:\/\/cibsint.ufms.br\/en\/wp-json\/wp\/v2\/pages\/1452","targetHints":{"allow":["GET"]}}],"collection":[{"href":"https:\/\/cibsint.ufms.br\/en\/wp-json\/wp\/v2\/pages"}],"about":[{"href":"https:\/\/cibsint.ufms.br\/en\/wp-json\/wp\/v2\/types\/page"}],"author":[{"embeddable":true,"href":"https:\/\/cibsint.ufms.br\/en\/wp-json\/wp\/v2\/users\/126"}],"replies":[{"embeddable":true,"href":"https:\/\/cibsint.ufms.br\/en\/wp-json\/wp\/v2\/comments?post=1452"}],"version-history":[{"count":4,"href":"https:\/\/cibsint.ufms.br\/en\/wp-json\/wp\/v2\/pages\/1452\/revisions"}],"predecessor-version":[{"id":1463,"href":"https:\/\/cibsint.ufms.br\/en\/wp-json\/wp\/v2\/pages\/1452\/revisions\/1463"}],"wp:attachment":[{"href":"https:\/\/cibsint.ufms.br\/en\/wp-json\/wp\/v2\/media?parent=1452"}],"wp:term":[{"taxonomy":"author","embeddable":true,"href":"https:\/\/cibsint.ufms.br\/en\/wp-json\/wp\/v2\/coauthors?post=1452"}],"curies":[{"name":"wp","href":"https:\/\/api.w.org\/{rel}","templated":true}]}}