{"id":140,"date":"2022-05-25T14:17:43","date_gmt":"2022-05-25T18:17:43","guid":{"rendered":"https:\/\/cibsint.ufms.br\/?page_id=140"},"modified":"2025-08-05T09:45:13","modified_gmt":"2025-08-05T13:45:13","slug":"startups","status":"publish","type":"page","link":"https:\/\/cibsint.ufms.br\/en\/inovacao\/startups\/","title":{"rendered":"Startups"},"content":{"rendered":"<p><img fetchpriority=\"high\" decoding=\"async\" class=\"aligncenter wp-image-1000 size-large\" src=\"https:\/\/cibsint.ufms.br\/files\/2023\/08\/Molecules_logotipo-1024x238.png\" alt=\"\" width=\"1024\" height=\"238\" srcset=\"https:\/\/cibsint.ufms.br\/files\/2023\/08\/Molecules_logotipo-1024x238.png 1024w, https:\/\/cibsint.ufms.br\/files\/2023\/08\/Molecules_logotipo-300x70.png 300w, https:\/\/cibsint.ufms.br\/files\/2023\/08\/Molecules_logotipo-768x178.png 768w, https:\/\/cibsint.ufms.br\/files\/2023\/08\/Molecules_logotipo-1536x357.png 1536w, https:\/\/cibsint.ufms.br\/files\/2023\/08\/Molecules_logotipo-2048x476.png 2048w, https:\/\/cibsint.ufms.br\/files\/2023\/08\/Molecules_logotipo-730x170.png 730w\" sizes=\"(max-width: 1024px) 100vw, 1024px\" \/><\/p>\n<p style=\"text-align: center\"><span style=\"font-size: 10pt\">Empresa de base tecnol\u00f3gica <em>Spin-Off<\/em> da UFMS,\u00a0voltada para a inova\u00e7\u00e3o nas \u00e1reas de qu\u00edmica e biotecnologia. Fundada por egressos da p\u00f3s-gradua\u00e7\u00e3o da UFMS.<\/span><\/p>\n<hr \/>\n<p style=\"text-align: justify\">A <em>Molecules Chemistry and Biotechnology<\/em> \u00e9 uma startup que atua na produ\u00e7\u00e3o de \u00f3leos bioativados e produtos afins, proporcionando uma recupera\u00e7\u00e3o mais r\u00e1pida de ferimentos em animais, com redu\u00e7\u00e3o de custos e sem a necessidade de interven\u00e7\u00f5es reconstrutivas, ao mesmo tempo em que aprimora a qualidade de vida dos animais, sem comprometer sua apar\u00eancia est\u00e9tica.<\/p>\n<h4 style=\"text-align: center\">Produtos<img decoding=\"async\" class=\"size-medium wp-image-1496 aligncenter\" src=\"https:\/\/cibsint.ufms.br\/files\/2025\/08\/Logo-300x300.jpg\" alt=\"\" width=\"300\" height=\"300\" srcset=\"https:\/\/cibsint.ufms.br\/files\/2025\/08\/Logo-300x300.jpg 300w, https:\/\/cibsint.ufms.br\/files\/2025\/08\/Logo-1024x1024.jpg 1024w, https:\/\/cibsint.ufms.br\/files\/2025\/08\/Logo-150x150.jpg 150w, https:\/\/cibsint.ufms.br\/files\/2025\/08\/Logo-768x768.jpg 768w, https:\/\/cibsint.ufms.br\/files\/2025\/08\/Logo-1536x1536.jpg 1536w, https:\/\/cibsint.ufms.br\/files\/2025\/08\/Logo-2048x2048.jpg 2048w, https:\/\/cibsint.ufms.br\/files\/2025\/08\/Logo-320x320.jpg 320w\" sizes=\"(max-width: 300px) 100vw, 300px\" \/><\/h4>\n<hr \/>\n<p><strong>E-mail:<\/strong>\u00a0<a href=\"mailto:moleculas.biotec@gmail.com\" target=\"_blank\" rel=\"noopener\">moleculas.biotec@gmail.com<\/a><br \/>\n<strong>Telefone:<\/strong>\u00a0(67) 98458-0969<br \/>\n<strong>Instagram:<\/strong>\u00a0<a href=\"https:\/\/www.instagram.com\/molecules.biotec\/\">@molecules.biotec<\/a><\/p>\n<hr \/>\n<p>&nbsp;<\/p>\n<p>&nbsp;<\/p>\n<p><img decoding=\"async\" class=\"aligncenter wp-image-1413 size-full\" src=\"https:\/\/cibsint.ufms.br\/files\/2024\/12\/Logotipo-CIBSint-com-descricao-original.png\" alt=\"\" width=\"6312\" height=\"1848\" srcset=\"https:\/\/cibsint.ufms.br\/files\/2024\/12\/Logotipo-CIBSint-com-descricao-original.png 6312w, https:\/\/cibsint.ufms.br\/files\/2024\/12\/Logotipo-CIBSint-com-descricao-original-300x88.png 300w, https:\/\/cibsint.ufms.br\/files\/2024\/12\/Logotipo-CIBSint-com-descricao-original-1024x300.png 1024w, https:\/\/cibsint.ufms.br\/files\/2024\/12\/Logotipo-CIBSint-com-descricao-original-768x225.png 768w, https:\/\/cibsint.ufms.br\/files\/2024\/12\/Logotipo-CIBSint-com-descricao-original-1536x450.png 1536w, https:\/\/cibsint.ufms.br\/files\/2024\/12\/Logotipo-CIBSint-com-descricao-original-2048x600.png 2048w, https:\/\/cibsint.ufms.br\/files\/2024\/12\/Logotipo-CIBSint-com-descricao-original-730x214.png 730w\" sizes=\"(max-width: 6312px) 100vw, 6312px\" \/><\/p>\n","protected":false},"excerpt":{"rendered":"<p>Empresa de base tecnol\u00f3gica Spin-Off da UFMS,\u00a0voltada para a inova\u00e7\u00e3o nas \u00e1reas de qu\u00edmica e biotecnologia. Fundada por egressos da p\u00f3s-gradua\u00e7\u00e3o da UFMS. A Molecules Chemistry and Biotechnology \u00e9 uma startup que atua na produ\u00e7\u00e3o de \u00f3leos bioativados e produtos afins, proporcionando uma recupera\u00e7\u00e3o mais r\u00e1pida de ferimentos em animais, com redu\u00e7\u00e3o de custos e [&hellip;]<\/p>\n","protected":false},"author":126,"featured_media":0,"parent":36,"menu_order":0,"comment_status":"closed","ping_status":"closed","template":"page-templates\/full-width.php","meta":{"_acf_changed":false,"ngg_post_thumbnail":0,"footnotes":""},"coauthors":[6],"class_list":["post-140","page","type-page","status-publish","hentry"],"acf":[],"_links":{"self":[{"href":"https:\/\/cibsint.ufms.br\/en\/wp-json\/wp\/v2\/pages\/140","targetHints":{"allow":["GET"]}}],"collection":[{"href":"https:\/\/cibsint.ufms.br\/en\/wp-json\/wp\/v2\/pages"}],"about":[{"href":"https:\/\/cibsint.ufms.br\/en\/wp-json\/wp\/v2\/types\/page"}],"author":[{"embeddable":true,"href":"https:\/\/cibsint.ufms.br\/en\/wp-json\/wp\/v2\/users\/126"}],"replies":[{"embeddable":true,"href":"https:\/\/cibsint.ufms.br\/en\/wp-json\/wp\/v2\/comments?post=140"}],"version-history":[{"count":25,"href":"https:\/\/cibsint.ufms.br\/en\/wp-json\/wp\/v2\/pages\/140\/revisions"}],"predecessor-version":[{"id":1503,"href":"https:\/\/cibsint.ufms.br\/en\/wp-json\/wp\/v2\/pages\/140\/revisions\/1503"}],"up":[{"embeddable":true,"href":"https:\/\/cibsint.ufms.br\/en\/wp-json\/wp\/v2\/pages\/36"}],"wp:attachment":[{"href":"https:\/\/cibsint.ufms.br\/en\/wp-json\/wp\/v2\/media?parent=140"}],"wp:term":[{"taxonomy":"author","embeddable":true,"href":"https:\/\/cibsint.ufms.br\/en\/wp-json\/wp\/v2\/coauthors?post=140"}],"curies":[{"name":"wp","href":"https:\/\/api.w.org\/{rel}","templated":true}]}}