{"id":1305,"date":"2024-11-23T18:09:41","date_gmt":"2024-11-23T22:09:41","guid":{"rendered":"https:\/\/cibsint.ufms.br\/?page_id=1305"},"modified":"2024-12-01T11:19:07","modified_gmt":"2024-12-01T15:19:07","slug":"dra-cynthia-mantovani","status":"publish","type":"page","link":"https:\/\/cibsint.ufms.br\/en\/pesquisadores\/dra-cynthia-mantovani\/","title":{"rendered":"Dra. Cynthia Mantovani"},"content":{"rendered":"<h3><img decoding=\"async\" class=\"alignleft wp-image-1303 size-thumbnail\" src=\"https:\/\/cibsint.ufms.br\/files\/2024\/11\/cm-150x150.jpg\" alt=\"\" width=\"150\" height=\"150\" srcset=\"https:\/\/cibsint.ufms.br\/files\/2024\/11\/cm-150x150.jpg 150w, https:\/\/cibsint.ufms.br\/files\/2024\/11\/cm-332x330.jpg 332w\" sizes=\"(max-width: 150px) 100vw, 150px\" \/><\/h3>\n<h3><strong>Dra. Cynthia Mantovani<\/strong><\/h3>\n<p><em>Doutora em Biotecnologia<\/em><\/p>\n<ul>\n<li><em><a href=\"http:\/\/lattes.cnpq.br\/3898516533396445\" target=\"_blank\" rel=\"noopener\">CV Lattes<\/a>\u00a0<\/em><\/li>\n<\/ul>\n<p align=\"justify\">Doutorado em Biotecnologia pela Universidade Federal de Mato Grosso do Sul (2020). Mestrado em Bioqu\u00edmica pela Universidade Federal de Vi\u00e7osa (2014) e Bacharelado em Ci\u00eancias Biol\u00f3gicas pelo Centro Universit\u00e1rio S\u00e3o Camilo (2011). Possui expertise em microbiologia, parasitologia, imunologia, prote\u00f4mica, biotecnologia e biologia molecular, com \u00eanfase nesta \u00faltima disciplina. Atualmente atua como pesquisadora de p\u00f3s-doutorado em Biotecnologia na Universidade Federal de Mato Grosso do Sul.<\/p>\n<hr \/>\n<p align=\"justify\">\n","protected":false},"excerpt":{"rendered":"<p>Dra. Cynthia Mantovani Doutora em Biotecnologia CV Lattes\u00a0 Doutorado em Biotecnologia pela Universidade Federal de Mato Grosso do Sul (2020). Mestrado em Bioqu\u00edmica pela Universidade Federal de Vi\u00e7osa (2014) e Bacharelado em Ci\u00eancias Biol\u00f3gicas pelo Centro Universit\u00e1rio S\u00e3o Camilo (2011). Possui expertise em microbiologia, parasitologia, imunologia, prote\u00f4mica, biotecnologia e biologia molecular, com \u00eanfase nesta \u00faltima [&hellip;]<\/p>\n","protected":false},"author":126,"featured_media":0,"parent":154,"menu_order":0,"comment_status":"closed","ping_status":"closed","template":"page-templates\/page-subcoordenadoria.php","meta":{"_acf_changed":false,"ngg_post_thumbnail":0,"footnotes":""},"coauthors":[],"class_list":["post-1305","page","type-page","status-publish","hentry"],"acf":[],"_links":{"self":[{"href":"https:\/\/cibsint.ufms.br\/en\/wp-json\/wp\/v2\/pages\/1305","targetHints":{"allow":["GET"]}}],"collection":[{"href":"https:\/\/cibsint.ufms.br\/en\/wp-json\/wp\/v2\/pages"}],"about":[{"href":"https:\/\/cibsint.ufms.br\/en\/wp-json\/wp\/v2\/types\/page"}],"author":[{"embeddable":true,"href":"https:\/\/cibsint.ufms.br\/en\/wp-json\/wp\/v2\/users\/126"}],"replies":[{"embeddable":true,"href":"https:\/\/cibsint.ufms.br\/en\/wp-json\/wp\/v2\/comments?post=1305"}],"version-history":[{"count":4,"href":"https:\/\/cibsint.ufms.br\/en\/wp-json\/wp\/v2\/pages\/1305\/revisions"}],"predecessor-version":[{"id":1309,"href":"https:\/\/cibsint.ufms.br\/en\/wp-json\/wp\/v2\/pages\/1305\/revisions\/1309"}],"up":[{"embeddable":true,"href":"https:\/\/cibsint.ufms.br\/en\/wp-json\/wp\/v2\/pages\/154"}],"wp:attachment":[{"href":"https:\/\/cibsint.ufms.br\/en\/wp-json\/wp\/v2\/media?parent=1305"}],"wp:term":[{"taxonomy":"author","embeddable":true,"href":"https:\/\/cibsint.ufms.br\/en\/wp-json\/wp\/v2\/coauthors?post=1305"}],"curies":[{"name":"wp","href":"https:\/\/api.w.org\/{rel}","templated":true}]}}