{"id":119,"date":"2022-05-25T10:43:53","date_gmt":"2022-05-25T14:43:53","guid":{"rendered":"https:\/\/cibsint.ufms.br\/?page_id=119"},"modified":"2024-12-23T16:46:03","modified_gmt":"2024-12-23T20:46:03","slug":"pedidos-de-patentes","status":"publish","type":"page","link":"https:\/\/cibsint.ufms.br\/en\/inovacao\/pedidos-de-patentes\/","title":{"rendered":"Patentes"},"content":{"rendered":"<h3>Concedidas<\/h3>\n<p>&nbsp;<\/p>\n<table style=\"height: 426px;width: 100%;border-collapse: collapse\">\n<tbody>\n<tr style=\"height: 24px\">\n<td style=\"border-color: #8c8787;height: 10px;text-align: center\" colspan=\"2\"><img fetchpriority=\"high\" decoding=\"async\" class=\"aligncenter wp-image-380 size-full\" src=\"https:\/\/cibsint.ufms.br\/files\/2022\/05\/nathalia.jpg\" alt=\"\" width=\"952\" height=\"673\" srcset=\"https:\/\/cibsint.ufms.br\/files\/2022\/05\/nathalia.jpg 952w, https:\/\/cibsint.ufms.br\/files\/2022\/05\/nathalia-300x212.jpg 300w, https:\/\/cibsint.ufms.br\/files\/2022\/05\/nathalia-768x543.jpg 768w, https:\/\/cibsint.ufms.br\/files\/2022\/05\/nathalia-453x320.jpg 453w\" sizes=\"(max-width: 952px) 100vw, 952px\" \/><\/p>\n<h3><span style=\"color: #a51c30\"><span style=\"color: #a51c30\"><strong>P<\/strong><strong>ROCESSO PARA A OBTEN\u00c7\u00c3O DE UM GEL A PARTIR DA OZONIZA\u00c7\u00c3O DE \u00d3LEOS VEGETAIS<\/strong><\/span><\/span><\/h3>\n<\/td>\n<\/tr>\n<tr>\n<td style=\"border-color: #8c8787;width: 100%;text-align: center\" colspan=\"2\">\n<hr \/>\n<p style=\"text-align: justify\"><strong style=\"text-align: justify\">RESUMO<\/strong><span style=\"text-align: justify\">: Esta inven\u00e7\u00e3o est\u00e1 vinculada \u00e0 ind\u00fastria qu\u00edmica, farmac\u00eautica, cosm\u00e9tica e de produtos veterin\u00e1rios, de acordo com os \u00edndices a61k, a61p e c07c da classifica\u00e7\u00e3o internacional de patentes. O produto obtido neste processo tem aplica\u00e7\u00f5es farmac\u00eauticas, veterin\u00e1rias, cosm\u00e9ticas e saneantes. \u00c9 descrito um processo inovador para a obten\u00e7\u00e3o de um organogel de \u00f3leo ozonizado, a partir da rea\u00e7\u00e3o de ozon\u00f3lise de \u00f3leos vegetais (girassol, linha\u00e7a, baru e outros \u00f3leos vegetais com cadeias graxas insaturadas) e \u00e1gua, o produto obtido pode ser aplicado diretamente na pele ou nas les\u00f5es, n\u00e3o necessitando ser incorporado em um ve\u00edculo ou base para formula\u00e7\u00f5es farmac\u00eauticas. Atrav\u00e9s do procedimento simples e de baixo custo, s\u00e3o obtidos produtos de f\u00e1cil aplica\u00e7\u00e3o na pele e em les\u00f5es, com excelente propriedade antimicrobiana e de regenera\u00e7\u00e3o e reparo do tecido. Os \u00f3leos vegetais ozonizados (OVO) obtidos pelo procedimento descrito nesta patente s\u00e3o \u00fateis no tratamento de infec\u00e7\u00f5es decorrentes de longos per\u00edodos de repouso ou imobilidade, como as escaras, \u00falceras de membros inferiores causadas por insufici\u00eancia venosa, feridas cr\u00f4nicas e infec\u00e7\u00f5es de pele devido ao elevado poder oxidante das esp\u00e9cies perox\u00eddicas que os comp\u00f5em.<\/span><\/p>\n<\/td>\n<\/tr>\n<tr style=\"height: 24px\">\n<td style=\"width: 50%;border-color: #8c8787;height: 22px;text-align: right;border-style: dotted\"><strong>N\u00famero:<\/strong><\/td>\n<td style=\"width: 50%;border-color: #8c8787;height: 22px;border-style: dotted\">BR 102017000897-5\u00a0 \u00a0 \u00a0<a href=\"https:\/\/cibsint.ufms.br\/files\/2022\/06\/carta_patente_INPI_OLEOGEL.pdf\" target=\"_blank\" rel=\"noopener\">PDF<\/a><\/td>\n<\/tr>\n<tr style=\"height: 24px\">\n<td style=\"width: 50%;border-color: #8c8787;height: 24px;text-align: right;border-style: dotted\"><strong>Data da concess\u00e3o:<\/strong><\/td>\n<td style=\"width: 50%;border-color: #8c8787;height: 24px;border-style: dotted\">21\/06\/2022<\/td>\n<\/tr>\n<tr style=\"height: 24px\">\n<td style=\"width: 50%;border-color: #8c8787;height: 10px;text-align: right;border-style: dotted\"><strong>Inventores:<\/strong><\/td>\n<td style=\"width: 50%;border-color: #8c8787;height: 10px;border-style: dotted\">Adilson Beatriz<br \/>\nNath\u00e1lia Rodrigues de Almeida<br \/>\nEduardo Jos\u00e9 de Arruda<br \/>\nD\u00eanis Pires de Lima<br \/>\nLincoln Carlos Silva de Oliveira<\/td>\n<\/tr>\n<tr style=\"height: 24px\">\n<td style=\"width: 50%;border-color: #8c8787;height: 24px;text-align: right;border-style: dotted\"><strong>Laborat\u00f3rio associado:<\/strong><\/td>\n<td style=\"width: 50%;border-color: #8c8787;height: 24px;border-style: dotted\"><a href=\"https:\/\/sintmol.ufms.br\/\" target=\"_blank\" rel=\"noopener\">SINTMOL<\/a><\/td>\n<\/tr>\n<\/tbody>\n<\/table>\n<hr \/>\n<table style=\"height: 130px;width: 100%;border-collapse: collapse\">\n<tbody>\n<tr style=\"height: 24px\">\n<td style=\"height: 24px;text-align: center;width: 100%\" colspan=\"2\"><img decoding=\"async\" class=\"alignnone wp-image-504 size-large\" src=\"https:\/\/cibsint.ufms.br\/files\/2022\/06\/dreamstimelarge_12790788-1024x683.jpg\" alt=\"\" width=\"1024\" height=\"683\" srcset=\"https:\/\/cibsint.ufms.br\/files\/2022\/06\/dreamstimelarge_12790788-1024x683.jpg 1024w, https:\/\/cibsint.ufms.br\/files\/2022\/06\/dreamstimelarge_12790788-300x200.jpg 300w, https:\/\/cibsint.ufms.br\/files\/2022\/06\/dreamstimelarge_12790788-768x512.jpg 768w, https:\/\/cibsint.ufms.br\/files\/2022\/06\/dreamstimelarge_12790788-1536x1024.jpg 1536w, https:\/\/cibsint.ufms.br\/files\/2022\/06\/dreamstimelarge_12790788-2048x1365.jpg 2048w, https:\/\/cibsint.ufms.br\/files\/2022\/06\/dreamstimelarge_12790788-480x320.jpg 480w, https:\/\/cibsint.ufms.br\/files\/2022\/06\/dreamstimelarge_12790788-350x233.jpg 350w\" sizes=\"(max-width: 1024px) 100vw, 1024px\" \/><\/p>\n<h3><span style=\"color: #a51c30\"><span style=\"color: #a51c30\"><strong>PROCESSO DE SEPARA\u00c7\u00c3O, PURIFICA\u00c7\u00c3O E QUANTIFICA\u00c7\u00c3O DE ISOQUERCITRINA VIA HPLC<\/strong><\/span><\/span><\/h3>\n<\/td>\n<\/tr>\n<tr style=\"height: 24px\">\n<td style=\"width: 100%;text-align: justify;height: 24px\" colspan=\"2\">\n<hr \/>\n<p><strong style=\"text-align: left\">RESUMO<\/strong><span style=\"text-align: left\">: A presente Inven\u00e7\u00e3o refere-se ao processo de separa\u00e7\u00e3o, purifica\u00e7\u00e3o e quantifica\u00e7\u00e3o de isoquercitrina utilizando cromatografia l\u00edquida de alta efici\u00eancia (HPLC). A isoquercitrina purificada foi comparada com a isoquercitrina padr\u00e3o (pura) obtida comercialmente, suas bandas no espectro de Ultra-violeta foram comparadas com as dispon\u00edveis na literatura e sua estrutura foi indiscutivelmente confirmada via an\u00e1lise de RMN de &#8216;H. O processo trata-se de uma rota alternativa mais eficiente, barata, r\u00e1pida e de f\u00e1cil reprodutibilidade. O tempo de trabalho e an\u00e1lise dos dados deste processo \u00e9 muito menor que os m\u00e9todos tradicionais, devido \u00e0 utiliza\u00e7\u00e3o de urn \u00fanico solvente polar pr\u00e1tico (CI-130H) de baixo custo e ecologicamente vi\u00e1vel, bem corno um tempo de reten\u00e7\u00e3o muito mais baixo do que os j\u00e1 descritos pela literatura.<\/span><\/td>\n<\/tr>\n<tr style=\"height: 24px\">\n<td style=\"width: 50%;border-color: #8c8787;height: 24px;text-align: right;border-style: dotted\"><strong>N\u00famero:<\/strong><\/td>\n<td style=\"width: 50%;border-color: #8c8787;height: 24px;border-style: dotted\">BR 102016018446-0 B1<\/td>\n<\/tr>\n<tr style=\"height: 24px\">\n<td style=\"width: 50%;border-color: #8c8787;height: 24px;text-align: right;border-style: dotted\"><strong>Data da concess\u00e3o:<\/strong><\/td>\n<td style=\"width: 50%;border-color: #8c8787;height: 24px;border-style: dotted\">25\/01\/2022<\/td>\n<\/tr>\n<tr style=\"height: 10px\">\n<td style=\"width: 50%;border-color: #8c8787;height: 10px;text-align: right;border-style: dotted\"><strong>Inventores:<\/strong><\/td>\n<td style=\"width: 50%;border-color: #8c8787;height: 10px;border-style: dotted\">Roberto da Silva Gomes<br \/>\nAdilson Beatriz<br \/>\nD\u00eanis Pires de Lima<br \/>\nArquimides Gasparotto J\u00fanior<br \/>\nTairine Pimentel<br \/>\nIngridhy O. M. F. da Siveira<br \/>\nCristiane Regina W. Hortelan<br \/>\nLuiz Leonardo de Souza Viana<\/td>\n<\/tr>\n<tr style=\"height: 24px\">\n<td style=\"width: 50%;border-color: #8c8787;height: 24px;text-align: right;border-style: dotted\"><strong>Laborat\u00f3rio associado:<\/strong><\/td>\n<td style=\"width: 50%;border-color: #8c8787;height: 24px;border-style: dotted\"><a href=\"https:\/\/sintmol.ufms.br\/\" target=\"_blank\" rel=\"noopener\">SINTMOL<\/a><\/td>\n<\/tr>\n<\/tbody>\n<\/table>\n<hr \/>\n<table style=\"height: 130px;width: 100%;border-collapse: collapse\">\n<tbody>\n<tr style=\"height: 24px\">\n<td style=\"height: 24px;text-align: center;width: 100%\" colspan=\"2\">\n<h3><img decoding=\"async\" class=\"aligncenter wp-image-386 size-full\" style=\"font-size: 16px;font-weight: 400\" src=\"https:\/\/cibsint.ufms.br\/files\/2022\/05\/caju.jpg\" alt=\"\" width=\"969\" height=\"930\" srcset=\"https:\/\/cibsint.ufms.br\/files\/2022\/05\/caju.jpg 969w, https:\/\/cibsint.ufms.br\/files\/2022\/05\/caju-300x288.jpg 300w, https:\/\/cibsint.ufms.br\/files\/2022\/05\/caju-768x737.jpg 768w, https:\/\/cibsint.ufms.br\/files\/2022\/05\/caju-333x320.jpg 333w\" sizes=\"(max-width: 969px) 100vw, 969px\" \/><\/h3>\n<h3><span style=\"color: #a51c30\"><strong>PROCESSO EFICIENTE DE PURIFICA\u00c7\u00c3O DO CARDANOL <span style=\"color: #a51c30\">ISOLADO<\/span> DO L\u00cdQUIDO DA CASCA DA CASTANHA DO CAJU (LCC) E PRODU\u00c7\u00c3O DE DERIVADOS DE INTERESSE INDUSTRIAL<\/strong><\/span><\/h3>\n<\/td>\n<\/tr>\n<tr style=\"height: 24px\">\n<td style=\"width: 100%;text-align: justify;height: 24px\" colspan=\"2\">\n<hr \/>\n<p><strong>RESUMO<\/strong>: A presente inven\u00e7\u00e3o descreve a purifica\u00e7\u00e3o do cardanol o qual \u00e9 constitu\u00eddo por uma mistura de 3-((<em data-uw-styling-context=\"true\">Z<\/em>)-tetradec-7-enilfenol,3-((7<em data-uw-styling-context=\"true\">Z,<\/em>10)-tetradec-7,10-dienil)fenol, 3-((7<em data-uw-styling-context=\"true\">Z,<\/em>10<em data-uw-styling-context=\"true\">Z<\/em>)-tetradec-7,10-trienil)fenol provenientes do l\u00edquido da casca da castanha do caju processada termicamente (LCC t\u00e9cnico) e a prepara\u00e7\u00e3o do 3-pentadecilfenol (cardanol hidrogenado) os quais foram utilizados como materiais de partida ou intermedi\u00e1rio para reagir com a epicloridrina, levando a obten\u00e7\u00e3o de haloidrinas e ep\u00f3xi-\u00e9teres. Os ep\u00f3xi-\u00e9teres foram tratados com acetato, tioacetato e morfolina para levar a novos derivados funcionalizados. Esta inven\u00e7\u00e3o tem como um dos objetivos resolver os problemas recorrentes da purifica\u00e7\u00e3o do cardanol por processo de destila\u00e7\u00e3o do LCC tais como: a forma\u00e7\u00e3o de espumas, bolhas, baixo rendimento e impurezas. A metodologia emprega reator de micro-ondas para obten\u00e7\u00e3o de ep\u00f3xido ou haloidrina a partir do cardanol ou seu derivado hidrogenado por tratamento com epicloridrina e dispensa o uso de solventes e bases em quantidades equimolares. Desta maneira, o processo pode ser considerado ecologicamente correto (verde), pois, soluciona problemas de baixo rendimento e \u00e9 economicamente e tecnologicamente vi\u00e1vel do ponto de vista energ\u00e9tico. A t\u00e9cnica tamb\u00e9m permite a produ\u00e7\u00e3o de outros derivados do cardanol e do seu equivalente hidrogenado, destacando-se os seguintes compostos obtidos a partir do ep\u00f3xi-\u00e9ter do cardanol hidrogenado: acetato de 3-(3-pentadecilfenoxil)-2-hidroxipropil, 1-(3-pentadecilfenoxil)-3-morfolinopropan-2-ol, 1-(3-pentadecilfenoxil)-3-azidapropan-2-ol, 3-(3-pentadecilfenoxil)propano-1,2-diol, etanotioato de S-3-(3-pentadecilfenoxil)-2-hidroxipropil.<\/td>\n<\/tr>\n<tr style=\"height: 24px\">\n<td style=\"width: 50%;border-color: #8c8787;height: 24px;text-align: right;border-style: dotted\"><strong>N\u00famero:\u00a0<\/strong><\/td>\n<td style=\"width: 50%;border-color: #8c8787;height: 24px;border-style: dotted\">BR 102014030002-3 B1<\/td>\n<\/tr>\n<tr style=\"height: 24px\">\n<td style=\"width: 50%;border-color: #8c8787;height: 24px;text-align: right;border-style: dotted\"><strong>Data da concess\u00e3o:<\/strong><\/td>\n<td style=\"width: 50%;border-color: #8c8787;height: 24px;border-style: dotted\">12\/01\/2021<\/td>\n<\/tr>\n<tr style=\"height: 10px\">\n<td style=\"width: 50%;border-color: #8c8787;height: 10px;text-align: right;border-style: dotted\"><strong>Inventores:<\/strong><\/td>\n<td style=\"width: 50%;border-color: #8c8787;height: 10px;border-style: dotted\">Adilson Beatriz<br \/>\nD\u00eanis Pires de Lima<br \/>\nDerisvaldo Rosa Paiva<br \/>\nEduardo Jos\u00e9 de Arruda<br \/>\nTeresa Manuel Cossa<\/td>\n<\/tr>\n<tr style=\"height: 24px\">\n<td style=\"width: 50%;border-color: #8c8787;height: 24px;text-align: right;border-style: dotted\"><strong>Laborat\u00f3rio associado:<\/strong><\/td>\n<td style=\"width: 50%;border-color: #8c8787;height: 24px;border-style: dotted\"><a href=\"https:\/\/sintmol.ufms.br\/\" target=\"_blank\" rel=\"noopener\">SINTMOL<\/a><\/td>\n<\/tr>\n<\/tbody>\n<\/table>\n<hr \/>\n<table style=\"border-collapse: collapse;width: 100%;height: 126px\">\n<tbody>\n<tr style=\"height: 24px\">\n<td style=\"width: 50%;height: 24px\" colspan=\"2\"><img loading=\"lazy\" decoding=\"async\" class=\"wp-image-733 size-large aligncenter\" src=\"https:\/\/cibsint.ufms.br\/files\/2023\/02\/cirugia-1024x721.jpg\" alt=\"\" width=\"1024\" height=\"721\" srcset=\"https:\/\/cibsint.ufms.br\/files\/2023\/02\/cirugia-1024x721.jpg 1024w, https:\/\/cibsint.ufms.br\/files\/2023\/02\/cirugia-300x211.jpg 300w, https:\/\/cibsint.ufms.br\/files\/2023\/02\/cirugia-768x541.jpg 768w, https:\/\/cibsint.ufms.br\/files\/2023\/02\/cirugia-1536x1082.jpg 1536w, https:\/\/cibsint.ufms.br\/files\/2023\/02\/cirugia-2048x1443.jpg 2048w, https:\/\/cibsint.ufms.br\/files\/2023\/02\/cirugia-454x320.jpg 454w\" sizes=\"(max-width: 1024px) 100vw, 1024px\" \/><\/p>\n<h3 style=\"text-align: center\"><strong><span style=\"color: #a51c30\">S\u00cdNTESE DE MON\u00d4MEROS DE CIANOACRILATOS PARA A DISPONIBILIZA\u00c7\u00c3O NA PRODU\u00c7\u00c3O DE ADESIVOS T\u00d3PICOS<\/span><\/strong><\/h3>\n<\/td>\n<\/tr>\n<tr style=\"height: 24px\">\n<td style=\"width: 50%;height: 24px\" colspan=\"2\">\n<hr \/>\n<p style=\"text-align: justify\"><strong>RESUMO<\/strong>: A presente inven\u00e7\u00e3o diz respeito a um processo para a prepara\u00e7\u00e3o de mon\u00f4meros de cianoacrilatos desde a s\u00edntese dos \u00e9steres, que s\u00e3o preparados utilizando o \u00e1cido de Lewis de baixo custo NbCl5 e relata ainda a prepara\u00e7\u00e3o de pol\u00edmeros de cianoacrilato atrav\u00e9s do uso de um biocatalisador (enzima pancre\u00e1tica su\u00edno). Al\u00e9m disso, para o melhoramento de algumas caracter\u00edsticas f\u00edsicas dos produtos sintetizados como cor e odor, foram acrescentados dois agentes, o violeta genciana que confere ao produto uma colora\u00e7\u00e3o azul e \u00e9 um agente antif\u00fangico e bacteric\u00edda e o<em> trans<\/em>-cinamalde\u00eddo que fornece ao produto um odor agrad\u00e1vel de canela.<\/p>\n<\/td>\n<\/tr>\n<tr style=\"height: 24px\">\n<td style=\"width: 50%;height: 24px;text-align: right;border-style: dotted;border-color: #8c8787\"><strong>N\u00famero:<\/strong><\/td>\n<td style=\"width: 50%;height: 24px;border-style: dotted;border-color: #8c8787\">BR 102012016838-3 B1<\/td>\n<\/tr>\n<tr style=\"height: 24px\">\n<td style=\"width: 50%;height: 24px;text-align: right;border-style: dotted;border-color: #8c8787\"><strong>Data da concess\u00e3o:<\/strong><\/td>\n<td style=\"width: 50%;height: 24px;border-style: dotted;border-color: #8c8787\">18\/10\/2022<\/td>\n<\/tr>\n<tr>\n<td style=\"width: 50%;text-align: right;border-style: dotted;border-color: #8c8787\"><strong>Inventores:<\/strong><\/td>\n<td style=\"width: 50%;border-style: dotted;border-color: #8c8787\">D\u00eanis Pires de Lima<br \/>\nAdilson Beatriz<br \/>\nRosangela da Silva Lopes<\/td>\n<\/tr>\n<tr>\n<td style=\"width: 50%;text-align: right;border-style: dotted;border-color: #8c8787\"><strong>Laborat\u00f3rio associado:<\/strong><\/td>\n<td style=\"width: 50%;border-style: dotted;border-color: #8c8787\"><a href=\"https:\/\/sintmol.ufms.br\/\" target=\"_blank\" rel=\"noopener\">SINTMOL<\/a><\/td>\n<\/tr>\n<\/tbody>\n<\/table>\n<p>&nbsp;<\/p>\n<hr \/>\n<h3>Em exame pelo INPI<\/h3>\n<table style=\"height: 378px;width: 100%;border-style: solid;border-color: #000000\" width=\"100%\">\n<tbody>\n<tr style=\"height: 32px\">\n<td style=\"background-color: #cae6e4;width: 19%\" width=\"19%\">Pedido<\/td>\n<td style=\"background-color: #cae6e4;width: 11%\" width=\"11%\">Dep\u00f3sito<\/td>\n<td style=\"background-color: #cae6e4;width: 59%\" width=\"59%\">T\u00edtulo<\/td>\n<td style=\"background-color: #cae6e4;width: 10%\" width=\"10%\">IPC<\/td>\n<\/tr>\n<tr style=\"height: 104px\">\n<td style=\"width: 19%\" width=\"19%\">BR 10 2017 027264 8<\/td>\n<td style=\"width: 11%\" width=\"11%\">18\/12\/2017<\/td>\n<td style=\"width: 59%\" width=\"59%\">PROCESSO PARA S\u00cdNTESE DE SURFACTANTES DE LCC T\u00c9CNICO, EMULS\u00d5ES INSETICIDAS E DERIVADOS DE LCC PARA CONTROLE POPULACIONAL DO MOSQUITO AEDES AEGYPTI (DIPTERA: CULICIDAE) E INSETOS DE CICLO REPRODUTIVO SIMILARES E\/OU SUSCEPT\u00cdVE\u00cdS<\/td>\n<td style=\"width: 10%\" width=\"10%\">A01N 41\/04<\/td>\n<\/tr>\n<tr style=\"height: 104px\">\n<td style=\"background-color: #cae6e4;width: 19%\" width=\"19%\">BR 10 2017 026738 5<\/td>\n<td style=\"background-color: #cae6e4;width: 11%\" width=\"11%\">12\/12\/2017<\/td>\n<td style=\"background-color: #cae6e4;width: 59%\" width=\"59%\">MISTURA GLICEROL &#8211; SAL DE CU(II)\/COMPLEXO GLICEROL &#8211; CU(II)(CONTRA\u00cdONS) COMO INSETICIDA PARA SUPRESS\u00c3O\/CONTROLE POPULACIONAL DE INSETOS VETORES E PRAGAS AGR\u00cdCOLAS<\/td>\n<td style=\"background-color: #cae6e4;width: 10%\" width=\"10%\">A01N 55\/02<\/td>\n<\/tr>\n<tr style=\"height: 104px\">\n<td style=\"width: 19%\" width=\"19%\">BR 10 2017 024441 5<\/td>\n<td style=\"width: 11%\" width=\"11%\">14\/11\/2017<\/td>\n<td style=\"width: 59%\" width=\"59%\">PROCESSO DE S\u00cdNTESE DE UM COMPOSTO IODADO E USO DE OUTROS DERIVADOS DO CARDANOL COMO LARVICIDAS PARA CONTROLE POPULACIONAL DO MOSQUITO AEDES AEGYPTI E OUTROS CULIC\u00cdDEOS<\/td>\n<td style=\"width: 10%\" width=\"10%\">C07C 29\/62<\/td>\n<\/tr>\n<tr style=\"height: 56px\">\n<td style=\"background-color: #cae6e4;width: 19%\" width=\"19%\">BR 10 2017 014413 5<\/td>\n<td style=\"background-color: #cae6e4;width: 11%\" width=\"11%\">03\/07\/2017<\/td>\n<td style=\"background-color: #cae6e4;width: 59%\" width=\"59%\">S\u00cdNTESE DE UMA NOVA NORCANTARIMIDA COM POTENCIAL ANTINEOPL\u00c1SICO<\/td>\n<td style=\"background-color: #cae6e4;width: 10%\" width=\"10%\">C07D 403\/04<\/td>\n<\/tr>\n<tr style=\"height: 80px\">\n<td style=\"width: 19%\" width=\"19%\">BR 10 2017 008817 0<\/td>\n<td style=\"width: 11%\" width=\"11%\">27\/04\/2017<\/td>\n<td style=\"width: 59%\" width=\"59%\">PROCESSO DE ACETILA\u00c7\u00c3O ENZIM\u00c1TICA A PARTIR DE AMINAS AROM\u00c1TICAS COM UTILIZA\u00c7\u00c3O DE FUNGOS<\/td>\n<td style=\"width: 10%\" width=\"10%\">C12P 19\/26<\/td>\n<\/tr>\n<tr style=\"height: 80px\">\n<td style=\"background-color: #cae6e4;width: 19%\" width=\"19%\">BR 10 2016 029220 4<\/td>\n<td style=\"background-color: #cae6e4;width: 11%\" width=\"11%\">02\/12\/2016<\/td>\n<td style=\"background-color: #cae6e4;width: 59%\" width=\"59%\">PROCESSO DE S\u00cdNTESE DE ISOCUMARINAS UTILIZANDO NANOPART\u00cdCULAS DE PAL\u00c1DIO SUPORTADO EM \u00d3XIDO DE GRAFENO REDUZIDO<\/td>\n<td style=\"background-color: #cae6e4;width: 10%\" width=\"10%\">C07B 63\/02<\/td>\n<\/tr>\n<tr style=\"height: 80px\">\n<td style=\"width: 19%\" width=\"19%\">BR 10 2016 027701 9<\/td>\n<td style=\"width: 11%\" width=\"11%\">16\/11\/2016<\/td>\n<td style=\"width: 59%\" width=\"59%\">PROCESSO DE PURIFICA\u00c7\u00c3O E RECUPERA\u00c7\u00c3O DA EFICI\u00caNCIA CATAL\u00cdTICA DE CATALISADORES A BASE DE PD SUPORTADOS EM CARBONO<\/td>\n<td style=\"width: 10%\" width=\"10%\">B01J 21\/18<\/td>\n<\/tr>\n<tr style=\"height: 56px\">\n<td style=\"background-color: #cae6e4;width: 19%\" width=\"19%\">BR 10 2015 028438 1<\/td>\n<td style=\"background-color: #cae6e4;width: 11%\" width=\"11%\">06\/11\/2015<\/td>\n<td style=\"background-color: #cae6e4;width: 59%\" width=\"59%\">NOVOS DERIVADOS DA NAFTOQUINONA E AVALIA\u00c7\u00c3O DE SUAS ATIVIDADES TRIPANOCIDA<\/td>\n<td style=\"background-color: #cae6e4;width: 10%\" width=\"10%\">C07D 311\/74<\/td>\n<\/tr>\n<tr style=\"height: 104px\">\n<td style=\"width: 19%\" width=\"19%\">BR 10 2015 011381 1<\/td>\n<td style=\"width: 11%\" width=\"11%\">11\/05\/2015<\/td>\n<td style=\"width: 59%\" width=\"59%\">N-ACETILA\u00c7\u00c3O DE AMINAS AROM\u00c1TICAS PELA A\u00c7\u00c3O DE N-ACETILTRANSFERASES PRODUZIDAS POR ASPERGILLUS JAPONICUS: UMA FERRAMENTA PARA BIORREMEDIA\u00c7\u00c3O E PREPARA\u00c7\u00c3O DE PRODUTOS BIOATIVOS<\/td>\n<td style=\"width: 10%\" width=\"10%\">C12P 13\/02<\/td>\n<\/tr>\n<tr style=\"height: 80px\">\n<td style=\"background-color: #cae6e4;width: 19%\" width=\"19%\">BR 10 2015 007233 3<\/td>\n<td style=\"background-color: #cae6e4;width: 11%\" width=\"11%\">16\/03\/2015<\/td>\n<td style=\"background-color: #cae6e4;width: 59%\" width=\"59%\">PROCESSO DE PRODU\u00c7\u00c3O E USO DE MISTURAS DE SURFACTANTES I\u00d4NICOS DO L\u00cdQUIDO DA CASCA DA CASTANHA DO CAJU E DO \u00d3LEO DE MAMONA COMO LARVICIDA<\/td>\n<td style=\"background-color: #cae6e4;width: 10%\" width=\"10%\">A01N 25\/30<\/td>\n<\/tr>\n<tr style=\"height: 104px\">\n<td style=\"width: 19%\" width=\"19%\">BR 10 2015 010539 8<\/td>\n<td style=\"width: 11%\" width=\"11%\">03\/02\/2015<\/td>\n<td style=\"width: 59%\" width=\"59%\">PROCESSO DE S\u00cdNTESE DE NOVA CITOSPORONA E AN\u00c1LOGOS E SUAS APLICA\u00c7\u00d5ES COMO ADJUVANTES NA TERAPIA CONTRA O C\u00c2NCER, POTENCIALIZANDO OS EFEITOS DA CICLOFOSFAMIDA<\/td>\n<td style=\"width: 10%\" width=\"10%\">C07D 307\/83<\/td>\n<\/tr>\n<\/tbody>\n<\/table>\n<hr \/>\n<p style=\"text-align: justify\"><em><strong>Interessado em nossas patentes?<\/strong><\/em> Entre em contato com a Coordena\u00e7\u00e3o de Inova\u00e7\u00e3o e Transfer\u00eancia de Tecnologia:<\/p>\n<p style=\"text-align: justify\">E-mail:<br \/>\nFone:<\/p>\n<hr \/>\n<p><img loading=\"lazy\" decoding=\"async\" class=\"aligncenter wp-image-1413 size-full\" src=\"https:\/\/cibsint.ufms.br\/files\/2024\/12\/Logotipo-CIBSint-com-descricao-original.png\" alt=\"\" width=\"6312\" height=\"1848\" srcset=\"https:\/\/cibsint.ufms.br\/files\/2024\/12\/Logotipo-CIBSint-com-descricao-original.png 6312w, https:\/\/cibsint.ufms.br\/files\/2024\/12\/Logotipo-CIBSint-com-descricao-original-300x88.png 300w, https:\/\/cibsint.ufms.br\/files\/2024\/12\/Logotipo-CIBSint-com-descricao-original-1024x300.png 1024w, https:\/\/cibsint.ufms.br\/files\/2024\/12\/Logotipo-CIBSint-com-descricao-original-768x225.png 768w, https:\/\/cibsint.ufms.br\/files\/2024\/12\/Logotipo-CIBSint-com-descricao-original-1536x450.png 1536w, https:\/\/cibsint.ufms.br\/files\/2024\/12\/Logotipo-CIBSint-com-descricao-original-2048x600.png 2048w, https:\/\/cibsint.ufms.br\/files\/2024\/12\/Logotipo-CIBSint-com-descricao-original-730x214.png 730w\" sizes=\"(max-width: 6312px) 100vw, 6312px\" \/><\/p>\n","protected":false},"excerpt":{"rendered":"<p>Concedidas &nbsp; PROCESSO PARA A OBTEN\u00c7\u00c3O DE UM GEL A PARTIR DA OZONIZA\u00c7\u00c3O DE \u00d3LEOS VEGETAIS RESUMO: Esta inven\u00e7\u00e3o est\u00e1 vinculada \u00e0 ind\u00fastria qu\u00edmica, farmac\u00eautica, cosm\u00e9tica e de produtos veterin\u00e1rios, de acordo com os \u00edndices a61k, a61p e c07c da classifica\u00e7\u00e3o internacional de patentes. O produto obtido neste processo tem aplica\u00e7\u00f5es farmac\u00eauticas, veterin\u00e1rias, cosm\u00e9ticas e [&hellip;]<\/p>\n","protected":false},"author":126,"featured_media":0,"parent":36,"menu_order":0,"comment_status":"closed","ping_status":"closed","template":"page-templates\/full-width.php","meta":{"_acf_changed":false,"ngg_post_thumbnail":0,"footnotes":""},"coauthors":[],"class_list":["post-119","page","type-page","status-publish","hentry"],"acf":[],"_links":{"self":[{"href":"https:\/\/cibsint.ufms.br\/en\/wp-json\/wp\/v2\/pages\/119","targetHints":{"allow":["GET"]}}],"collection":[{"href":"https:\/\/cibsint.ufms.br\/en\/wp-json\/wp\/v2\/pages"}],"about":[{"href":"https:\/\/cibsint.ufms.br\/en\/wp-json\/wp\/v2\/types\/page"}],"author":[{"embeddable":true,"href":"https:\/\/cibsint.ufms.br\/en\/wp-json\/wp\/v2\/users\/126"}],"replies":[{"embeddable":true,"href":"https:\/\/cibsint.ufms.br\/en\/wp-json\/wp\/v2\/comments?post=119"}],"version-history":[{"count":75,"href":"https:\/\/cibsint.ufms.br\/en\/wp-json\/wp\/v2\/pages\/119\/revisions"}],"predecessor-version":[{"id":1419,"href":"https:\/\/cibsint.ufms.br\/en\/wp-json\/wp\/v2\/pages\/119\/revisions\/1419"}],"up":[{"embeddable":true,"href":"https:\/\/cibsint.ufms.br\/en\/wp-json\/wp\/v2\/pages\/36"}],"wp:attachment":[{"href":"https:\/\/cibsint.ufms.br\/en\/wp-json\/wp\/v2\/media?parent=119"}],"wp:term":[{"taxonomy":"author","embeddable":true,"href":"https:\/\/cibsint.ufms.br\/en\/wp-json\/wp\/v2\/coauthors?post=119"}],"curies":[{"name":"wp","href":"https:\/\/api.w.org\/{rel}","templated":true}]}}