{"id":1097,"date":"2024-04-29T10:16:28","date_gmt":"2024-04-29T14:16:28","guid":{"rendered":"https:\/\/cibsint.ufms.br\/?page_id=1097"},"modified":"2024-12-28T09:36:54","modified_gmt":"2024-12-28T13:36:54","slug":"laboratorios-colaboradores","status":"publish","type":"page","link":"https:\/\/cibsint.ufms.br\/en\/laboratorios-associados\/laboratorios-colaboradores\/","title":{"rendered":"Laborat\u00f3rios Colaboradores"},"content":{"rendered":"<hr \/>\n<h3><a href=\"https:\/\/inbio.ufms.br\/laboratorios\/lbq\/\" target=\"_blank\" rel=\"noopener\">LBq &#8211; Laborat\u00f3rio de Bioqu\u00edmica Geral e de Microrganismos &#8211; Unidade Setorial: Instituto de Bioensaios (INBIO)<\/a><\/h3>\n<p>O LBq desenvolve pesquisas na \u00e1rea de biotecnologia aplicada \u00e0 sa\u00fade humana e animal e ao desenvolvimento de produtos, processos e servi\u00e7os.<\/p>\n<p>Alguns exemplos s\u00e3o:<\/p>\n<ul>\n<li>Bioprospec\u00e7\u00e3o de cepas microbianas capazes de combater microrganismos fitopatog\u00eanicos como o fungo Sclerotinia sclerotiorum e tamb\u00e9m promover o crescimento de plantas;<\/li>\n<li>Aplica\u00e7\u00e3o de microrganismos em processos de biotransforma\u00e7\u00e3o para a produ\u00e7\u00e3o de ingredientes utilizados nas ind\u00fastrias farmac\u00eautica e de alimentos;<\/li>\n<li>Utiliza\u00e7\u00e3o de microrganismos para a biorremedia\u00e7\u00e3o de ambientes contaminados por aminas arom\u00e1ticas;<\/li>\n<li>Bioprospec\u00e7\u00e3o de microrganismos para o controle biol\u00f3gico de pragas que atingem a pecu\u00e1ria.<\/li>\n<\/ul>\n<hr \/>\n<h3 style=\"text-align: justify\"><a href=\"https:\/\/sisfoton.ufms.br\/\" target=\"_blank\" rel=\"noopener\"><strong>SISF\u00d3TON\/UFMS &#8211; Laborat\u00f3rio de \u00d3ptica e Fot\u00f4nica \u2013 Unidade Setorial: Instituto de F\u00edsica (INFI)<\/strong><\/a><\/h3>\n<p style=\"text-align: justify\">\u00c9 um laborat\u00f3rio de excel\u00eancia, que integram o Sistema Nacional de Laborat\u00f3rios de Fot\u00f4nica (Sisf\u00f3ton-MCTI). O SISF\u00d3TON\/UFMS tem o compromisso de contribuir para alavancar a industrializa\u00e7\u00e3o e o desenvolvimento de processos inovadores na \u00e1rea de biofot\u00f4nica associada a intelig\u00eancia artificial.\u00a0 O laborat\u00f3rio possui infraestrutura para preparo de amostras gerais, estocagem e caracteriza\u00e7\u00e3o em diversas t\u00e9cnicas espectrosc\u00f3picas (absor\u00e7\u00e3o UV-vis, fluoresc\u00eancia no estado estacion\u00e1rio, fluoresc\u00eancia resolvida no tempo, FTIR, LIBS, Raman, etc.). Possui tamb\u00e9m infraestrutura para an\u00e1lises de amostras biol\u00f3gicas (\u00e1rea de Biofot\u00f4nica) e infraestrutura para crescimento de plantas e microrganismos, manipula\u00e7\u00e3o de amostras biol\u00f3gicas, armazenamento de amostras e ensaios de fotoinativa\u00e7\u00e3o, sistema de imagem de fluoresc\u00eancia da clorofila <em>A,<\/em> etc.\u00a0 Ademais, o lab.\u00a0 conta com uma infraestrutura suplementar para preparo de materiais (p\u00f3 ou filme fino) em geral, fornos de tratamento t\u00e9rmico em atmosfera controlada (redutora ou oxidante), caracteriza\u00e7\u00e3o estrutural por microsc\u00f3pios de alta resolu\u00e7\u00e3o (MEV e AFM), e fontes de luz (simulador solar, fontes de UV e LEDs) para aplica\u00e7\u00f5es fotoqu\u00edmicas e fotoeletroqu\u00edmicas e impressora 3D.<\/p>\n<hr \/>\n<h3 style=\"text-align: justify\"><a href=\"https:\/\/infi.ufms.br\/lnna-desenvolve-nanomateriais-para-aplicacoes-tecnologicas\/\" target=\"_blank\" rel=\"noopener\"><strong>LNNA &#8211; Laborat\u00f3rio de Tecnologias Avan\u00e7adas em Energia e Sustentabilidade \u2013 Unidade Setorial: Instituto de F\u00edsica (INFI)<\/strong><\/a><\/h3>\n<p style=\"text-align: justify\">O LNNA tem foco no estudo e gera\u00e7\u00e3o de novos dispositivos e tecnologias envolvendo nanomateriais voltadas ao desenvolvimento de novos materiais nanoestruturados, materiais semicondutores nanoestruturados, crescimento de materiais nanoestruturados bidimensionais e materiais magn\u00e9ticos aplicados em hipertermia.<\/p>\n<hr \/>\n<h3 style=\"text-align: justify\"><a href=\"https:\/\/inqui.ufms.br\/laboratorio-multiusuario-de-analise-termica-labat\/laboratorios\/multiusuario-de-ressonancia-magnetica-nuclear-labrmn\/\" target=\"_blank\" rel=\"noopener\"><strong>LabRMN &#8211; Laborat\u00f3rio de Resson\u00e2ncia Magn\u00e9tica Nuclear &#8211; Unidade Setorial: Instituto de Qu\u00edmica (INQUI)<\/strong><\/a><\/h3>\n<p style=\"text-align: justify\">Equipe com experi\u00eancia na \u00e1rea de RMN, com destaque no estudo das t\u00e9cnicas de RMN, aquisi\u00e7\u00e3o de experimentos de amostras em solu\u00e7\u00e3o e heterog\u00eaneas (HR-MAS) e RMN multinuclear, atuando nas \u00e1reas de Quimiometria e metabol\u00f4mica.<\/p>\n<hr \/>\n<h3 style=\"text-align: justify\"><strong>LabDIP &#8211; Laborat\u00f3rio de Doen\u00e7as Infecciosas e Parasit\u00e1rias \u2013 Unidade Setorial: Faculdade de Medicina (FAMED)<\/strong><\/h3>\n<p style=\"text-align: justify\">O LabDIP, vinculado \u00e0 Faculdade de Medicina da UFMS, \u00e9 reconhecido pela excel\u00eancia em testes diagn\u00f3sticos avan\u00e7ados, pesquisa aplicada e compromisso com o SUS. Sua equipe de especialistas promove avan\u00e7os cient\u00edficos significativos, focando em solu\u00e7\u00f5es inovadoras para sa\u00fade p\u00fablica. Com atua\u00e7\u00e3o local, nacional e internacional, o LabDIP se destaca em diagn\u00f3sticos precisos, extens\u00e3o, tradu\u00e7\u00e3o do conhecimento, entendimento da rela\u00e7\u00e3o parasito-hospedeiro, desenvolvimento de estrat\u00e9gias de diagn\u00f3stico e tratamento.<\/p>\n<hr \/>\n<h3 style=\"text-align: justify\"><strong>LMMB &#8211; Laborat\u00f3rio de Metabolismo Mineral e Biomaterial &#8211; Unidade Setorial: Faculdade de Medicina (FAMED)<\/strong><\/h3>\n<p style=\"text-align: justify\">O LMMB tem como objetivo desenvolver pesquisas envolvendo a quantifica\u00e7\u00e3o de macro e microelementos em plantas medicinais utilizadas pela popula\u00e7\u00e3o sul-mato-grossense e de outras regi\u00f5es do pa\u00eds, projetos abordando a qualidade de medicamentos, qualidade de biomateriais, plantas aqu\u00e1ticas, \u00e1guas de rios e vegeta\u00e7\u00f5es pr\u00f3ximos as regi\u00f5es da Fronteira entre Brasil e Paraguai.<\/p>\n<hr \/>\n<h3 style=\"text-align: justify\"><strong>Laqua &#8211; Laborat\u00f3rio de Qualidade Ambiental \u2013 Unidade Setorial: Faculdade de Engenharias, Arquitetura e Urbanismo e Geografia (FAENG)<\/strong><\/h3>\n<p style=\"text-align: left\">O Laqua da UFMS realiza ensaios anal\u00edticos e testes relacionados \u00e0 caracteriza\u00e7\u00e3o, tratabilidade e investiga\u00e7\u00e3o de impactos sobre a qualidade de \u00e1guas naturais superficiais e subterr\u00e2neas, tratamento de \u00e1gua e efluentes dom\u00e9sticos e industriais. Sua atua\u00e7\u00e3o \u00e9 fundamental para a pesquisa, ensino e extens\u00e3o universit\u00e1ria, fomentando a gera\u00e7\u00e3o de dados para a produ\u00e7\u00e3o cient\u00edfica de v\u00e1rios programas de p\u00f3s-gradua\u00e7\u00e3o, na troca de experi\u00eancias com a comunidade e no apoio em aulas pr\u00e1ticas.<\/p>\n<hr \/>\n<h3 style=\"text-align: justify\"><strong>LABCOM-MS &#8211; Laborat\u00f3rio de Combust\u00edveis &#8211; Unidade Setorial: Instituto de Qu\u00edmica (INQUI)<\/strong><\/h3>\n<p style=\"text-align: justify\">Laborat\u00f3rio de P&amp;D em qu\u00edmica de combust\u00edveis e biocombust\u00edveis, desenvolvimento de metodologia anal\u00edtica e preparo de amostras.<\/p>\n<hr \/>\n<p><img fetchpriority=\"high\" decoding=\"async\" class=\"aligncenter wp-image-1413 size-full\" src=\"https:\/\/cibsint.ufms.br\/files\/2024\/12\/Logotipo-CIBSint-com-descricao-original.png\" alt=\"\" width=\"6312\" height=\"1848\" srcset=\"https:\/\/cibsint.ufms.br\/files\/2024\/12\/Logotipo-CIBSint-com-descricao-original.png 6312w, https:\/\/cibsint.ufms.br\/files\/2024\/12\/Logotipo-CIBSint-com-descricao-original-300x88.png 300w, https:\/\/cibsint.ufms.br\/files\/2024\/12\/Logotipo-CIBSint-com-descricao-original-1024x300.png 1024w, https:\/\/cibsint.ufms.br\/files\/2024\/12\/Logotipo-CIBSint-com-descricao-original-768x225.png 768w, https:\/\/cibsint.ufms.br\/files\/2024\/12\/Logotipo-CIBSint-com-descricao-original-1536x450.png 1536w, https:\/\/cibsint.ufms.br\/files\/2024\/12\/Logotipo-CIBSint-com-descricao-original-2048x600.png 2048w, https:\/\/cibsint.ufms.br\/files\/2024\/12\/Logotipo-CIBSint-com-descricao-original-730x214.png 730w\" sizes=\"(max-width: 6312px) 100vw, 6312px\" \/><\/p>\n","protected":false},"excerpt":{"rendered":"<p>LBq &#8211; Laborat\u00f3rio de Bioqu\u00edmica Geral e de Microrganismos &#8211; Unidade Setorial: Instituto de Bioensaios (INBIO) O LBq desenvolve pesquisas na \u00e1rea de biotecnologia aplicada \u00e0 sa\u00fade humana e animal e ao desenvolvimento de produtos, processos e servi\u00e7os. Alguns exemplos s\u00e3o: Bioprospec\u00e7\u00e3o de cepas microbianas capazes de combater microrganismos fitopatog\u00eanicos como o fungo Sclerotinia sclerotiorum [&hellip;]<\/p>\n","protected":false},"author":126,"featured_media":0,"parent":19,"menu_order":0,"comment_status":"closed","ping_status":"closed","template":"","meta":{"_acf_changed":false,"ngg_post_thumbnail":0,"footnotes":""},"coauthors":[],"class_list":["post-1097","page","type-page","status-publish","hentry"],"acf":[],"_links":{"self":[{"href":"https:\/\/cibsint.ufms.br\/en\/wp-json\/wp\/v2\/pages\/1097","targetHints":{"allow":["GET"]}}],"collection":[{"href":"https:\/\/cibsint.ufms.br\/en\/wp-json\/wp\/v2\/pages"}],"about":[{"href":"https:\/\/cibsint.ufms.br\/en\/wp-json\/wp\/v2\/types\/page"}],"author":[{"embeddable":true,"href":"https:\/\/cibsint.ufms.br\/en\/wp-json\/wp\/v2\/users\/126"}],"replies":[{"embeddable":true,"href":"https:\/\/cibsint.ufms.br\/en\/wp-json\/wp\/v2\/comments?post=1097"}],"version-history":[{"count":7,"href":"https:\/\/cibsint.ufms.br\/en\/wp-json\/wp\/v2\/pages\/1097\/revisions"}],"predecessor-version":[{"id":1437,"href":"https:\/\/cibsint.ufms.br\/en\/wp-json\/wp\/v2\/pages\/1097\/revisions\/1437"}],"up":[{"embeddable":true,"href":"https:\/\/cibsint.ufms.br\/en\/wp-json\/wp\/v2\/pages\/19"}],"wp:attachment":[{"href":"https:\/\/cibsint.ufms.br\/en\/wp-json\/wp\/v2\/media?parent=1097"}],"wp:term":[{"taxonomy":"author","embeddable":true,"href":"https:\/\/cibsint.ufms.br\/en\/wp-json\/wp\/v2\/coauthors?post=1097"}],"curies":[{"name":"wp","href":"https:\/\/api.w.org\/{rel}","templated":true}]}}